{"id":22287,"date":"2018-08-27T09:23:18","date_gmt":"2018-08-27T09:23:18","guid":{"rendered":"https:\/\/kulaberlin.com\/ueber-kula\/"},"modified":"2025-09-20T17:56:55","modified_gmt":"2025-09-20T17:56:55","slug":"ueber-kula","status":"publish","type":"page","link":"https:\/\/kulaberlin.com\/de\/ueber-kula\/","title":{"rendered":"\u00dcBER KULA"},"content":{"rendered":"<div class=\"wpb-content-wrapper\"><p>[vc_row css=&#8220;.vc_custom_1530089427958{margin-bottom: 70px !important;}&#8220;][vc_column width=&#8220;1\/6&#8243; offset=&#8220;vc_hidden-sm vc_hidden-xs&#8220;]<span class=\"konte-dash text-default   vc_custom_1535361883015\"><span class=\"konte-dash__line\"><\/span><\/span>[\/vc_column][vc_column offset=&#8220;vc_col-lg-8 vc_col-md-8&#8243;][vc_custom_heading text=&#8220;Das Unternehmen&#8220; use_theme_fonts=&#8220;yes&#8220; css=&#8220;.vc_custom_1535361860420{margin-bottom: 35px !important;}&#8220;][vc_column_text]Wir engagieren uns f\u00fcr diejenigen, die ihre Umgebung verantwortungsvoll kreieren wollen. Inspiriert durch Geschichten von Handwerkern und Reisenden wurde KULA 2018 auf einem Road Trip zwischen Istanbul und Berlin gegr\u00fcndet. KULA bietet eine alternative Version des Einzelhandels.<\/p>\n<p>Wir w\u00e4hlen Designs von lokalen kleinen Herstellern und produzieren unsere Betonitems in unserem Atelier in Berlin. Hohe Qualit\u00e4t, au\u00dfergew\u00f6hnliche Neuheiten, die gut funktionieren und Langlebigkeit sind uns wichtig.<\/p>\n<p>Wir haben die Vision, Berge in M\u00f6glichkeiten zu wandeln, das Unm\u00f6gliche m\u00f6glich machen. Auf dem Weg zum Gipfel des Berges suchen wir die innere Kraft, um weiterzumachen.<\/p>\n<p>In diesem unglaublichen Moment, in dem unsere Vision wirklichkeit wird, wollen wir dieses mit Euch teilen.<\/p>\n<p>Herzlichen Dank f\u00fcr Euren support!<\/p>\n<p>Jane &amp; Okan[\/vc_column_text][\/vc_column][vc_column width=&#8220;1\/6&#8243; offset=&#8220;vc_hidden-sm vc_hidden-xs&#8220;][\/vc_column][\/vc_row][vc_row css=&#8220;.vc_custom_1530089451483{margin-bottom: 30px !important;}&#8220;][vc_column width=&#8220;1\/6&#8243; offset=&#8220;vc_hidden-sm vc_hidden-xs&#8220;][\/vc_column][vc_column width=&#8220;1\/3&#8243; offset=&#8220;vc_col-lg-3 vc_col-md-3&#8243;][vc_custom_heading text=&#8220;Unsere Mission&#8220; font_container=&#8220;tag:h4|text_align:left&#8220; use_theme_fonts=&#8220;yes&#8220;][vc_empty_space height=&#8220;30px&#8220;][\/vc_column][vc_column width=&#8220;2\/3&#8243; offset=&#8220;vc_col-lg-5 vc_col-md-5&#8243;][vc_column_text]Das Handwerk wurde \u00fcber Generationen an die n\u00e4chste Generation weitergegeben. In unseren Kreationen wollen wir das Handwerk ehren und mit Tradition arbeiten. Handwerken wie fr\u00fcher, mit den Ideen von heute.[\/vc_column_text][\/vc_column][vc_column width=&#8220;1\/6&#8243; offset=&#8220;vc_hidden-sm vc_hidden-xs&#8220;][\/vc_column][\/vc_row][vc_row][vc_column width=&#8220;1\/6&#8243; offset=&#8220;vc_hidden-sm vc_hidden-xs&#8220;][\/vc_column][vc_column width=&#8220;1\/3&#8243; offset=&#8220;vc_col-lg-3 vc_col-md-3&#8243;][vc_custom_heading text=&#8220;Unsere Vision&#8220; font_container=&#8220;tag:h4|text_align:left&#8220; use_theme_fonts=&#8220;yes&#8220;][vc_empty_space height=&#8220;30px&#8220;][\/vc_column][vc_column width=&#8220;2\/3&#8243; offset=&#8220;vc_col-lg-5 vc_col-md-5&#8243;][vc_column_text]Wir haben die Vision, Berge in M\u00f6glichkeiten zu wandeln, das Unm\u00f6gliche m\u00f6glich machen. Auf dem Weg zum Gipfel des Berges suchen wir die innere Kraft, um weiterzumachen.[\/vc_column_text][\/vc_column][vc_column width=&#8220;1\/6&#8243; offset=&#8220;vc_hidden-sm vc_hidden-xs&#8220;][\/vc_column][\/vc_row][vc_row][vc_column][vc_empty_space height=&#8220;80px&#8220;][\/vc_column][\/vc_row][vc_section full_width=&#8220;stretch_left&#8220; css=&#8220;.vc_custom_1559152298868{padding-top: 260px !important;background-image: url(https:\/\/kulaberlin.com\/wp-content\/uploads\/2019\/05\/IMG_20190227_114107-1.jpg?id=1811) !important;background-position: center !important;background-repeat: no-repeat !important;background-size: cover !important;}&#8220;][vc_row][vc_column width=&#8220;1\/3&#8243; offset=&#8220;vc_col-lg-5 vc_col-md-5&#8243;][\/vc_column][vc_column width=&#8220;2\/3&#8243; css=&#8220;.vc_custom_1541649465949{margin-right: -15px !important;padding-top: 80px !important;padding-right: 100px !important;padding-bottom: 100px !important;padding-left: 100px !important;background-color: #ffffff !important;}&#8220; offset=&#8220;vc_col-lg-7 vc_col-md-7&#8243; el_class=&#8220;the-founder&#8220;]<span class=\"konte-dash text-default   \"><span class=\"konte-dash__line\"><\/span><\/span>[vc_empty_space height=&#8220;105px&#8220;][vc_custom_heading text=&#8220;Die Gr\u00fcnder&#8220; font_container=&#8220;tag:h4|text_align:left&#8220; use_theme_fonts=&#8220;yes&#8220; css=&#8220;.vc_custom_1559129750837{margin-bottom: 25px !important;}&#8220;][vc_column_text]Okan G\u00f6kg\u00f6z and Jane Katharina di Renzo sind zwei Vision\u00e4re.<\/p>\n<p>&#8222;Wir m\u00f6chten gemeinsam mit dir einen nachhatligen Lebensraum schaffen. Wir glauben, dass nur die Gemeinschaft etwas Gutes bewirken kann.&#8220;<\/p>\n<p>Okan ist Gr\u00fcnder des Lemur Store, Concept Store im Herzen von Istanbul, T\u00fcrkei. Jane gr\u00fcndete &#8222;Don&#8217;t Wait&#8220;, ein konsultiertes und kuratiertes Unternehmen, das Menschen aus verschiedenen Disziplinen und L\u00e4ndern zusammenbringt.<\/p>\n<p>Beide gr\u00fcndeten KULA BERLIN auf einem Roadtrip von Berlin nach Istanbul. In dem Moment, als sie Handwerker besuchten und die Sch\u00f6nheit der Details beobachten, begannen sie zu tr\u00e4umen, diese Sch\u00f6nheit zu dir nach Hause zu bringen.<\/p>\n<p>Okan und Jane erkannten, dass es in Berlin keinen Ort gab, an dem das Beste aus der Welt des Handwerks mit dem Genuss von gutem Essen zusammen angeboten wurde.<\/p>\n<p>Vielen Dank an unsere Familie, Freunde und Kunden, die dieses Projekt erm\u00f6glicht haben.[\/vc_column_text][vc_custom_heading text=&#8220;Jane &amp; Okan&#8220; font_container=&#8220;tag:h6|font_size:12px|text_align:left&#8220; use_theme_fonts=&#8220;yes&#8220; css=&#8220;.vc_custom_1559129732221{margin-top: 10px !important;}&#8220;][\/vc_column][\/vc_row][\/vc_section][vc_row][vc_column][vc_empty_space height=&#8220;165px&#8220;][\/vc_column][\/vc_row][vc_row][vc_column offset=&#8220;vc_col-lg-4 vc_col-md-4&#8243;]<div class=\"konte-icon-box icon-type-external box-align-left   \">\n\t\t\t\t<div class=\"konte-icon-box__icon\"><img decoding=\"async\" alt=\"Nachhaltigkeit\" src=\"https:\/\/konte.uix.store\/demo-images\/customer.svg\"><\/div>\n\t\t\t\t<h4 class=\"konte-icon-box__title\" >Nachhaltigkeit<\/h4>\n\t\t\t\t<div class=\"konte-icon-box__content\"><p>Bei nachhaltigem Verbrauch und nachhaltiger Produktion geht es um Ressourcen- und Energieeffizienz, nachhaltige Infrastruktur, gr\u00fcne und menschenw\u00fcrdige Arbeitspl\u00e4tze und eine bessere Lebensqualit\u00e4t f\u00fcr alle zu f\u00f6rdern. Es senkt die k\u00fcnftigen wirtschaftlichen, \u00f6kologischen und sozialen Kosten, st\u00e4rkt die wirtschaftliche Wettbewerbsf\u00e4higkeit und verringert die Armut.<\/p>\n<p>F\u00fcr die Herstellung von Stoffen zahlen wir unseren Herstellern europ\u00e4ische Preise.<\/p>\n<\/div>\n\t\t\t<\/div>[vc_empty_space height=&#8220;30px&#8220;][\/vc_column][vc_column offset=&#8220;vc_col-lg-4 vc_col-md-4&#8243;]<div class=\"konte-icon-box icon-type-external box-align-left   \">\n\t\t\t\t<div class=\"konte-icon-box__icon\"><img decoding=\"async\" alt=\"\u00d6kologische Verantwortung\" src=\"https:\/\/konte.uix.store\/demo-images\/awards.svg\"><\/div>\n\t\t\t\t<h4 class=\"konte-icon-box__title\" >\u00d6kologische Verantwortung<\/h4>\n\t\t\t\t<div class=\"konte-icon-box__content\"><p>Die Farben, die wir f\u00fcr unsere Produkte verwenden, sind nat\u00fcrliche Pigmente. Alle Stoffe, die wir verwenden, sind aus Baumwolle, Seide und Wolle. Wir versuchen unser Bestes, um in pers\u00f6nlichem Kontakt mit Landwirten und Produzenten zu stehen.<\/p>\n<p>Wichtig f\u00fcr uns ist immer der pers\u00f6nliche Kontakt.<\/p>\n<\/div>\n\t\t\t<\/div>[vc_empty_space height=&#8220;30px&#8220;][\/vc_column][vc_column offset=&#8220;vc_col-lg-4 vc_col-md-4&#8243;]<div class=\"konte-icon-box icon-type-external box-align-left   \">\n\t\t\t\t<div class=\"konte-icon-box__icon\"><img decoding=\"async\" alt=\"Verpackung\" src=\"https:\/\/konte.uix.store\/demo-images\/experience.svg\"><\/div>\n\t\t\t\t<h4 class=\"konte-icon-box__title\" >Verpackung<\/h4>\n\t\t\t\t<div class=\"konte-icon-box__content\"><p>Wir arbeiten mit recycelten Verpackungen ohne Kunststoff. Wir verwenden Karton aus recycelten Papier f\u00fcr die Lampenk\u00e4sten oder Naturpapier. Unser Flyer und Aufkleber bestehen aus recycelten Papier und \u00f6kologischen Farben.<\/p>\n<\/div>\n\t\t\t<\/div>[\/vc_column][\/vc_row][vc_row][vc_column][vc_empty_space height=&#8220;150px&#8220;][\/vc_column][\/vc_row][vc_row][vc_column][vc_custom_heading text=&#8220;B2B&#8220; font_container=&#8220;tag:h4|text_align:left&#8220; use_theme_fonts=&#8220;yes&#8220; css=&#8220;.vc_custom_1559143812231{margin-bottom: 85px !important;}&#8220;][\/vc_column][\/vc_row][vc_row content_placement=&#8220;middle&#8220; el_class=&#8220;company-partners&#8220;][vc_column width=&#8220;1\/5&#8243;][vc_single_image image=&#8220;10802&#8243; img_size=&#8220;full&#8220;][\/vc_column][vc_column width=&#8220;1\/5&#8243;][vc_single_image image=&#8220;11402&#8243; img_size=&#8220;full&#8220; alignment=&#8220;center&#8220;][\/vc_column][vc_column width=&#8220;1\/5&#8243;][vc_single_image image=&#8220;11586&#8243; img_size=&#8220;full&#8220; alignment=&#8220;center&#8220;][\/vc_column][vc_column width=&#8220;1\/5&#8243;][vc_single_image image=&#8220;11434&#8243; img_size=&#8220;full&#8220; alignment=&#8220;center&#8220;][\/vc_column][vc_column width=&#8220;1\/5&#8243;][vc_single_image image=&#8220;11798&#8243; img_size=&#8220;full&#8220; alignment=&#8220;right&#8220;][\/vc_column][\/vc_row][vc_row][vc_column][vc_column_text]KULA Whole Sale Kontakt:<\/p>\n<p>Gerne k\u00f6nnen Sie uns bei Interesse an unseren Produkten f\u00fcr den Einzelhandel kontaktieren.<\/p>\n<p>info@kulaberlin.com<br \/>\n+49 1717880682[\/vc_column_text][\/vc_column][\/vc_row]<\/p>\n<\/div>","protected":false},"excerpt":{"rendered":"<p>[vc_row css=&#8220;.vc_custom_1530089427958{margin-bottom: 70px !important;}&#8220;][vc_column width=&#8220;1\/6&#8243; offset=&#8220;vc_hidden-sm vc_hidden-xs&#8220;][\/vc_column][vc_column offset=&#8220;vc_col-lg-8 vc_col-md-8&#8243;][vc_custom_heading text=&#8220;Das Unternehmen&#8220; use_theme_fonts=&#8220;yes&#8220; css=&#8220;.vc_custom_1535361860420{margin-bottom: 35px !important;}&#8220;][vc_column_text]Wir engagieren uns f\u00fcr diejenigen, die ihre Umgebung verantwortungsvoll kreieren wollen. Inspiriert durch Geschichten von Handwerkern&hellip;<\/p>\n","protected":false},"author":1,"featured_media":10918,"parent":0,"menu_order":0,"comment_status":"closed","ping_status":"closed","template":"","meta":{"footnotes":""},"class_list":["post-22287","page","type-page","status-publish","has-post-thumbnail","hentry"],"jetpack_sharing_enabled":true,"_links":{"self":[{"href":"https:\/\/kulaberlin.com\/de\/wp-json\/wp\/v2\/pages\/22287","targetHints":{"allow":["GET"]}}],"collection":[{"href":"https:\/\/kulaberlin.com\/de\/wp-json\/wp\/v2\/pages"}],"about":[{"href":"https:\/\/kulaberlin.com\/de\/wp-json\/wp\/v2\/types\/page"}],"author":[{"embeddable":true,"href":"https:\/\/kulaberlin.com\/de\/wp-json\/wp\/v2\/users\/1"}],"replies":[{"embeddable":true,"href":"https:\/\/kulaberlin.com\/de\/wp-json\/wp\/v2\/comments?post=22287"}],"version-history":[{"count":3,"href":"https:\/\/kulaberlin.com\/de\/wp-json\/wp\/v2\/pages\/22287\/revisions"}],"predecessor-version":[{"id":22293,"href":"https:\/\/kulaberlin.com\/de\/wp-json\/wp\/v2\/pages\/22287\/revisions\/22293"}],"wp:featuredmedia":[{"embeddable":true,"href":"https:\/\/kulaberlin.com\/de\/wp-json\/wp\/v2\/media\/10918"}],"wp:attachment":[{"href":"https:\/\/kulaberlin.com\/de\/wp-json\/wp\/v2\/media?parent=22287"}],"curies":[{"name":"wp","href":"https:\/\/api.w.org\/{rel}","templated":true}]}}