{"id":22329,"date":"2019-08-23T15:01:43","date_gmt":"2019-08-23T15:01:43","guid":{"rendered":"https:\/\/kulaberlin.com\/impressum\/"},"modified":"2019-08-23T15:01:43","modified_gmt":"2019-08-23T15:01:43","slug":"impressum","status":"publish","type":"page","link":"https:\/\/kulaberlin.com\/de\/impressum\/","title":{"rendered":"Impressum"},"content":{"rendered":"<p><strong>\u00dcber uns.<\/strong><\/p>\n<p>Gesetzliche Anbieterkennung:<\/p>\n<p>Okan G\u00f6kg\u00f6z<\/p>\n<p><strong>KULA BERLIN&nbsp;<\/strong><\/p>\n<p>Querstra\u00dfe 2<\/p>\n<p>25764 S\u00fcderdeich<\/p>\n<p>Deutschland<\/p>\n<p>Telefon: +491717880682<\/p>\n<p>E-Mail: okan@kulaberlin.de<\/p>\n<p><strong>Alternative Streitbeilegung:<\/strong><\/p>\n<p><strong>Die Europ\u00e4ische Kommission stellt eine Plattform f\u00fcr die au\u00dfergerichtliche Online-Streitbeilegung (OS-Plattform) bereit, aufrufbar unter https:\/\/ec.europa.eu\/odr.<\/strong><\/p>\n<p><strong>https:\/\/ec.europa.eu\/odr.<\/strong><\/p>\n<p><strong>Wir sind seit 25.06.2019 Mitglied der Initiative &#8222;FairCommerce&#8220;.<\/strong><\/p>\n<p><strong>N\u00e4here Informationen hierzu finden Sie unter www.fair-commerce.de.<\/strong><\/p>\n","protected":false},"excerpt":{"rendered":"<p>\u00dcber uns. Gesetzliche Anbieterkennung: Okan G\u00f6kg\u00f6z KULA BERLIN&nbsp; Querstra\u00dfe 2 25764 S\u00fcderdeich Deutschland Telefon: +491717880682 E-Mail: okan@kulaberlin.de Alternative Streitbeilegung: Die Europ\u00e4ische Kommission stellt eine Plattform f\u00fcr die au\u00dfergerichtliche Online-Streitbeilegung (OS-Plattform)&hellip;<\/p>\n","protected":false},"author":2,"featured_media":0,"parent":0,"menu_order":0,"comment_status":"closed","ping_status":"closed","template":"","meta":{"footnotes":""},"class_list":["post-22329","page","type-page","status-publish","hentry"],"jetpack_sharing_enabled":true,"_links":{"self":[{"href":"https:\/\/kulaberlin.com\/de\/wp-json\/wp\/v2\/pages\/22329","targetHints":{"allow":["GET"]}}],"collection":[{"href":"https:\/\/kulaberlin.com\/de\/wp-json\/wp\/v2\/pages"}],"about":[{"href":"https:\/\/kulaberlin.com\/de\/wp-json\/wp\/v2\/types\/page"}],"author":[{"embeddable":true,"href":"https:\/\/kulaberlin.com\/de\/wp-json\/wp\/v2\/users\/2"}],"replies":[{"embeddable":true,"href":"https:\/\/kulaberlin.com\/de\/wp-json\/wp\/v2\/comments?post=22329"}],"version-history":[{"count":0,"href":"https:\/\/kulaberlin.com\/de\/wp-json\/wp\/v2\/pages\/22329\/revisions"}],"wp:attachment":[{"href":"https:\/\/kulaberlin.com\/de\/wp-json\/wp\/v2\/media?parent=22329"}],"curies":[{"name":"wp","href":"https:\/\/api.w.org\/{rel}","templated":true}]}}