{"id":22330,"date":"2019-08-23T15:15:10","date_gmt":"2019-08-23T15:15:10","guid":{"rendered":"https:\/\/kulaberlin.com\/bezahlung-und-versand\/"},"modified":"2025-07-17T06:39:00","modified_gmt":"2025-07-17T06:39:00","slug":"bezahlung-und-versand","status":"publish","type":"page","link":"https:\/\/kulaberlin.com\/de\/bezahlung-und-versand\/","title":{"rendered":"Bezahlung und Versand"},"content":{"rendered":"<p><strong>Bezahlung und Versand<\/strong><\/p>\n<p>Es gelten die folgenden Bestimmungen und Bedingungen:<\/p>\n<p><strong>Versandbedingungen<\/strong><\/p>\n<p>Die Produkte werden in die ganze Welt geliefert. Versandkosten (inklusive der gesetzlich g\u00fcltigen Mehrwertsteuer) <\/p>\n<p><strong>Lieferungen im Inland (Deutschland):<\/strong><\/p>\n<p>Wir berechnen die Versandkosten auf der Grundlage des Versandgewichts:<\/p>\n<p>&#8211; Bestellung von 0 bis 5 kg = 5,00 \u20ac<\/p>\n<p>&#8211; Bestellung \u00fcber 5 kg bis 10 kg = 7,00 \u20ac<\/p>\n<p>&#8211; Bestellung \u00fcber 10 bis 15 kg = 9,00 \u20ac<\/p>\n<p>-Bestellung \u00fcber 15 kg = 15,00 \u20ac<\/p>\n<p>Bei Lieferungen auf die deutschen Inseln wird ein Inselzuschlag von 3,00 \u20ac auf die Versandkosten erhoben.<\/p>\n<p><strong>Lieferungen ins Ausland:<\/strong><\/p>\n<p>F\u00fcr Lieferungen ins Ausland berechnen wir die Versandkosten auf der Grundlage des Versandgewichts:<\/p>\n<p>Weltweit \/ Europa \/ EU:<\/p>\n<p>bis 5 kg = 7,00 \u20ac<\/p>\n<p>\u00fcber 5 kg bis 10 kg = 9,00 \u20ac.<\/p>\n<p>\u00fcber 10 bis 15 kg = 11,00 \u20ac<\/p>\n<p>\u00fcber 15 kg = 20,00 \u20ac<\/p>\n<p><strong>Lieferfristen<\/strong><\/p>\n<p>Sofern im Angebot nicht anders angegeben, erfolgt die Lieferung von Waren im Inland (Deutschland) innerhalb von 3 &#8211; 5 Tagen, bei Lieferungen ins Ausland innerhalb von 5<\/p>\n<p>&#8211; 7 Tage ab Vertragsabschluss (bei vereinbarter Vorauszahlung ab dem Datum der Zahlungsanweisung). Bitte beachten Sie, dass an Sonntagen und anderen Feiertagen keine Lieferungen erfolgen. Wenn Sie Artikel mit unterschiedlichen Lieferterminen bestellt haben, versenden wir die Artikel zusammen in einer Lieferung, sofern keine andere Vereinbarung getroffen wurde. Der Liefertermin f\u00fcr die gesamte Bestellung entspricht dem des Artikels mit der l\u00e4ngsten Lieferzeit.   <\/p>\n<p><strong>Akzeptierte Zahlungsoptionen<\/strong><\/p>\n<p>&#8211; Vorauszahlung per \u00dcberweisung<\/p>\n<p>&#8211; Zahlung per Kreditkarte<\/p>\n<p>&#8211; Bezahlung \u00fcber PayPal<\/p>\n<p>&#8211; Zahlung \u00fcber PayPal Express<\/p>\n<p>&#8211; Zahlung per Sofort\u00fcberweisung [Sofort\u00fcberweisung]<\/p>\n<p>&#8211; Zahlung per Rechnung (\u00fcber Klarna)<\/p>\n<p>&#8211; Zahlung per Ratenkauf (\u00fcber Klarna)<\/p>\n<p>&#8211; Zahlung \u00fcber Klarna Checkout (Klarna Rechnung, Klarna Kreditkaufvertrag, Sofort\u00fcberweisung, Kreditkarte, Lastschriftverfahren)<\/p>\n<p><strong>Weitere Einzelheiten zur Bezahlung<\/strong><\/p>\n<p>Wenn Sie mit einer Kreditkarte bezahlen, wird Ihr Kreditkartenkonto im Zusammenhang mit dem Vertragsabschluss belastet.<\/p>\n<p><strong>Zahlung \u00fcber Klarna Checkout<\/strong><\/p>\n<p>Wir bieten Ihnen in Zusammenarbeit mit Klarna die folgenden Zahlungsm\u00f6glichkeiten an. Die Zahlung erfolgt immer an Klarna: Klarna-Rechnung: Zahlbar innerhalb von 14 Tagen nach Rechnungsdatum. Die Rechnung wird bei Versand der Ware ausgestellt und per E-Mail versandt. Die Zahlungsbedingungen finden Sie hier. Klarna Kreditkaufvertrag: Mit dem Finanzierungsservice von Klarna k\u00f6nnen Sie Ihren Kauf flexibel in monatlichen Raten von mindestens 1\/24 des Gesamtbetrags (mindestens jedoch 6,95 Euro) bezahlen. Weitere Informationen \u00fcber den Klarna Kreditvertrag, einschlie\u00dflich der allgemeinen Gesch\u00e4ftsbedingungen und der europ\u00e4ischen Standardinformationen f\u00fcr Verbraucherkredite, finden Sie hier.     <\/p>\n<p>Sofortige \u00dcbertragung<\/p>\n<p>Kreditkarte (Visa\/Mastercard)<\/p>\n<p>Lastschriftverfahren<\/p>\n<p>Die Zahlungsoptionen werden im Rahmen von Klarna Checkout angeboten. Weitere Informationen und Nutzungsbedingungen f\u00fcr Klarna Checkout finden Sie hier. Weitere Informationen \u00fcber Klarna erhalten Sie hier. Ihre pers\u00f6nlichen Daten werden von Klarna in \u00dcbereinstimmung mit den geltenden Datenschutzbestimmungen und den entsprechenden Informationen in den Datenschutzbestimmungen von Klarna weitergegeben. Bei Fragen kontaktieren Sie uns bitte unter den im Impressum genannten Kontaktdaten.    <\/p>\n","protected":false},"excerpt":{"rendered":"<p>Bezahlung und Versand Es gelten die folgenden Bestimmungen und Bedingungen: Versandbedingungen Die Produkte werden in die ganze Welt geliefert. Versandkosten (inklusive der gesetzlich g\u00fcltigen Mehrwertsteuer) Lieferungen im Inland (Deutschland): Wir&hellip;<\/p>\n","protected":false},"author":2,"featured_media":0,"parent":0,"menu_order":0,"comment_status":"closed","ping_status":"closed","template":"","meta":{"footnotes":""},"class_list":["post-22330","page","type-page","status-publish","hentry"],"jetpack_sharing_enabled":true,"_links":{"self":[{"href":"https:\/\/kulaberlin.com\/de\/wp-json\/wp\/v2\/pages\/22330","targetHints":{"allow":["GET"]}}],"collection":[{"href":"https:\/\/kulaberlin.com\/de\/wp-json\/wp\/v2\/pages"}],"about":[{"href":"https:\/\/kulaberlin.com\/de\/wp-json\/wp\/v2\/types\/page"}],"author":[{"embeddable":true,"href":"https:\/\/kulaberlin.com\/de\/wp-json\/wp\/v2\/users\/2"}],"replies":[{"embeddable":true,"href":"https:\/\/kulaberlin.com\/de\/wp-json\/wp\/v2\/comments?post=22330"}],"version-history":[{"count":1,"href":"https:\/\/kulaberlin.com\/de\/wp-json\/wp\/v2\/pages\/22330\/revisions"}],"predecessor-version":[{"id":22331,"href":"https:\/\/kulaberlin.com\/de\/wp-json\/wp\/v2\/pages\/22330\/revisions\/22331"}],"wp:attachment":[{"href":"https:\/\/kulaberlin.com\/de\/wp-json\/wp\/v2\/media?parent=22330"}],"curies":[{"name":"wp","href":"https:\/\/api.w.org\/{rel}","templated":true}]}}