{"id":22362,"date":"2019-09-17T13:51:07","date_gmt":"2019-09-17T13:51:07","guid":{"rendered":"https:\/\/kulaberlin.com\/kula-wholesale\/"},"modified":"2025-09-23T10:58:26","modified_gmt":"2025-09-23T10:58:26","slug":"kula-wholesale","status":"publish","type":"page","link":"https:\/\/kulaberlin.com\/de\/kula-wholesale\/","title":{"rendered":"KULA WHOLESALE"},"content":{"rendered":"\t\t<div data-elementor-type=\"wp-page\" data-elementor-id=\"22362\" class=\"elementor elementor-22362 elementor-2247\">\n\t\t\t\t\t\t<section class=\"elementor-section elementor-top-section elementor-element elementor-element-25e591d4 elementor-section-boxed elementor-section-height-default elementor-section-height-default\" data-id=\"25e591d4\" data-element_type=\"section\" data-e-type=\"section\">\n\t\t\t\t\t\t<div class=\"elementor-container elementor-column-gap-default\">\n\t\t\t\t\t<div class=\"elementor-column elementor-col-100 elementor-top-column elementor-element elementor-element-3e8d0b93\" data-id=\"3e8d0b93\" data-element_type=\"column\" data-e-type=\"column\">\n\t\t\t<div class=\"elementor-widget-wrap elementor-element-populated\">\n\t\t\t\t\t\t<div class=\"elementor-element elementor-element-1d81a50 elementor-widget elementor-widget-text-editor\" data-id=\"1d81a50\" data-element_type=\"widget\" data-e-type=\"widget\" data-widget_type=\"text-editor.default\">\n\t\t\t\t<div class=\"elementor-widget-container\">\n\t\t\t\t\t\t\t\t\t<h3>Gro\u00dfhandel mit Handt\u00fcchern, Decken, Saunat\u00fcchern und Badem\u00e4nteln &#8211; anpassbar, umweltfreundlich und perfekt f\u00fcr Ihr Unternehmen<\/h3><p><strong>Hallo, sch\u00f6n, dass Sie da sind!<\/strong><br>Wir sind ein <strong>in Berlin ans\u00e4ssiges Unternehmen<\/strong>, das sich auf den Gro\u00dfhandel mit <strong>luxuri\u00f6sen Handt\u00fcchern, Decken, Saunat\u00fcchern und Badem\u00e4nteln<\/strong> spezialisiert hat, die auf die Bed\u00fcrfnisse Ihrer Marke zugeschnitten sind. Ob Sie ein Einzelhandelsgesch\u00e4ft, ein Boutique-Hotel, ein Spa oder ein Fitnessstudio betreiben, unsere Produkte bieten die perfekte Mischung aus Komfort, Qualit\u00e4t und Nachhaltigkeit. <\/p><hr><h4><strong>Warum eine Partnerschaft mit uns f\u00fcr Ihren Gro\u00dfhandelsbedarf?<\/strong><\/h4><ul><li><p><strong>Individuell anpassbar, um Ihre Marke widerzuspiegeln<\/strong><br>Wir bieten einen umfassenden Anpassungsservice, einschlie\u00dflich <strong>Logostickerei, Namensstickerei<\/strong> und personalisierte Etiketten oder Anh\u00e4nger mit Ihrer Marke. Schaffen Sie einen unverwechselbaren Look, der Sie von anderen unterscheidet. <\/p><\/li><li><p><strong>Umweltfreundliche Materialien<\/strong><br>Bei der Herstellung unserer Handt\u00fccher, Decken, Saunat\u00fccher und Badem\u00e4ntel legen wir gro\u00dfen Wert auf <strong>Umweltfreundlichkeit<\/strong>. W\u00e4hlen Sie Produkte, die weich, langlebig und nachhaltig sind, damit sich Ihre G\u00e4ste oder Kunden bei ihrem Kauf wohlf\u00fchlen. <\/p><\/li><li><p><strong>Breite Palette an Produkten<\/strong><\/p><ul><li><strong>Handt\u00fccher:<\/strong> Hochwertige Optionen f\u00fcr Spas, Fitnessstudios und Hotels.<\/li><li><strong>Decken:<\/strong> Perfekt f\u00fcr gem\u00fctliche Innenr\u00e4ume, G\u00e4stekomfort oder den Verkauf im Einzelhandel.<\/li><li><strong>Sauna-Handt\u00fccher:<\/strong> Entwickelt f\u00fcr hohe Hitze und Feuchtigkeit, ideal f\u00fcr Saunas und Wellness-Center.<\/li><li><strong>Badem\u00e4ntel:<\/strong> Luxuri\u00f6se, weiche und saugf\u00e4hige Badem\u00e4ntel f\u00fcr Hotels, Spas oder den pers\u00f6nlichen Gebrauch.<\/li><\/ul><\/li><li><p><strong>Flexible Bestellmengen<\/strong><br>Von <strong>kleinen Chargen von 20 St\u00fcck<\/strong> bis hin zu Gro\u00dfauftr\u00e4gen von <strong>5.000 St\u00fcck<\/strong> haben wir die Kapazit\u00e4t, um Ihre Anforderungen zu erf\u00fcllen. Ganz gleich, ob Sie ein Startup oder ein etabliertes Unternehmen sind, wir sind f\u00fcr alle Gr\u00f6\u00dfenordnungen ger\u00fcstet. <\/p><\/li><li><p><strong>Ideal f\u00fcr Unternehmen in ganz Europa und dar\u00fcber hinaus<\/strong><br>Als <strong>in Berlin ans\u00e4ssiges Unternehmen<\/strong> liefern wir weltweit und machen unsere Produkte f\u00fcr Unternehmen in ganz <strong>Europa und der Welt<\/strong> zug\u00e4nglich. Unsere ma\u00dfgeschneiderten Angebote eignen sich besonders gut f\u00fcr <strong>Boutique-Hotels, Einzelhandelsgesch\u00e4fte, Spas, Fitnessstudios und mehr<\/strong>. <\/p><\/li><li><p><strong>Unerreichte Qualit\u00e4t und Erschwinglichkeit<\/strong><br>Unsere Produkte sind so konzipiert, dass sie Luxus zu wettbewerbsf\u00e4higen Gro\u00dfhandelspreisen bieten, was es Ihrem Unternehmen erleichtert, sich von der Masse abzuheben.<\/p><\/li><\/ul><hr><h3><strong>Wie kann ich bestellen?<\/strong><\/h3><p>Sie sind herzlich eingeladen, uns zu kontaktieren, wenn Sie sich f\u00fcr unsere Produkte interessieren. Sonderanfertigungen, individuelle Pr\u00e4gungen oder Designs k\u00f6nnen direkt bestimmt werden.   <strong>Bestellungen in kleinen Mengen sind m\u00f6glich!<\/strong><\/p><p><strong>Nehmen Sie Kontakt mit uns auf:<\/strong><br>\ud83d\udce7 Mailen Sie uns: <strong><a rel=\"noopener\">info@kulaberlin.com<\/a><\/strong><br>\ud83d\udcde Rufen Sie uns an: <strong>+49 1717880682<\/strong><\/p><hr><h4><strong>Warum Handt\u00fccher, Decken, Saunahandt\u00fccher und Badem\u00e4ntel?<\/strong><\/h4><ul><li><strong>Handt\u00fccher:<\/strong> Ideal f\u00fcr Fitnessstudios, Spas, Hotels und Einzelhandelsgesch\u00e4fte. Eine Notwendigkeit, die Funktion und Luxus vereint. <\/li><li><strong>Decken:<\/strong> Eine vielseitige Option f\u00fcr gem\u00fctliche Innenr\u00e4ume, Hotels oder Geschenkartikel, die Ihre Kunden lieben werden.<\/li><li><strong>Sauna-Handt\u00fccher:<\/strong> Perfekt f\u00fcr Sauna- und Wellness-Zentren, entwickelt, um gro\u00dfer Hitze und Feuchtigkeit standzuhalten.<\/li><li><strong>Badem\u00e4ntel:<\/strong> Verleihen Sie Ihren G\u00e4sten oder Kunden einen Hauch von Eleganz und Komfort.<\/li><\/ul><hr><h3><strong>Fangen Sie noch heute an!<\/strong><\/h3><p>Wir helfen Ihnen dabei, Ihre Marke mit hochwertigen, individuellen Handt\u00fcchern, Decken, Saunat\u00fcchern und Badem\u00e4nteln aufzuwerten. Wir haben unseren Sitz in Berlin und sind stolz auf unsere schnelle Lieferung, unseren ausgezeichneten Kundenservice und unseren nachhaltigen Qualit\u00e4tsansatz. <\/p><p><strong>Machen Sie Ihre Marke mit unseren individuell gestaltbaren, umweltfreundlichen Produkten unvergesslich.  <\/strong><\/p>\t\t\t\t\t\t\t\t<\/div>\n\t\t\t\t<\/div>\n\t\t\t\t\t<\/div>\n\t\t<\/div>\n\t\t\t\t\t<\/div>\n\t\t<\/section>\n\t\t\t\t<\/div>\n\t\t","protected":false},"excerpt":{"rendered":"<p>Gro\u00dfhandel mit Handt\u00fcchern, Decken, Saunat\u00fcchern und Badem\u00e4nteln &#8211; anpassbar, umweltfreundlich und perfekt f\u00fcr Ihr Unternehmen Hallo, sch\u00f6n, dass Sie da sind!Wir sind ein in Berlin ans\u00e4ssiges Unternehmen, das sich auf&hellip;<\/p>\n","protected":false},"author":2,"featured_media":0,"parent":0,"menu_order":0,"comment_status":"closed","ping_status":"closed","template":"","meta":{"footnotes":""},"class_list":["post-22362","page","type-page","status-publish","hentry"],"jetpack_sharing_enabled":true,"_links":{"self":[{"href":"https:\/\/kulaberlin.com\/de\/wp-json\/wp\/v2\/pages\/22362","targetHints":{"allow":["GET"]}}],"collection":[{"href":"https:\/\/kulaberlin.com\/de\/wp-json\/wp\/v2\/pages"}],"about":[{"href":"https:\/\/kulaberlin.com\/de\/wp-json\/wp\/v2\/types\/page"}],"author":[{"embeddable":true,"href":"https:\/\/kulaberlin.com\/de\/wp-json\/wp\/v2\/users\/2"}],"replies":[{"embeddable":true,"href":"https:\/\/kulaberlin.com\/de\/wp-json\/wp\/v2\/comments?post=22362"}],"version-history":[{"count":4,"href":"https:\/\/kulaberlin.com\/de\/wp-json\/wp\/v2\/pages\/22362\/revisions"}],"predecessor-version":[{"id":24462,"href":"https:\/\/kulaberlin.com\/de\/wp-json\/wp\/v2\/pages\/22362\/revisions\/24462"}],"wp:attachment":[{"href":"https:\/\/kulaberlin.com\/de\/wp-json\/wp\/v2\/media?parent=22362"}],"curies":[{"name":"wp","href":"https:\/\/api.w.org\/{rel}","templated":true}]}}