{"id":22366,"date":"2018-09-11T08:26:08","date_gmt":"2018-09-11T08:26:08","guid":{"rendered":"https:\/\/kulaberlin.com\/kula-wholesale\/einzelhaendler\/"},"modified":"2025-09-22T16:06:47","modified_gmt":"2025-09-22T16:06:47","slug":"einzelhaendler","status":"publish","type":"page","link":"https:\/\/kulaberlin.com\/de\/kula-wholesale\/einzelhaendler\/","title":{"rendered":"Einzelh\u00e4ndler"},"content":{"rendered":"<div class=\"wpb-content-wrapper\"><p>[vc_row][vc_column][vc_column_text]<\/p>\n<p><strong>DEUTSCHLAND<\/strong><\/p>\n<p>[\/vc_column_text][\/vc_column][\/vc_row][vc_row][vc_column]<span class=\"konte-dash text-default   \"><span class=\"konte-dash__line\"><\/span><\/span>[\/vc_column][\/vc_row][vc_row][vc_column offset=&#8220;vc_col-lg-offset-1 vc_col-lg-10&#8243;]<div class=\"konte-testimonial  \">\n\t\t\t\t<div class=\"konte-testimonial__photo\"><img decoding=\"async\" class=\"\" src=\"https:\/\/kulaberlin.com\/wp-content\/uploads\/2021\/09\/threemonkey-200x200.png\" width=\"200\" height=\"200\" alt=\"threemonkey\" title=\"threemonkey\" \/><\/div>\n\t\t\t\t<div class=\"konte-testimonial__entry\">\n\t\t\t\t\t<div class=\"konte-testimonial__content\"><\/p>\n<h2><span style=\"color: #000000;\"><strong>Drei Affen 030<\/strong><\/span><\/h2>\n<p class=\"shopify-section-title\">ist ein kulturelles und kreatives Konzeptgesch\u00e4ft im bayerischen <em>Prien<\/em> am Chiemsee, das Interieur, Mode und Design anbietet.<\/p>\n<p>https:\/\/threemonkeys030.de\/<\/div>\n\t\t\t\t\t<div class=\"konte-testimonial__author\"><span class=\"konte-testimonial__name\">Drei Affen 030<\/span><span class=\"konte-testimonial__author-separator\">-<\/span><span class=\"konte-testimonial__company\">Seestra\u00dfe 8, 83209 Prien am Chiemsee<\/span><\/div>\n\t\t\t\t<\/div>\n\t\t\t<\/div><div class=\"konte-testimonial  \">\n\t\t\t\t<div class=\"konte-testimonial__photo\"><img decoding=\"async\" class=\"\" src=\"https:\/\/kulaberlin.com\/wp-content\/uploads\/2021\/07\/matter-hh-200x200.png\" width=\"200\" height=\"200\" alt=\"matter-hh\" title=\"matter-hh\" \/><\/div>\n\t\t\t\t<div class=\"konte-testimonial__entry\">\n\t\t\t\t\t<div class=\"konte-testimonial__content\"><\/p>\n<h2><strong>Matter Urban Market<\/strong><\/h2>\n<p class=\"shopify-section-title\"><strong> Manifest<\/strong><\/p>\n<p class=\"shopify-section-title\">Handel ist Wandel und die sch\u00f6nsten Dinge entstehen durch Ver\u00e4nderung. So ist auch unser augenblickliches Manifest in stetigem Wandel. Es wird st\u00e4ndig aktualisiert. Aus einem engem Dialog mit unseren Kunden, Partnern und neuen Dingen, die uns inspirieren. Wir m\u00f6chten unsere Haltung gegen\u00fcber Dingen und Themen st\u00e4ndig \u00fcberpr\u00fcfen, alte \u00fcber Bord werfen und uns Neues aneignen.<\/p>\n<p>Exklusiver Einzelh\u00e4ndler f\u00fcr KULA Berlin Produkte, Hamburg<\/p>\n<p><strong><a href=\"https:\/\/matter-shop.com\/\" target=\"_blank\" rel=\"noopener\">Matter Shop<\/a><\/strong><\/div>\n\t\t\t\t\t<div class=\"konte-testimonial__author\"><span class=\"konte-testimonial__name\">Materie st\u00e4dtischer Markt<\/span><span class=\"konte-testimonial__author-separator\">-<\/span><span class=\"konte-testimonial__company\">Schlankreye 71, 20144 Hamburg<\/span><\/div>\n\t\t\t\t<\/div>\n\t\t\t<\/div><div class=\"konte-testimonial  \">\n\t\t\t\t<div class=\"konte-testimonial__photo\"><img decoding=\"async\" class=\"\" src=\"https:\/\/kulaberlin.com\/wp-content\/uploads\/2020\/12\/images-200x200.png\" width=\"200\" height=\"200\" alt=\"images\" title=\"images\" \/><\/div>\n\t\t\t\t<div class=\"konte-testimonial__entry\">\n\t\t\t\t\t<div class=\"konte-testimonial__content\"><\/p>\n<h2><strong>Id\u00fcll Shop<\/strong><\/h2>\n<p class=\"p1\"><span class=\"s1\">DESIGN | GESCHICHTE | RAUM<br \/>\n<\/span><span class=\"s1\">&#8222;Das I<\/span><span class=\"s1\">d\u00fcll ist ein Ort, ein Gedanke, eine \u00dcberzeugung. Seien Sie mutig, ber\u00fchren Sie das Herz und gr\u00fc\u00dfen Sie den Verstand. Wir haben Erfahrung. Wir glauben an Intuition. Wir wissen um die Macht von gutem Design. Wir sch\u00e4tzen sch\u00f6ne Dinge genauso wie leckeres Essen und Trinken. &#8222;<\/span><\/p>\n<p>Exklusiver Einzelh\u00e4ndler von KULA BERLIN Produkten, Frankfurt<\/p>\n<p><strong><a href=\"https:\/\/iduell-shop.de\/\" target=\"_blank\" rel=\"noopener\">Id\u00fcll Shop<\/a><\/strong><\/div>\n\t\t\t\t\t<div class=\"konte-testimonial__author\"><span class=\"konte-testimonial__name\">id\u00fcll DESIGN | STORY | SPACE<\/span><span class=\"konte-testimonial__author-separator\">-<\/span><span class=\"konte-testimonial__company\">Gronauer Str. 2, 60385 Frankfurt am Main <\/span><\/div>\n\t\t\t\t<\/div>\n\t\t\t<\/div><div class=\"konte-testimonial  \">\n\t\t\t\t<div class=\"konte-testimonial__photo\"><img loading=\"lazy\" decoding=\"async\" class=\"\" src=\"https:\/\/kulaberlin.com\/wp-content\/uploads\/2020\/12\/Download.jpeg\" width=\"193\" height=\"126\" alt=\"Download\" title=\"Download\" \/><\/div>\n\t\t\t\t<div class=\"konte-testimonial__entry\">\n\t\t\t\t\t<div class=\"konte-testimonial__content\"><\/p>\n<h2><strong>H\u00fcbscher Berliner Laden<\/strong><\/h2>\n<p><em>Prettyberlin<\/em> der <em>Laden<\/em>. Seit den fr\u00fchen 90er Jahren betrieb Chris unter dem alten Namen Uhranus Design einen kleinen, frechen Laden in Berlin f\u00fcr alle, die auf der Suche nach Must-Have-Accessoires sind.<\/p>\n<p>Exklusiver Einzelh\u00e4ndler von KULA BERLIN PRODUCTS, Berlin<\/p>\n<p><strong><a href=\"https:\/\/www.prettyberlin.com\/\" target=\"_blank\" rel=\"noopener\">H\u00fcbscher Laden<\/a><\/strong><\/div>\n\t\t\t\t\t<div class=\"konte-testimonial__author\"><span class=\"konte-testimonial__name\">H\u00fcbscher Berliner Laden<\/span><span class=\"konte-testimonial__author-separator\">-<\/span><span class=\"konte-testimonial__company\">Kastanienallee 31, 10435 Berlin<\/span><\/div>\n\t\t\t\t<\/div>\n\t\t\t<\/div><div class=\"konte-testimonial  \">\n\t\t\t\t<div class=\"konte-testimonial__photo\"><img loading=\"lazy\" decoding=\"async\" class=\"\" src=\"https:\/\/kulaberlin.com\/wp-content\/uploads\/2020\/12\/fh_logo_-scaled-e1607700385201.jpg\" width=\"200\" height=\"141\" alt=\"fh_logo_\" title=\"fh_logo_\" \/><\/div>\n\t\t\t\t<div class=\"konte-testimonial__entry\">\n\t\t\t\t\t<div class=\"konte-testimonial__content\"><\/p>\n<h2><strong>Fritz &amp; Huxley Berlin<\/strong><\/h2>\n<p class=\"p1\"><span class=\"s1\">Online Shop mit minimalistischem Design, nat\u00fcrlichen Materialien. Stilvolle Produkte f\u00fcr abenteuerlustige Stadtkinder &#8211; aus Berlin! <\/span><\/p>\n<p><strong><a href=\"https:\/\/de.fitzandhuxley.com\/\" target=\"_blank\" rel=\"noopener\">Fritz &amp; Huxley Laden<\/a><\/strong><\/div>\n\t\t\t\t\t<div class=\"konte-testimonial__author\"><span class=\"konte-testimonial__name\">Fritz &amp; Huxley<\/span><span class=\"konte-testimonial__author-separator\">-<\/span><span class=\"konte-testimonial__company\">https:\/\/fitzandhuxley.com\/<\/span><\/div>\n\t\t\t\t<\/div>\n\t\t\t<\/div>[vc_separator css=&#8220;.vc_custom_1536654250501{margin-top: 60px !important;margin-bottom: 60px !important;}&#8220;][\/vc_column][\/vc_row][vc_row][vc_column][vc_column_text]<\/p>\n<p><strong>FRANKREICH<\/strong><\/p>\n<p>[\/vc_column_text][\/vc_column][\/vc_row][vc_row][vc_column]<span class=\"konte-dash text-default   \"><span class=\"konte-dash__line\"><\/span><\/span>[\/vc_column][\/vc_row][vc_row][vc_column]<div class=\"konte-testimonial  \">\n\t\t\t\t<div class=\"konte-testimonial__photo\"><img loading=\"lazy\" decoding=\"async\" class=\"\" src=\"https:\/\/kulaberlin.com\/wp-content\/uploads\/2021\/07\/calembour-200x200.jpg\" width=\"200\" height=\"200\" alt=\"calembour\" title=\"calembour\" \/><\/div>\n\t\t\t\t<div class=\"konte-testimonial__entry\">\n\t\t\t\t\t<div class=\"konte-testimonial__content\"><\/p>\n<h2><strong>CALEMBOUR<\/strong><\/h2>\n<p class=\"p1\"><span class=\"s1\">Eine feine Auswahl an umweltfreundlichen und neu eingef\u00fchrten Designermarken.<\/span><span class=\"s1\">Kleidung, Accessoires, Schmuck, Sch\u00f6nheitsprodukte und Wohnaccessoires &#8211; alles an einem Ort.<\/span><span class=\"s1\">Als Geschenkidee oder einfach f\u00fcr Sie selbst (es ist keine Schande, ein Feinschmecker zu sein).<\/span><\/p>\n<p><strong><a href=\"https:\/\/calembour.fr\/\" target=\"_blank\" rel=\"noopener\">SHOP<\/a><\/strong><\/p>\n<p><\/div>\n\t\t\t\t\t<div class=\"konte-testimonial__author\"><span class=\"konte-testimonial__name\">CALEMBOUR<\/span><span class=\"konte-testimonial__author-separator\">-<\/span><span class=\"konte-testimonial__company\">https:\/\/calembour.fr\/<\/span><\/div>\n\t\t\t\t<\/div>\n\t\t\t<\/div>[\/vc_column][\/vc_row]<\/p>\n<\/div>","protected":false},"excerpt":{"rendered":"<p>[vc_row][vc_column][vc_column_text] DEUTSCHLAND [\/vc_column_text][\/vc_column][\/vc_row][vc_row][vc_column][\/vc_column][\/vc_row][vc_row][vc_column offset=&#8220;vc_col-lg-offset-1 vc_col-lg-10&#8243;][vc_separator css=&#8220;.vc_custom_1536654250501{margin-top: 60px !important;margin-bottom: 60px !important;}&#8220;][\/vc_column][\/vc_row][vc_row][vc_column][vc_column_text] FRANKREICH [\/vc_column_text][\/vc_column][\/vc_row][vc_row][vc_column][\/vc_column][\/vc_row][vc_row][vc_column][\/vc_column][\/vc_row]<\/p>\n","protected":false},"author":1,"featured_media":0,"parent":22362,"menu_order":0,"comment_status":"closed","ping_status":"closed","template":"","meta":{"footnotes":""},"class_list":["post-22366","page","type-page","status-publish","hentry"],"jetpack_sharing_enabled":true,"_links":{"self":[{"href":"https:\/\/kulaberlin.com\/de\/wp-json\/wp\/v2\/pages\/22366","targetHints":{"allow":["GET"]}}],"collection":[{"href":"https:\/\/kulaberlin.com\/de\/wp-json\/wp\/v2\/pages"}],"about":[{"href":"https:\/\/kulaberlin.com\/de\/wp-json\/wp\/v2\/types\/page"}],"author":[{"embeddable":true,"href":"https:\/\/kulaberlin.com\/de\/wp-json\/wp\/v2\/users\/1"}],"replies":[{"embeddable":true,"href":"https:\/\/kulaberlin.com\/de\/wp-json\/wp\/v2\/comments?post=22366"}],"version-history":[{"count":4,"href":"https:\/\/kulaberlin.com\/de\/wp-json\/wp\/v2\/pages\/22366\/revisions"}],"predecessor-version":[{"id":24398,"href":"https:\/\/kulaberlin.com\/de\/wp-json\/wp\/v2\/pages\/22366\/revisions\/24398"}],"up":[{"embeddable":true,"href":"https:\/\/kulaberlin.com\/de\/wp-json\/wp\/v2\/pages\/22362"}],"wp:attachment":[{"href":"https:\/\/kulaberlin.com\/de\/wp-json\/wp\/v2\/media?parent=22366"}],"curies":[{"name":"wp","href":"https:\/\/api.w.org\/{rel}","templated":true}]}}