{"id":22424,"date":"2023-03-01T13:51:46","date_gmt":"2023-03-01T13:51:46","guid":{"rendered":"https:\/\/kulaberlin.com\/product\/renya-seiden-ikat-kissen\/"},"modified":"2026-04-02T08:57:21","modified_gmt":"2026-04-02T08:57:21","slug":"renya-seiden-ikat-kissen","status":"publish","type":"product","link":"https:\/\/kulaberlin.com\/de\/product\/renya-seiden-ikat-kissen\/","title":{"rendered":"RENYA Seidenkissen Ikat"},"content":{"rendered":"<div class=\"product-description-wrapper\">\n<p>&nbsp;<\/p>\n<p>Bring deine Wohnkultur auf ein neues Niveau von Luxus mit unserem luxuri\u00f6sen Kissenbezug, der sorgf\u00e4ltig aus feinstem Seidensamt aus Usbekistan gefertigt wurde. Weich im Griff und angenehm k\u00fchl bietet dieser Kissenbezug unvergleichlichen Komfort und verleiht jedem Raum eine elegante, stilvolle Note. <\/p>\n<p>Mit Sorgfalt und Liebe zum Detail handgewebt, ist jeder Kissenbezug ein Meisterwerk handwerklicher Kunst und spiegelt die reiche Textiltradition Usbekistans wider. Das Ergebnis ist ein dekoratives Highlight, das Eleganz und Glamour ausstrahlt und das Ambiente jedes Raumes aufwertet. <\/p>\n<p>Verziert mit einem kunstvollen Ikat-Muster ist unser Seiden-Kissenbezug ein zeitloses Statement-Piece, das deinem Wohnraum einen Hauch von Exotik verleiht. Ob auf dem Sofa, einem Sessel oder dem Bett platziert \u2013 sein elegantes Design und seine luxuri\u00f6se Textur ziehen alle Blicke auf sich und sorgen f\u00fcr Gespr\u00e4chsstoff.<\/p>\n<p> <\/p>\n<p>G\u00f6nn dir selbst oder einem geliebten Menschen den Luxus dieses handgefertigten Seiden-Kissenbezugs. Perfekt, um jedem Einrichtungsstil eine edle Note zu verleihen \u2013 die ultimative Wahl f\u00fcr alle, die das Besondere sch\u00e4tzen. Verwandle dein Zuhause in eine Oase aus Stil und Komfort mit unserem exquisiten Seiden-Kissenbezug aus Usbekistan.  <\/p>\n<p>Dimensionen: 60&#215;60<\/p>\n<ul>\n<li>Farbe: Bunt<\/li>\n<li>Vorderseite: Ikat Seide R\u00fcckseite: Einfarbig<\/li>\n<li>Vorderseite: Seide R\u00fcckseite: Modal<\/li>\n<li>Muster: Handgewebt<\/li>\n<li>Limitierte Edition<\/li>\n<li>Pflege: Dry Clean Only<\/li>\n<li>Zipper<\/li>\n<\/ul>\n<\/div>\n<div id=\"sharing\" class=\"social-sharing\" data-permalink=\"https:\/\/yastikbyrifatozbek.com\/products\/ikat-7\"><\/div>\n","protected":false},"excerpt":{"rendered":"<div class=\"product-description-wrapper\">\n<p>Luxuri\u00f6ser Kissenbezug aus feinstem Samt aus Seide. Original Ikat. <\/p>\n<p>Measurements: 60x60cm<\/p>\n<ul>\n<li>Farbe: Bunt<\/li>\n<li>Front: Ikat Back: Single color<\/li>\n<li>Vorderseite: Seide R\u00fcckseite: Modal<\/li>\n<li>Muster: Handgewebt<\/li>\n<li>Limitierte Edition<\/li>\n<li>Pflege: Dry Clean Only<\/li>\n<li>Zipper<\/li>\n<\/ul>\n<\/div>\n<div id=\"sharing\" class=\"social-sharing\" data-permalink=\"https:\/\/yastikbyrifatozbek.com\/products\/ikat-7\"><\/div>\n<p>&nbsp;<\/p>\n","protected":false},"featured_media":24528,"template":"","meta":[],"product_brand":[],"product_cat":[1299],"product_tag":[1319,1304,1320,1321,1318,1298,1303,1315,1302,1262,1305,1317,1314,1300,1316,1301,1322],"class_list":{"0":"post-22424","1":"product","2":"type-product","3":"status-publish","4":"has-post-thumbnail","6":"product_cat-cushion-de","7":"product_tag-bunte-kissen","8":"product_tag-einzigartig-de","9":"product_tag-einzigartiges-design","10":"product_tag-geschenkideen","11":"product_tag-handgefertigte-kissen","12":"product_tag-handgemacht","13":"product_tag-ikat-de","14":"product_tag-ikat-muster","15":"product_tag-iktat-de","16":"product_tag-kulaberlin-de-2","17":"product_tag-luxuriose-materialien","18":"product_tag-luxuriose-wohnkultur","19":"product_tag-samt-kissen","20":"product_tag-seide","21":"product_tag-seidenkissen-de","22":"product_tag-seidenkissen","23":"product_tag-wohnaccessoires","24":"product_shipping_class-schwerwegen-1-kg","26":"first","27":"instock","28":"taxable","29":"shipping-taxable","30":"purchasable","31":"product-type-simple"},"jetpack_sharing_enabled":true,"_links":{"self":[{"href":"https:\/\/kulaberlin.com\/de\/wp-json\/wp\/v2\/product\/22424","targetHints":{"allow":["GET"]}}],"collection":[{"href":"https:\/\/kulaberlin.com\/de\/wp-json\/wp\/v2\/product"}],"about":[{"href":"https:\/\/kulaberlin.com\/de\/wp-json\/wp\/v2\/types\/product"}],"wp:featuredmedia":[{"embeddable":true,"href":"https:\/\/kulaberlin.com\/de\/wp-json\/wp\/v2\/media\/24528"}],"wp:attachment":[{"href":"https:\/\/kulaberlin.com\/de\/wp-json\/wp\/v2\/media?parent=22424"}],"wp:term":[{"taxonomy":"product_brand","embeddable":true,"href":"https:\/\/kulaberlin.com\/de\/wp-json\/wp\/v2\/product_brand?post=22424"},{"taxonomy":"product_cat","embeddable":true,"href":"https:\/\/kulaberlin.com\/de\/wp-json\/wp\/v2\/product_cat?post=22424"},{"taxonomy":"product_tag","embeddable":true,"href":"https:\/\/kulaberlin.com\/de\/wp-json\/wp\/v2\/product_tag?post=22424"}],"curies":[{"name":"wp","href":"https:\/\/api.w.org\/{rel}","templated":true}]}}