{"id":22425,"date":"2023-03-01T13:48:35","date_gmt":"2023-03-01T13:48:35","guid":{"rendered":"https:\/\/kulaberlin.com\/product\/kyko-seiden-ikat-kissen\/"},"modified":"2026-04-02T09:05:59","modified_gmt":"2026-04-02T09:05:59","slug":"kyko-seiden-ikat-kissen","status":"publish","type":"product","link":"https:\/\/kulaberlin.com\/de\/product\/kyko-seiden-ikat-kissen\/","title":{"rendered":"KYKO Seidenkissen Ikat"},"content":{"rendered":"<div class=\"product-description-wrapper\">\n<div class=\"product-description-wrapper\"><\/div>\n<div class=\"product-description-wrapper\">\n<p>Bring deine Wohnkultur auf ein neues Niveau von Luxus mit unserem luxuri\u00f6sen Kissenbezug, der sorgf\u00e4ltig aus feinstem Seidensamt aus Usbekistan gefertigt wurde. Weich im Griff und angenehm k\u00fchl bietet dieser Kissenbezug unvergleichlichen Komfort und verleiht jedem Raum eine elegante, stilvolle Note. <\/p>\n<p>Mit Sorgfalt und Liebe zum Detail handgewebt, ist jeder Kissenbezug ein Meisterwerk handwerklicher Kunst und spiegelt die reiche Textiltradition Usbekistans wider. Das Ergebnis ist ein dekoratives Highlight, das Eleganz und Glamour ausstrahlt und das Ambiente jedes Raumes aufwertet. <\/p>\n<p>Verziert mit einem kunstvollen Ikat-Muster ist unser Seiden-Kissenbezug ein zeitloses Statement-Piece, das deinem Wohnraum einen Hauch von Exotik verleiht. Ob auf dem Sofa, einem Sessel oder dem Bett platziert \u2013 sein elegantes Design und seine luxuri\u00f6se Textur ziehen alle Blicke auf sich und sorgen f\u00fcr Gespr\u00e4chsstoff. <\/p>\n<p>G\u00f6nn dir selbst oder einem geliebten Menschen den Luxus dieses handgefertigten Seiden-Kissenbezugs. Perfekt, um jedem Einrichtungsstil eine edle Note zu verleihen \u2013 die ultimative Wahl f\u00fcr alle, die das Besondere sch\u00e4tzen. Verwandle dein Zuhause in eine Oase aus Stil und Komfort mit unserem exquisiten Seiden-Kissenbezug aus Usbekistan.  <\/p>\n<\/div>\n<ul>\n<li>Dimensionen: 60x60cm<\/li>\n<li>Farbe: bunt<\/li>\n<li>Vorderseite: Ikat R\u00fcckseite: Einfarbig<\/li>\n<li>Vorderseite: Seide R\u00fcckseite: Modal<\/li>\n<li>Muster: Handgefertigt<\/li>\n<li>Limitierte Edition<\/li>\n<li>Pflege: Dry Clean Only<\/li>\n<li>Zipper<\/li>\n<\/ul>\n<\/div>\n<div id=\"sharing\" class=\"social-sharing\" data-permalink=\"https:\/\/yastikbyrifatozbek.com\/products\/ikat-7\"><\/div>\n","protected":false},"excerpt":{"rendered":"<div class=\"product-description-wrapper\">\n<div class=\"product-description-wrapper\">\n<p dir=\"auto\" data-pm-slice=\"1 1 []\">Luxuri\u00f6ser Kissenbezug aus feinstem Seidensamt \u2013 weich, k\u00fchl und besonders komfortabel. Handgewebt und handgefertigt in Usbekistan.<br \/>Das perfekte Geschenk f\u00fcr Ihre Liebsten: ein handgefertigtes Seidenkissen mit Ikat-Muster aus hochwertiger reiner Seide. Die edlen Materialien sorgen f\u00fcr ein unvergleichlich luxuri\u00f6ses Gef\u00fchl. Elegant, raffiniert und glamour\u00f6s \u2013 ein Highlight f\u00fcr jedes Zuhause.    <\/p>\n<\/div>\n<ul>\n<li>Wir pr\u00e4sentieren unsere luxuri\u00f6sen Velvet-Ikat-Kissen, gefertigt aus hochwertiger Seide.\n<p><\/li>\n<li>Handgefertigt von erfahrenen Kunsthandwerkern \u2013 jedes Kissen mit einem einzigartigen und farbenfrohen Ikat-Muster.<\/li>\n<li>Weiches und \u00fcppiges Samtmaterial f\u00fcr zus\u00e4tzlichen Luxus.\n<p><\/li>\n<li>Perfekt, um einen lebendigen und eklektischen Einrichtungsstil stilvoll zu erg\u00e4nzen.\n<p><\/li>\n<li>Erh\u00e4ltlich in verschiedenen Farben und Gr\u00f6\u00dfen.<\/li>\n<li>Ideales Geschenk f\u00fcr alle, die stilvolle Wohnaccessoires lieben.\n<p><\/li>\n<li>Verleihen Sie Ihrer Wohnkultur einen Hauch von Luxus mit unseren Velvet-Ikat-Kissen.\n<p><\/li>\n<\/ul>\n<p>Dimensionen: 60x60cm<\/p>\n<ul>\n<li>Farbe: bunt<\/li>\n<li>Vorderseite: Ikat R\u00fcckseite: Einfarbig<\/li>\n<li>Vorderseite: Seide R\u00fcckseite: Modal<\/li>\n<li>Muster: Handgefertigt<\/li>\n<li>Limitierte Edition<\/li>\n<li>Pflege: Dry Clean Only<\/li>\n<li>Zipper<\/li>\n<\/ul>\n<\/div>\n<div id=\"sharing\" class=\"social-sharing\" data-permalink=\"https:\/\/yastikbyrifatozbek.com\/products\/ikat-7\"><\/div>\n<p>&nbsp;<\/p>\n","protected":false},"featured_media":21964,"template":"","meta":[],"product_brand":[],"product_cat":[],"product_tag":[],"class_list":{"0":"post-22425","1":"product","2":"type-product","3":"status-publish","4":"has-post-thumbnail","7":"first","8":"outofstock","9":"sold-individually","10":"taxable","11":"shipping-taxable","12":"purchasable","13":"product-type-simple"},"jetpack_sharing_enabled":true,"_links":{"self":[{"href":"https:\/\/kulaberlin.com\/de\/wp-json\/wp\/v2\/product\/22425","targetHints":{"allow":["GET"]}}],"collection":[{"href":"https:\/\/kulaberlin.com\/de\/wp-json\/wp\/v2\/product"}],"about":[{"href":"https:\/\/kulaberlin.com\/de\/wp-json\/wp\/v2\/types\/product"}],"wp:featuredmedia":[{"embeddable":true,"href":"https:\/\/kulaberlin.com\/de\/wp-json\/wp\/v2\/media\/21964"}],"wp:attachment":[{"href":"https:\/\/kulaberlin.com\/de\/wp-json\/wp\/v2\/media?parent=22425"}],"wp:term":[{"taxonomy":"product_brand","embeddable":true,"href":"https:\/\/kulaberlin.com\/de\/wp-json\/wp\/v2\/product_brand?post=22425"},{"taxonomy":"product_cat","embeddable":true,"href":"https:\/\/kulaberlin.com\/de\/wp-json\/wp\/v2\/product_cat?post=22425"},{"taxonomy":"product_tag","embeddable":true,"href":"https:\/\/kulaberlin.com\/de\/wp-json\/wp\/v2\/product_tag?post=22425"}],"curies":[{"name":"wp","href":"https:\/\/api.w.org\/{rel}","templated":true}]}}