{"id":22430,"date":"2023-03-01T13:46:40","date_gmt":"2023-03-01T13:46:40","guid":{"rendered":"https:\/\/kulaberlin.com\/product\/veil-seiden-ikat-kissen\/"},"modified":"2023-03-01T13:46:40","modified_gmt":"2023-03-01T13:46:40","slug":"veil-seiden-ikat-kissen","status":"publish","type":"product","link":"https:\/\/kulaberlin.com\/de\/product\/veil-seiden-ikat-kissen\/","title":{"rendered":"VEIL Seiden-Ikat-Kissen"},"content":{"rendered":"<div class=\"product-description-wrapper\">\n<p dir=\"auto\" data-pm-slice=\"1 1 []\">Luxuri\u00f6ser Kopfkissenbezug aus feinstem Seidensamt. Weich, k\u00fchl und bequem. Gewebt und handgefertigt in Usbekistan.<br \/>\nDas perfekte Geschenk f\u00fcr Ihre Lieben, ein handgefertigtes Seidenkissen mit Ikat-Muster aus feinster reiner Seide. Die Materialien werden f\u00fcr ein besonders sch\u00f6nes und luxuri\u00f6ses Gef\u00fchl verwendet. Es ist elegant, raffiniert und glamour\u00f6s.    <\/p>\n<\/div>\n<ul>\n<li>Wir stellen Ihnen unsere luxuri\u00f6sen Velvet Ikat Kissen aus hochwertiger Seide vor.<\/li>\n<li>Handgefertigt von erfahrenen Kunsthandwerkern f\u00fcr ein einzigartiges und farbenfrohes Ikat-Muster<\/li>\n<li>Weiches und pr\u00e4chtiges Samtmaterial f\u00fcr zus\u00e4tzlichen Luxus<\/li>\n<li>Perfekt zur Erg\u00e4nzung eines lebendigen und eklektischen Einrichtungsstils<\/li>\n<li>In einer Vielzahl von Farben und Gr\u00f6\u00dfen erh\u00e4ltlich<\/li>\n<li>Tolle Geschenkidee f\u00fcr alle, die stilvolle Wohnkultur lieben<\/li>\n<li>Verleihen Sie Ihrer Einrichtung einen Hauch von Luxus mit unseren Ikat-Kissen aus Samt<\/li>\n<li>Schl\u00fcsselw\u00f6rter f\u00fcr SEO: Samtkissen, Ikat-Muster, Seidenkissen, Luxuri\u00f6se Wohnkultur, Handgefertigte Kissen, Bunte Kissen, Einzigartiges Design, Geschenkideen, Wohnaccessoires, Kulaberlin<\/li>\n<\/ul>\n<div class=\"product-description-wrapper\">\n<ul>\n<li>Ma\u00dfe: 60x60cm<\/li>\n<li>Farbe: gemischt<\/li>\n<li>Vorderseite: Ikat R\u00fcckseite: Einfarbig<\/li>\n<li>Stoff: Vorderseite Seide und R\u00fcckseite Modal<\/li>\n<li>Muster: Handgewebter Stoff<\/li>\n<li>Limited Edition<\/li>\n<li>Pflege: Handw\u00e4sche<\/li>\n<li>Rei\u00dfverschluss in Naht<\/li>\n<\/ul>\n<\/div>\n<div id=\"sharing\" class=\"social-sharing\" data-permalink=\"https:\/\/yastikbyrifatozbek.com\/products\/ikat-7\"><\/div>\n","protected":false},"excerpt":{"rendered":"<div class=\"product-description-wrapper\">\n<div class=\"product-description-wrapper\">\n<p dir=\"auto\" data-pm-slice=\"1 1 []\">Luxuri\u00f6ser Kopfkissenbezug aus feinstem Seidensamt. Weich, k\u00fchl und bequem. Gewebt und handgefertigt in Usbekistan.<br \/>\nDas perfekte Geschenk f\u00fcr Ihre Lieben, ein handgefertigtes Seidenkissen mit Ikat-Muster aus feinster reiner Seide. Die Materialien werden f\u00fcr ein besonders sch\u00f6nes und luxuri\u00f6ses Gef\u00fchl verwendet. Es ist elegant, raffiniert und glamour\u00f6s.    <\/p>\n<\/div>\n<ul>\n<li>Wir stellen Ihnen unsere luxuri\u00f6sen Velvet Ikat Kissen aus hochwertiger Seide vor.<\/li>\n<li>Handgefertigt von erfahrenen Kunsthandwerkern f\u00fcr ein einzigartiges und farbenfrohes Ikat-Muster<\/li>\n<li>Weiches und pr\u00e4chtiges Samtmaterial f\u00fcr zus\u00e4tzlichen Luxus<\/li>\n<li>Perfekt zur Erg\u00e4nzung eines lebendigen und eklektischen Einrichtungsstils<\/li>\n<li>In einer Vielzahl von Farben und Gr\u00f6\u00dfen erh\u00e4ltlich<\/li>\n<li>Tolle Geschenkidee f\u00fcr alle, die stilvolle Wohnkultur lieben<\/li>\n<li>Verleihen Sie Ihrer Einrichtung einen Hauch von Luxus mit unseren Ikat-Kissen aus Samt<\/li>\n<\/ul>\n<div class=\"product-description-wrapper\"><\/div>\n<p>&nbsp;<\/p>\n<p>&nbsp;<\/p>\n<p>Ma\u00dfe: 60x60cm<\/p>\n<ul>\n<li>Farbe: gemischt<\/li>\n<li>Vorderseite: Ikat R\u00fcckseite: Einfarbig<\/li>\n<li>Stoff: Vorderseite Seide und R\u00fcckseite Modal<\/li>\n<li>Muster: Handgewebter Stoff<\/li>\n<li>Limited Edition<\/li>\n<li>Pflege: Handw\u00e4sche<\/li>\n<li>Rei\u00dfverschluss in Naht<\/li>\n<\/ul>\n<\/div>\n<div id=\"sharing\" class=\"social-sharing\" data-permalink=\"https:\/\/yastikbyrifatozbek.com\/products\/ikat-7\"><\/div>\n<p>&nbsp;<\/p>\n","protected":false},"featured_media":24816,"template":"","meta":[],"product_brand":[],"product_cat":[899],"product_tag":[],"class_list":{"0":"post-22430","1":"product","2":"type-product","3":"status-publish","4":"has-post-thumbnail","6":"product_cat-art","8":"first","9":"instock","10":"taxable","11":"shipping-taxable","12":"purchasable","13":"product-type-simple"},"jetpack_sharing_enabled":true,"_links":{"self":[{"href":"https:\/\/kulaberlin.com\/de\/wp-json\/wp\/v2\/product\/22430","targetHints":{"allow":["GET"]}}],"collection":[{"href":"https:\/\/kulaberlin.com\/de\/wp-json\/wp\/v2\/product"}],"about":[{"href":"https:\/\/kulaberlin.com\/de\/wp-json\/wp\/v2\/types\/product"}],"wp:featuredmedia":[{"embeddable":true,"href":"https:\/\/kulaberlin.com\/de\/wp-json\/wp\/v2\/media\/24816"}],"wp:attachment":[{"href":"https:\/\/kulaberlin.com\/de\/wp-json\/wp\/v2\/media?parent=22430"}],"wp:term":[{"taxonomy":"product_brand","embeddable":true,"href":"https:\/\/kulaberlin.com\/de\/wp-json\/wp\/v2\/product_brand?post=22430"},{"taxonomy":"product_cat","embeddable":true,"href":"https:\/\/kulaberlin.com\/de\/wp-json\/wp\/v2\/product_cat?post=22430"},{"taxonomy":"product_tag","embeddable":true,"href":"https:\/\/kulaberlin.com\/de\/wp-json\/wp\/v2\/product_tag?post=22430"}],"curies":[{"name":"wp","href":"https:\/\/api.w.org\/{rel}","templated":true}]}}