{"id":22437,"date":"2023-03-01T12:59:49","date_gmt":"2023-03-01T12:59:49","guid":{"rendered":"https:\/\/kulaberlin.com\/product\/leone-seiden-ikat-kissen\/"},"modified":"2023-03-01T12:59:49","modified_gmt":"2023-03-01T12:59:49","slug":"leone-seiden-ikat-kissen","status":"publish","type":"product","link":"https:\/\/kulaberlin.com\/de\/product\/leone-seiden-ikat-kissen\/","title":{"rendered":"LEONE Seiden-Ikat-Kissen"},"content":{"rendered":"<div class=\"product-description-wrapper\">\n<p>Erh\u00f6hen Sie den Luxus Ihrer Einrichtung mit unserem luxuri\u00f6sen Kissenbezug, der sorgf\u00e4ltig aus feinstem Seidensamt aus Usbekistan hergestellt wird. Dieser Kissenbezug f\u00fchlt sich weich an und ist herrlich k\u00fchl. Er bietet unvergleichlichen Komfort und verleiht jedem Raum einen Hauch von Raffinesse. <\/p>\n<p>Mit Sorgfalt und Liebe zum Detail handgewebt, ist jeder Kissenbezug ein Meisterwerk handwerklicher Kunstfertigkeit, das die reichen Textiltraditionen Usbekistans widerspiegelt. Das Ergebnis ist ein dekorativer Akzent, der Eleganz und Glamour ausstrahlt und das Ambiente eines jeden Raumes aufwertet. <\/p>\n<p>Unser Seidenkissenbezug mit dem verschlungenen Ikat-Muster ist ein zeitloses Statement, das Ihrem Wohnbereich exotischen Charme verleiht. Ob auf einem Sofa, einem Sessel oder einem Bett, das elegante Design und die \u00fcppige Textur ziehen die Blicke auf sich und sorgen f\u00fcr Gespr\u00e4chsstoff. <\/p>\n<p>Schenken Sie sich selbst oder einem geliebten Menschen Luxus mit diesem handgefertigten Kissenbezug aus Seide. Er eignet sich perfekt, um jeder Inneneinrichtung einen Hauch von Raffinesse zu verleihen und ist der ultimative Genuss f\u00fcr alle, die die feinen Dinge des Lebens zu sch\u00e4tzen wissen. Verwandeln Sie Ihr Zuhause in ein Heiligtum aus Stil und Komfort mit unserem exquisiten Seidenkissenbezug aus Usbekistan.  <\/p>\n<ul>\n<li>Ma\u00dfe: 60x60cm<\/li>\n<li>Farbe: gemischt<\/li>\n<li>Vorderseite: Ikat R\u00fcckseite: Einfarbig<\/li>\n<li>Stoff: Vorderseite Seide und R\u00fcckseite Modal<\/li>\n<li>Muster: Handgewebter Stoff<\/li>\n<li>Limited Edition<\/li>\n<li>Pflege: Handw\u00e4sche<\/li>\n<li>Rei\u00dfverschluss in Naht<\/li>\n<\/ul>\n<\/div>\n<div id=\"sharing\" class=\"social-sharing\" data-permalink=\"https:\/\/yastikbyrifatozbek.com\/products\/ikat-7\"><\/div>\n","protected":false},"excerpt":{"rendered":"<div class=\"product-description-wrapper\">\n<p>Luxuri\u00f6ser Kopfkissenbezug aus feinstem Samt Sik. Original Ikat. <\/p>\n<p>Ma\u00dfe: 60x60cm<\/p>\n<ul>\n<li>Farbe: gemischt<\/li>\n<li>Vorderseite: Ikat R\u00fcckseite: Einfarbig<\/li>\n<li>Stoff: Vorderseite Seide und R\u00fcckseite Modal<\/li>\n<li>Muster: Handgewebter Stoff<\/li>\n<li>Limited Edition<\/li>\n<li>Pflege: Handw\u00e4sche<\/li>\n<li>Rei\u00dfverschluss in Naht<\/li>\n<\/ul>\n<\/div>\n<div id=\"sharing\" class=\"social-sharing\" data-permalink=\"https:\/\/yastikbyrifatozbek.com\/products\/ikat-7\"><\/div>\n<p>&nbsp;<\/p>\n","protected":false},"featured_media":21979,"template":"","meta":[],"product_brand":[],"product_cat":[1299],"product_tag":[1304,1298,1303,1302,1305,1300,1301],"class_list":{"0":"post-22437","1":"product","2":"type-product","3":"status-publish","4":"has-post-thumbnail","6":"product_cat-cushion-de","7":"product_tag-einzigartig-de","8":"product_tag-handgemacht","9":"product_tag-ikat-de","10":"product_tag-iktat-de","11":"product_tag-luxuriose-materialien","12":"product_tag-seide","13":"product_tag-seidenkissen","14":"product_shipping_class-schwerwegen-1-kg","16":"first","17":"instock","18":"taxable","19":"shipping-taxable","20":"purchasable","21":"product-type-simple"},"jetpack_sharing_enabled":true,"_links":{"self":[{"href":"https:\/\/kulaberlin.com\/de\/wp-json\/wp\/v2\/product\/22437","targetHints":{"allow":["GET"]}}],"collection":[{"href":"https:\/\/kulaberlin.com\/de\/wp-json\/wp\/v2\/product"}],"about":[{"href":"https:\/\/kulaberlin.com\/de\/wp-json\/wp\/v2\/types\/product"}],"wp:featuredmedia":[{"embeddable":true,"href":"https:\/\/kulaberlin.com\/de\/wp-json\/wp\/v2\/media\/21979"}],"wp:attachment":[{"href":"https:\/\/kulaberlin.com\/de\/wp-json\/wp\/v2\/media?parent=22437"}],"wp:term":[{"taxonomy":"product_brand","embeddable":true,"href":"https:\/\/kulaberlin.com\/de\/wp-json\/wp\/v2\/product_brand?post=22437"},{"taxonomy":"product_cat","embeddable":true,"href":"https:\/\/kulaberlin.com\/de\/wp-json\/wp\/v2\/product_cat?post=22437"},{"taxonomy":"product_tag","embeddable":true,"href":"https:\/\/kulaberlin.com\/de\/wp-json\/wp\/v2\/product_tag?post=22437"}],"curies":[{"name":"wp","href":"https:\/\/api.w.org\/{rel}","templated":true}]}}