{"id":22450,"date":"2023-03-01T14:07:32","date_gmt":"2023-03-01T14:07:32","guid":{"rendered":"https:\/\/kulaberlin.com\/product\/miras-seiden-ikat-kissen\/"},"modified":"2023-03-01T14:07:32","modified_gmt":"2023-03-01T14:07:32","slug":"miras-seiden-ikat-kissen","status":"publish","type":"product","link":"https:\/\/kulaberlin.com\/de\/product\/miras-seiden-ikat-kissen\/","title":{"rendered":"MIRAS Seiden-Ikat-Kissen"},"content":{"rendered":"<div class=\"product-description-wrapper\">\n<p>&nbsp;<\/p>\n<p>Erh\u00f6hen Sie den Luxus Ihrer Einrichtung mit unserem luxuri\u00f6sen Kissenbezug, der sorgf\u00e4ltig aus feinstem Seidensamt aus Usbekistan hergestellt wird. Dieser Kissenbezug f\u00fchlt sich weich an und ist herrlich k\u00fchl. Er bietet unvergleichlichen Komfort und verleiht jedem Raum einen Hauch von Raffinesse. <\/p>\n<p>Mit Sorgfalt und Liebe zum Detail handgewebt, ist jeder Kissenbezug ein Meisterwerk handwerklicher Kunstfertigkeit, das die reichen Textiltraditionen Usbekistans widerspiegelt. Das Ergebnis ist ein dekorativer Akzent, der Eleganz und Glamour ausstrahlt und das Ambiente eines jeden Raumes aufwertet. <\/p>\n<p>Unser Seidenkissenbezug mit dem verschlungenen Ikat-Muster ist ein zeitloses Statement, das Ihrem Wohnbereich exotischen Charme verleiht. Ob auf einem Sofa, einem Sessel oder einem Bett, das elegante Design und die \u00fcppige Textur ziehen die Blicke auf sich und sorgen f\u00fcr Gespr\u00e4chsstoff. <\/p>\n<p>Schenken Sie sich selbst oder einem geliebten Menschen Luxus mit diesem handgefertigten Kissenbezug aus Seide. Er eignet sich perfekt, um jeder Inneneinrichtung einen Hauch von Raffinesse zu verleihen und ist der ultimative Genuss f\u00fcr alle, die die feinen Dinge des Lebens zu sch\u00e4tzen wissen. Verwandeln Sie Ihr Zuhause in ein Heiligtum aus Stil und Komfort mit unserem exquisiten Seidenkissenbezug aus Usbekistan.  <\/p>\n<p>Ma\u00dfe: 60&#215;60<\/p>\n<ul>\n<li>Farbe: gemischt<\/li>\n<li>Vorderseite: Ikat R\u00fcckseite: Einfarbig<\/li>\n<li>Stoff: Vorderseite Seide und R\u00fcckseite Modal<\/li>\n<li>Muster: Handgewebter Stoff<\/li>\n<li>Limited Edition<\/li>\n<li>Pflege: Handw\u00e4sche<\/li>\n<li>Rei\u00dfverschluss in Naht<\/li>\n<\/ul>\n<\/div>\n<div id=\"sharing\" class=\"social-sharing\" data-permalink=\"https:\/\/yastikbyrifatozbek.com\/products\/ikat-7\"><\/div>\n","protected":false},"excerpt":{"rendered":"<div class=\"product-description-wrapper\">\n<p>Luxuri\u00f6ser Kopfkissenbezug aus feinster Samt-Seide. Original Ikat. <\/p>\n<ul>\n<li>Wir stellen Ihnen unsere luxuri\u00f6sen Velvet Ikat Kissen aus hochwertiger Seide vor.<\/li>\n<li>Handgefertigt von erfahrenen Kunsthandwerkern f\u00fcr ein einzigartiges und farbenfrohes Ikat-Muster<\/li>\n<li>Weiches und pr\u00e4chtiges Samtmaterial f\u00fcr zus\u00e4tzlichen Luxus<\/li>\n<li>Perfekt zur Erg\u00e4nzung eines lebendigen und eklektischen Einrichtungsstils<\/li>\n<li>In einer Vielzahl von Farben und Gr\u00f6\u00dfen erh\u00e4ltlich<\/li>\n<li>Tolle Geschenkidee f\u00fcr alle, die stilvolle Wohnkultur lieben<\/li>\n<li>Verleihen Sie Ihrer Einrichtung einen Hauch von Luxus mit unseren Ikat-Kissen aus Samt<\/li>\n<\/ul>\n<p>Ma\u00dfe: 60x60cm<\/p>\n<ul>\n<li>Farbe: gemischt<\/li>\n<li>Vorderseite: Ikat R\u00fcckseite: Einfarbig<\/li>\n<li>Stoff: Vorderseite Seide und R\u00fcckseite Modal<\/li>\n<li>Muster: Handgewebter Stoff<\/li>\n<li>Limited Edition<\/li>\n<li>Pflege: Handw\u00e4sche<\/li>\n<li>Rei\u00dfverschluss in Naht<\/li>\n<\/ul>\n<\/div>\n<div id=\"sharing\" class=\"social-sharing\" data-permalink=\"https:\/\/yastikbyrifatozbek.com\/products\/ikat-7\"><\/div>\n<p>&nbsp;<\/p>\n","protected":false},"featured_media":22234,"template":"","meta":[],"product_brand":[],"product_cat":[1299],"product_tag":[1319,1304,1320,1321,1318,1298,1303,1315,1302,1262,1305,1317,1314,1300,1316,1301,1322],"class_list":{"0":"post-22450","1":"product","2":"type-product","3":"status-publish","4":"has-post-thumbnail","6":"product_cat-cushion-de","7":"product_tag-bunte-kissen","8":"product_tag-einzigartig-de","9":"product_tag-einzigartiges-design","10":"product_tag-geschenkideen","11":"product_tag-handgefertigte-kissen","12":"product_tag-handgemacht","13":"product_tag-ikat-de","14":"product_tag-ikat-muster","15":"product_tag-iktat-de","16":"product_tag-kulaberlin-de-2","17":"product_tag-luxuriose-materialien","18":"product_tag-luxuriose-wohnkultur","19":"product_tag-samt-kissen","20":"product_tag-seide","21":"product_tag-seidenkissen-de","22":"product_tag-seidenkissen","23":"product_tag-wohnaccessoires","24":"product_shipping_class-schwerwegen-1-kg","26":"first","27":"instock","28":"sold-individually","29":"taxable","30":"shipping-taxable","31":"purchasable","32":"product-type-simple"},"jetpack_sharing_enabled":true,"_links":{"self":[{"href":"https:\/\/kulaberlin.com\/de\/wp-json\/wp\/v2\/product\/22450","targetHints":{"allow":["GET"]}}],"collection":[{"href":"https:\/\/kulaberlin.com\/de\/wp-json\/wp\/v2\/product"}],"about":[{"href":"https:\/\/kulaberlin.com\/de\/wp-json\/wp\/v2\/types\/product"}],"wp:featuredmedia":[{"embeddable":true,"href":"https:\/\/kulaberlin.com\/de\/wp-json\/wp\/v2\/media\/22234"}],"wp:attachment":[{"href":"https:\/\/kulaberlin.com\/de\/wp-json\/wp\/v2\/media?parent=22450"}],"wp:term":[{"taxonomy":"product_brand","embeddable":true,"href":"https:\/\/kulaberlin.com\/de\/wp-json\/wp\/v2\/product_brand?post=22450"},{"taxonomy":"product_cat","embeddable":true,"href":"https:\/\/kulaberlin.com\/de\/wp-json\/wp\/v2\/product_cat?post=22450"},{"taxonomy":"product_tag","embeddable":true,"href":"https:\/\/kulaberlin.com\/de\/wp-json\/wp\/v2\/product_tag?post=22450"}],"curies":[{"name":"wp","href":"https:\/\/api.w.org\/{rel}","templated":true}]}}