{"id":22458,"date":"2022-09-23T17:54:22","date_gmt":"2022-09-23T17:54:22","guid":{"rendered":"https:\/\/kulaberlin.com\/product\/kleo-seiden-ikat-kissen\/"},"modified":"2025-07-21T06:52:07","modified_gmt":"2025-07-21T06:52:07","slug":"kleo-seiden-ikat-kissen","status":"publish","type":"product","link":"https:\/\/kulaberlin.com\/de\/product\/kleo-seiden-ikat-kissen\/","title":{"rendered":"KLEO Seiden-Ikat-Kissen"},"content":{"rendered":"<div class=\"product-description-wrapper\">\n<p>G\u00f6nnen Sie sich unvergleichlichen Luxus mit unserem pr\u00e4chtigen Kissenbezug, der sorgf\u00e4ltig aus feinstem Seidensamt aus Usbekistan gefertigt wurde. Dieser exquisite Kissenbezug verspricht ein opulentes Schlaferlebnis, das h\u00f6chste Weichheit, K\u00fchle und unvergleichlichen Komfort vereint. <\/p>\n<p>Tauchen Sie ein in die F\u00fclle handgefertigter Eleganz, denn jeder Kissenbezug wird mit akribischer Sorgfalt und Liebe zum Detail gewebt, um ein makelloses Finish zu gew\u00e4hrleisten, das Raffinesse ausstrahlt. Unsere Kunsthandwerker in Usbekistan wenden traditionelle Techniken an, um ein Meisterwerk zu schaffen, das mehr ist als nur ein Bettzeug &#8211; ein Symbol f\u00fcr raffinierten Geschmack und anspruchsvollen Luxus. <\/p>\n<p>G\u00f6nnen Sie Ihren Liebsten den ultimativen Genuss mit diesem handgefertigten Seidenkissen mit Ikat-Muster, einem zeitlosen Design, das jedem Raum einen Hauch von exotischem Charme verleiht. Aus reinster Seide gefertigt, wird jeder Faden nach seiner unvergleichlichen Qualit\u00e4t ausgew\u00e4hlt. Das Ergebnis ist ein Kissenbezug, der pure Eleganz und Glamour verk\u00f6rpert. <\/p>\n<p>Werten Sie Ihr Zuhause mit diesem exquisiten Meisterwerk auf, das die Kunstfertigkeit und das handwerkliche Erbe der usbekischen Textilindustrie widerspiegelt. Ob als aufmerksames Geschenk oder als dekadente Erg\u00e4nzung Ihres Heiligtums, unser luxuri\u00f6ser Seidenkissenbezug verspricht, Sie in unvergleichlichen Komfort und Stil zu h\u00fcllen. Erleben Sie den Inbegriff von Luxus mit jeder Umarmung und verwandeln Sie Ihre Schlafenszeit mit unserem handgefertigten Seidenkissenbezug in einen verschwenderischen R\u00fcckzugsort.  <\/p>\n<ul>\n<li>Ma\u00dfe: 60x60cm<\/li>\n<li>Farbe: gemischt<\/li>\n<li>Vorderseite: Ikat R\u00fcckseite: Einfarbig<\/li>\n<li>Stoff: Vorderseite Seide und R\u00fcckseite Modal<\/li>\n<li>Muster: Handgewebter Stoff<\/li>\n<li>Limited Edition<\/li>\n<li>Pflege: Handw\u00e4sche<\/li>\n<li>Rei\u00dfverschluss in Naht<\/li>\n<\/ul>\n<\/div>\n<div id=\"sharing\" class=\"social-sharing\" data-permalink=\"https:\/\/yastikbyrifatozbek.com\/products\/ikat-7\"><\/div>\n","protected":false},"excerpt":{"rendered":"<div class=\"product-description-wrapper\">\n<p>Luxuri\u00f6ser Kopfkissenbezug aus feinstem Samt Sik. Original Ikat. <\/p>\n<p>Ma\u00dfe: 60x60cm<\/p>\n<ul>\n<li>Farbe: gemischt<\/li>\n<li>Vorderseite: Ikat R\u00fcckseite: Einfarbig<\/li>\n<li>Stoff: Vorderseite Seide und R\u00fcckseite Modal<\/li>\n<li>Muster: Handgewebter Stoff<\/li>\n<li>Limited Edition<\/li>\n<li>Pflege: Handw\u00e4sche<\/li>\n<li>Rei\u00dfverschluss in Naht<\/li>\n<\/ul>\n<\/div>\n<div id=\"sharing\" class=\"social-sharing\" data-permalink=\"https:\/\/yastikbyrifatozbek.com\/products\/ikat-7\"><\/div>\n<p>&nbsp;<\/p>\n","protected":false},"featured_media":21971,"template":"","meta":[],"product_brand":[],"product_cat":[1299],"product_tag":[1304,1298,1303,1302,1305,1300,1301],"class_list":{"0":"post-22458","1":"product","2":"type-product","3":"status-publish","4":"has-post-thumbnail","6":"product_cat-cushion-de","7":"product_tag-einzigartig-de","8":"product_tag-handgemacht","9":"product_tag-ikat-de","10":"product_tag-iktat-de","11":"product_tag-luxuriose-materialien","12":"product_tag-seide","13":"product_tag-seidenkissen","14":"product_shipping_class-schwerwegen-1-kg","16":"first","17":"instock","18":"sold-individually","19":"taxable","20":"shipping-taxable","21":"purchasable","22":"product-type-simple"},"jetpack_sharing_enabled":true,"_links":{"self":[{"href":"https:\/\/kulaberlin.com\/de\/wp-json\/wp\/v2\/product\/22458","targetHints":{"allow":["GET"]}}],"collection":[{"href":"https:\/\/kulaberlin.com\/de\/wp-json\/wp\/v2\/product"}],"about":[{"href":"https:\/\/kulaberlin.com\/de\/wp-json\/wp\/v2\/types\/product"}],"wp:featuredmedia":[{"embeddable":true,"href":"https:\/\/kulaberlin.com\/de\/wp-json\/wp\/v2\/media\/21971"}],"wp:attachment":[{"href":"https:\/\/kulaberlin.com\/de\/wp-json\/wp\/v2\/media?parent=22458"}],"wp:term":[{"taxonomy":"product_brand","embeddable":true,"href":"https:\/\/kulaberlin.com\/de\/wp-json\/wp\/v2\/product_brand?post=22458"},{"taxonomy":"product_cat","embeddable":true,"href":"https:\/\/kulaberlin.com\/de\/wp-json\/wp\/v2\/product_cat?post=22458"},{"taxonomy":"product_tag","embeddable":true,"href":"https:\/\/kulaberlin.com\/de\/wp-json\/wp\/v2\/product_tag?post=22458"}],"curies":[{"name":"wp","href":"https:\/\/api.w.org\/{rel}","templated":true}]}}