{"id":22471,"date":"2022-09-23T17:19:00","date_gmt":"2022-09-23T17:19:00","guid":{"rendered":"https:\/\/kulaberlin.com\/product\/sidika-seiden-ikat-kissen\/"},"modified":"2022-09-23T17:19:00","modified_gmt":"2022-09-23T17:19:00","slug":"sidika-seiden-ikat-kissen","status":"publish","type":"product","link":"https:\/\/kulaberlin.com\/de\/product\/sidika-seiden-ikat-kissen\/","title":{"rendered":"SIDIKA Seiden-Ikat-Kissen"},"content":{"rendered":"<div class=\"product-description-wrapper\">\n<p dir=\"auto\" data-pm-slice=\"1 1 []\">Luxuri\u00f6ser Kopfkissenbezug aus feinstem Seidensamt. Weich, k\u00fchl und bequem. Gewebt und handgefertigt in Usbekistan.<br \/>\nDas perfekte Geschenk f\u00fcr Ihre Lieben, ein handgefertigtes Seidenkissen mit Ikat-Muster aus feinster reiner Seide. Die Materialien werden f\u00fcr ein besonders sch\u00f6nes und luxuri\u00f6ses Gef\u00fchl verwendet. Es ist elegant, raffiniert und glamour\u00f6s.    <\/p>\n<ul>\n<li>Ma\u00dfe: 50x50cm<\/li>\n<li>Farbe: gemischt<\/li>\n<li>Vorderseite: Ikat R\u00fcckseite: Einfarbig<\/li>\n<li>Stoff: Vorderseite Seide und R\u00fcckseite Modal<\/li>\n<li>Muster: Handgewebter Stoff<\/li>\n<li>Limited Edition<\/li>\n<li>Pflege: Handw\u00e4sche<\/li>\n<li>Rei\u00dfverschluss in Naht<\/li>\n<\/ul>\n<\/div>\n<div id=\"sharing\" class=\"social-sharing\" data-permalink=\"https:\/\/yastikbyrifatozbek.com\/products\/ikat-7\"><\/div>\n","protected":false},"excerpt":{"rendered":"<div class=\"product-description-wrapper\">\n<p>Luxuri\u00f6ser Kopfkissenbezug aus feinstem Samt Sik. Original Ikat. <\/p>\n<p>Ma\u00dfe: 50x50cm<\/p>\n<ul>\n<li>Farbe: gemischt<\/li>\n<li>Vorderseite: Ikat R\u00fcckseite: Einfarbig<\/li>\n<li>Stoff: Vorderseite Seide und R\u00fcckseite Modal<\/li>\n<li>Muster: Handgewebter Stoff<\/li>\n<li>Limited Edition<\/li>\n<li>Pflege: Handw\u00e4sche<\/li>\n<li>Rei\u00dfverschluss in Naht<\/li>\n<\/ul>\n<\/div>\n<div id=\"sharing\" class=\"social-sharing\" data-permalink=\"https:\/\/yastikbyrifatozbek.com\/products\/ikat-7\"><\/div>\n<p>&nbsp;<\/p>\n","protected":false},"featured_media":18449,"template":"","meta":[],"product_brand":[],"product_cat":[],"product_tag":[],"class_list":{"0":"post-22471","1":"product","2":"type-product","3":"status-publish","4":"has-post-thumbnail","7":"first","8":"outofstock","9":"sold-individually","10":"taxable","11":"shipping-taxable","12":"purchasable","13":"product-type-simple"},"jetpack_sharing_enabled":true,"_links":{"self":[{"href":"https:\/\/kulaberlin.com\/de\/wp-json\/wp\/v2\/product\/22471","targetHints":{"allow":["GET"]}}],"collection":[{"href":"https:\/\/kulaberlin.com\/de\/wp-json\/wp\/v2\/product"}],"about":[{"href":"https:\/\/kulaberlin.com\/de\/wp-json\/wp\/v2\/types\/product"}],"wp:featuredmedia":[{"embeddable":true,"href":"https:\/\/kulaberlin.com\/de\/wp-json\/wp\/v2\/media\/18449"}],"wp:attachment":[{"href":"https:\/\/kulaberlin.com\/de\/wp-json\/wp\/v2\/media?parent=22471"}],"wp:term":[{"taxonomy":"product_brand","embeddable":true,"href":"https:\/\/kulaberlin.com\/de\/wp-json\/wp\/v2\/product_brand?post=22471"},{"taxonomy":"product_cat","embeddable":true,"href":"https:\/\/kulaberlin.com\/de\/wp-json\/wp\/v2\/product_cat?post=22471"},{"taxonomy":"product_tag","embeddable":true,"href":"https:\/\/kulaberlin.com\/de\/wp-json\/wp\/v2\/product_tag?post=22471"}],"curies":[{"name":"wp","href":"https:\/\/api.w.org\/{rel}","templated":true}]}}