{"id":22478,"date":"2022-08-11T11:09:06","date_gmt":"2022-08-11T11:09:06","guid":{"rendered":"https:\/\/kulaberlin.com\/product\/serie-1-nr-3-transformation\/"},"modified":"2022-08-11T11:09:06","modified_gmt":"2022-08-11T11:09:06","slug":"serie-1-nr-3-transformation","status":"publish","type":"product","link":"https:\/\/kulaberlin.com\/de\/product\/serie-1-nr-3-transformation\/","title":{"rendered":"Serie 1, Nr.3 Transformation"},"content":{"rendered":"<p>Okan G\u00f6kg\u00f6z: &#8222;Transformation&#8220; No. 3; 2022<br \/>\nEinzelst\u00fcck, zertifiziert, handsigniert, betitelt, datiert<br \/>\nDokumentation und Art Statement<br \/>\nBeton auf Lehm<br \/>\nFormat: 36cmx28cm<br \/>\nK\u00fcnstler: Okan G\u00f6kg\u00f6z<\/p>\n<div>\n<div class=\"mb-4\">\n<div class=\"product-detail-price-container links-unstyled\">\n<p class=\"product-detail-price\">\n<\/div>\n<div class=\"product-detail-tax-container\"><\/div>\n<\/div>\n<\/div>\n<div class=\"flex-1 overflow-hidden\">\n<div class=\"react-scroll-to-bottom--css-xgurs-79elbk h-full dark:bg-gray-800\">\n<div class=\"react-scroll-to-bottom--css-xgurs-1n7m0yu\">\n<div class=\"flex flex-col items-center text-sm dark:bg-gray-800\">\n<div class=\"group w-full text-gray-800 dark:text-gray-100 border-b border-black\/10 dark:border-gray-900\/50 bg-gray-50 dark:bg-[#444654]\">\n<div class=\"text-base gap-4 md:gap-6 md:max-w-2xl lg:max-w-xl xl:max-w-3xl p-4 md:py-6 flex lg:px-0 m-auto\">\n<div class=\"relative flex w-[calc(100%-50px)] flex-col gap-1 md:gap-3 lg:w-[calc(100%-115px)]\">\n<div class=\"flex flex-grow flex-col gap-3\">\n<div class=\"min-h-[20px] flex flex-col items-start gap-4 whitespace-pre-wrap\">\n<div class=\"markdown prose w-full break-words dark:prose-invert light\">\n<p>&nbsp;<\/p>\n<\/div>\n<\/div>\n<\/div>\n<div class=\"flex justify-between lg:block\">\n<div class=\"text-gray-400 flex self-end lg:self-center justify-center mt-2 gap-2 md:gap-3 lg:gap-1 lg:absolute lg:top-0 lg:translate-x-full lg:right-0 lg:mt-0 lg:pl-2 visible\"><\/div>\n<\/div>\n<\/div>\n<\/div>\n<\/div>\n<div class=\"w-full h-32 md:h-48 flex-shrink-0\"><\/div>\n<\/div>\n<p>&nbsp;<\/p>\n<\/div>\n<\/div>\n<\/div>\n<div class=\"absolute bottom-0 left-0 w-full border-t md:border-t-0 dark:border-white\/20 md:border-transparent md:dark:border-transparent md:bg-vert-light-gradient bg-white dark:bg-gray-800 md:!bg-transparent dark:md:bg-vert-dark-gradient pt-2\">\n<form class=\"stretch mx-2 flex flex-row gap-3 last:mb-2 md:mx-4 md:last:mb-6 lg:mx-auto lg:max-w-2xl xl:max-w-3xl\">\n<div class=\"relative flex h-full flex-1 md:flex-col\">\n<div class=\"flex ml-1 md:w-full md:m-auto md:mb-2 gap-0 md:gap-2 justify-center\"><\/div>\n<\/div>\n<\/form>\n<\/div>\n","protected":false},"excerpt":{"rendered":"<p>Okan G\u00f6kg\u00f6z: &#8222;Transformation&#8220;, Nr. 3, 2022<br \/>\nEinzelst\u00fcck, zertifiziert, handsigniert, betitelt, datiert<br \/>\nDokumentation und Art Statement<br \/>\nBeton auf Lehm<br \/>\nFormat: 36cmx28cm<br \/>\nK\u00fcnstler: Okan G\u00f6kg\u00f6z<\/p>\n<div>\n<div class=\"mb-4\">\n<div class=\"product-detail-price-container links-unstyled\">\n<ul>\n<li>&#8222;Transformation&#8220; Nr. 3 von Okan G\u00f6kg\u00f6z: Eine einzigartige und auff\u00e4llige Skulptur<\/li>\n<li>Einzelst\u00fcck, zertifiziert, handsigniert, betitelt und datiert f\u00fcr die Authentizit\u00e4t<\/li>\n<li>Hergestellt aus Beton auf Lehm f\u00fcr Langlebigkeit und visuelle Attraktivit\u00e4t<\/li>\n<li>Wird mit Dokumentation und Kunsterkl\u00e4rung geliefert<\/li>\n<li>Kompaktes Format: 36cm x 28cm<\/li>\n<li>Erstellt von dem talentierten K\u00fcnstler Okan G\u00f6kg\u00f6z<\/li>\n<\/ul>\n<\/div>\n<div class=\"product-detail-tax-container\"><\/div>\n<\/div>\n<\/div>\n<p>&nbsp;<\/p>\n","protected":false},"featured_media":18345,"template":"","meta":[],"product_brand":[],"product_cat":[1356,1351],"product_tag":[1349,1360,1358,1354,1363,1348,1362,1353,1361,1352,1357,1355,1359],"class_list":{"0":"post-22478","1":"product","2":"type-product","3":"status-publish","4":"has-post-thumbnail","6":"product_cat-kunst","7":"product_cat-art-de-3","8":"product_tag-berlin-de-2","9":"product_tag-beton-auf-ton","10":"product_tag-einzelstuck","11":"product_tag-istanbul-de","12":"product_tag-kompaktes-format","13":"product_tag-kunst-de","14":"product_tag-kunst-investition","15":"product_tag-kunstler","16":"product_tag-kunstsammlung","17":"product_tag-okan-gokgoz-de","18":"product_tag-serie-verwandlung","19":"product_tag-transformation-de","20":"product_tag-zertifiziert","21":"product_shipping_class-schwerwegen-10kg","23":"first","24":"outofstock","25":"sold-individually","26":"taxable","27":"shipping-taxable","28":"purchasable","29":"product-type-simple"},"jetpack_sharing_enabled":true,"_links":{"self":[{"href":"https:\/\/kulaberlin.com\/de\/wp-json\/wp\/v2\/product\/22478","targetHints":{"allow":["GET"]}}],"collection":[{"href":"https:\/\/kulaberlin.com\/de\/wp-json\/wp\/v2\/product"}],"about":[{"href":"https:\/\/kulaberlin.com\/de\/wp-json\/wp\/v2\/types\/product"}],"wp:featuredmedia":[{"embeddable":true,"href":"https:\/\/kulaberlin.com\/de\/wp-json\/wp\/v2\/media\/18345"}],"wp:attachment":[{"href":"https:\/\/kulaberlin.com\/de\/wp-json\/wp\/v2\/media?parent=22478"}],"wp:term":[{"taxonomy":"product_brand","embeddable":true,"href":"https:\/\/kulaberlin.com\/de\/wp-json\/wp\/v2\/product_brand?post=22478"},{"taxonomy":"product_cat","embeddable":true,"href":"https:\/\/kulaberlin.com\/de\/wp-json\/wp\/v2\/product_cat?post=22478"},{"taxonomy":"product_tag","embeddable":true,"href":"https:\/\/kulaberlin.com\/de\/wp-json\/wp\/v2\/product_tag?post=22478"}],"curies":[{"name":"wp","href":"https:\/\/api.w.org\/{rel}","templated":true}]}}