{"id":22487,"date":"2022-08-11T11:02:59","date_gmt":"2022-08-11T11:02:59","guid":{"rendered":"https:\/\/kulaberlin.com\/product\/serie-1-nr-1-transformation\/"},"modified":"2022-08-11T11:02:59","modified_gmt":"2022-08-11T11:02:59","slug":"serie-1-nr-1-transformation","status":"publish","type":"product","link":"https:\/\/kulaberlin.com\/de\/product\/serie-1-nr-1-transformation\/","title":{"rendered":"Serie 1, Nr.1 Transformation"},"content":{"rendered":"<p>Okan G\u00f6kg\u00f6z: &#8222;Transformation&#8220; 2022<br \/>\nEinzelst\u00fcck, zertifiziert, handsigniert, betitelt, datiert<br \/>\nBeton auf Lehm<br \/>\nFormat: 36cmx28cm<br \/>\nK\u00fcnstler: Okan G\u00f6kg\u00f6z<\/p>\n<div class=\"flex-1 overflow-hidden\">\n<div class=\"react-scroll-to-bottom--css-xgurs-79elbk h-full dark:bg-gray-800\">\n<div class=\"react-scroll-to-bottom--css-xgurs-1n7m0yu\">\n<div class=\"flex flex-col items-center text-sm dark:bg-gray-800\">\n<div class=\"group w-full text-gray-800 dark:text-gray-100 border-b border-black\/10 dark:border-gray-900\/50 bg-gray-50 dark:bg-[#444654]\">\n<div class=\"text-base gap-4 md:gap-6 md:max-w-2xl lg:max-w-xl xl:max-w-3xl p-4 md:py-6 flex lg:px-0 m-auto\">\n<div class=\"relative flex w-[calc(100%-50px)] flex-col gap-1 md:gap-3 lg:w-[calc(100%-115px)]\">\n<div class=\"flex flex-grow flex-col gap-3\">\n<div class=\"min-h-[20px] flex flex-col items-start gap-4 whitespace-pre-wrap\">\n<div class=\"markdown prose w-full break-words dark:prose-invert light\">\n<ul>\n<li>Erh\u00f6hen Sie Ihren Raum mit den Wandskulpturen von Okan G\u00f6kg\u00f6z<\/li>\n<li>Komplizierte Designs, die Okan&#8217;s Meisterschaft im Umgang mit Materialien demonstrieren<\/li>\n<li>Hochwertige Materialien: Metall, Beton, und mehr<\/li>\n<li>Handsigniert f\u00fcr Authentizit\u00e4t<\/li>\n<li>Einzigartige St\u00fccke, perfekt f\u00fcr Sammler<\/li>\n<li>Verf\u00fcgbar f\u00fcr Kauf und Versand<\/li>\n<li>Inspirierend und zum Nachdenken anregend, verleihen Sie jedem Raum eine einzigartige Note.<\/li>\n<\/ul>\n<p>Wenn Sie nach einem atemberaubenden und zum Nachdenken anregenden Kunstwerk suchen, das Ihren Raum aufwertet, sind die Wandskulpturen von Okan G\u00f6kg\u00f6z die perfekte Wahl. Diese qualitativ hochwertigen Skulpturen aus Metall, Holz, Beton und anderen Materialien zeigen, dass Okan G\u00f6kg\u00f6z ein Meister der Materialien ist. Jedes St\u00fcck ist handsigniert, was eine zus\u00e4tzliche Ebene der Authentizit\u00e4t darstellt, und ist ein Unikat, was sie f\u00fcr Sammler perfekt macht. Nach der Ausstellung k\u00f6nnen Sie die Wandskulpturen von Okan kaufen und sich nach Hause liefern lassen. Verpassen Sie nicht Ihre Chance, Ihrem Raum mit den Wandskulpturen von Okan G\u00f6kg\u00f6z eine einzigartige und inspirierende Note zu verleihen.    <\/p>\n<\/div>\n<p>&nbsp;<\/p>\n<\/div>\n<\/div>\n<div class=\"flex justify-between lg:block\">\n<div class=\"text-gray-400 flex self-end lg:self-center justify-center mt-2 gap-2 md:gap-3 lg:gap-1 lg:absolute lg:top-0 lg:translate-x-full lg:right-0 lg:mt-0 lg:pl-2 visible\"><\/div>\n<\/div>\n<\/div>\n<\/div>\n<\/div>\n<div class=\"w-full h-32 md:h-48 flex-shrink-0\"><\/div>\n<\/div>\n<p><button class=\"cursor-pointer absolute right-6 bottom-[124px] md:bottom-[120px] z-10 rounded-full border border-gray-200 bg-gray-50 text-gray-600 dark:border-white\/10 dark:bg-white\/10 dark:text-gray-200\"><\/button><\/div>\n<\/div>\n<\/div>\n<div class=\"absolute bottom-0 left-0 w-full border-t md:border-t-0 dark:border-white\/20 md:border-transparent md:dark:border-transparent md:bg-vert-light-gradient bg-white dark:bg-gray-800 md:!bg-transparent dark:md:bg-vert-dark-gradient pt-2\">\n<form class=\"stretch mx-2 flex flex-row gap-3 last:mb-2 md:mx-4 md:last:mb-6 lg:mx-auto lg:max-w-2xl xl:max-w-3xl\">\n<div class=\"relative flex h-full flex-1 md:flex-col\">\n<div class=\"flex ml-1 md:w-full md:m-auto md:mb-2 gap-0 md:gap-2 justify-center\"><\/div>\n<\/div>\n<\/form>\n<\/div>\n<div>\n<div class=\"mb-4\">\n<div class=\"product-detail-price-container links-unstyled\">\n<p class=\"product-detail-price\">\n<\/div>\n<div class=\"product-detail-tax-container\"><\/div>\n<\/div>\n<\/div>\n<p>&nbsp;<\/p>\n","protected":false},"excerpt":{"rendered":"<p>Okan G\u00f6kg\u00f6z: &#8222;Transformation&#8220; 2022<br \/>\nEinzelst\u00fcck, zertifiziert, handsigniert, betitelt, Datum<br \/>\nDokumentation und Art Statement<br \/>\nBeton auf Lehm<br \/>\nFormat: 36cmx28cm<br \/>\nK\u00fcnstler: Okan G\u00f6kg\u00f6z<\/p>\n<div>\n<div class=\"mb-4\">\n<div class=\"product-detail-price-container links-unstyled\">\n<p class=\"product-detail-price\">\n<\/div>\n<div class=\"product-detail-tax-container\"><\/div>\n<\/div>\n<\/div>\n<p>&nbsp;<\/p>\n","protected":false},"featured_media":18361,"template":"","meta":[],"product_brand":[],"product_cat":[1351,1356],"product_tag":[1349,1372,1371,1354,1348,1353,1373,1352,1355,1369,1370],"class_list":{"0":"post-22487","1":"product","2":"type-product","3":"status-publish","4":"has-post-thumbnail","6":"product_cat-art-de-3","7":"product_cat-kunst","8":"product_tag-berlin-de-2","9":"product_tag-einzigartige-kunstwerke","10":"product_tag-handsignierte-kunst","11":"product_tag-istanbul-de","12":"product_tag-kunst-de","13":"product_tag-kunstler","14":"product_tag-manipulation-der-materialien","15":"product_tag-okan-gokgoz-de","16":"product_tag-transformation-de","17":"product_tag-wand-skulpturen","18":"product_tag-zeitgenossische-kunst","19":"product_shipping_class-schwerwegen-10kg","21":"first","22":"instock","23":"sold-individually","24":"taxable","25":"shipping-taxable","26":"purchasable","27":"product-type-simple"},"jetpack_sharing_enabled":true,"_links":{"self":[{"href":"https:\/\/kulaberlin.com\/de\/wp-json\/wp\/v2\/product\/22487","targetHints":{"allow":["GET"]}}],"collection":[{"href":"https:\/\/kulaberlin.com\/de\/wp-json\/wp\/v2\/product"}],"about":[{"href":"https:\/\/kulaberlin.com\/de\/wp-json\/wp\/v2\/types\/product"}],"wp:featuredmedia":[{"embeddable":true,"href":"https:\/\/kulaberlin.com\/de\/wp-json\/wp\/v2\/media\/18361"}],"wp:attachment":[{"href":"https:\/\/kulaberlin.com\/de\/wp-json\/wp\/v2\/media?parent=22487"}],"wp:term":[{"taxonomy":"product_brand","embeddable":true,"href":"https:\/\/kulaberlin.com\/de\/wp-json\/wp\/v2\/product_brand?post=22487"},{"taxonomy":"product_cat","embeddable":true,"href":"https:\/\/kulaberlin.com\/de\/wp-json\/wp\/v2\/product_cat?post=22487"},{"taxonomy":"product_tag","embeddable":true,"href":"https:\/\/kulaberlin.com\/de\/wp-json\/wp\/v2\/product_tag?post=22487"}],"curies":[{"name":"wp","href":"https:\/\/api.w.org\/{rel}","templated":true}]}}