{"id":22493,"date":"2022-06-13T09:14:47","date_gmt":"2022-06-13T09:14:47","guid":{"rendered":"https:\/\/kulaberlin.com\/product\/tagesdecke-saint-tropez-des-cystes\/"},"modified":"2022-06-13T09:14:47","modified_gmt":"2022-06-13T09:14:47","slug":"tagesdecke-saint-tropez-des-cystes","status":"publish","type":"product","link":"https:\/\/kulaberlin.com\/de\/product\/tagesdecke-saint-tropez-des-cystes\/","title":{"rendered":"Tagesdecke Saint Tropez des Cystes"},"content":{"rendered":"<p><b>Baumwoll Decke &#8211; Saint Tropez des Cystes<\/b><\/p>\n<p>Entdecken Sie die einzigartige Baumwollkollektion &#8222;Saint Tropez&#8220;, die auf einem Webrahmen mit einer hohen Textur hergestellt wird. Diese Kollektion bietet einzigartige Textur und Qualit\u00e4t, die in jedem Raum gut zur Geltung kommt. Diese Gr\u00f6\u00dfe des Plaids ist 240 x 220 cm. Wimpernfransen an beiden Enden verleihen dem Design ein elegantes Detail. Die Baumwolle wurde nicht industriell gewaschen, um Wasser zu sparen und Chemikalien zu vermeiden. Das Plaid Saint Tropez ist ein Beweis f\u00fcr die unglaubliche Vielseitigkeit von Baumwolle. Es ist eine einzigartige Kollektion, die Textur und Komfort in gleichem Ma\u00dfe bietet. Drapieren Sie dieses Plaid \u00fcber Ihrem Bett, um im Sommer eine willkommene Alternative zu Ihrer Bettdecke zu haben, oder legen Sie eine Schicht dar\u00fcber, um es in den k\u00fchleren Monaten besonders gem\u00fctlich zu haben.    <\/p>\n<ul>\n<li>&#8222;Saint-Tropez des Cystes&#8220; von Kula Berlin<\/li>\n<li>Aus hochwertiger Baumwollle.<\/li>\n<li>Sch\u00f6nes Design inspiriert von Landschaften im S\u00fcden Frankreichs<\/li>\n<li>Nat\u00fcrliche T\u00f6ne in Schwarz, Navy und Grau mit zarter Stickerei<\/li>\n<li>F\u00fcr ganzj\u00e4hrigen Gebrauch geeignet aufgrund von Atmungsaktivit\u00e4t und Isolierung<\/li>\n<li>Langlebig und leicht zu pflegen, maschinenwaschbar<\/li>\n<li>Nachhaltige und ethische Produktionspraktiken<\/li>\n<\/ul>\n","protected":false},"excerpt":{"rendered":"<p><b>Baumwoll Decke &#8211; Saint Tropez des Cystes<\/b><\/p>\n<p>Flamingo Farbe<\/p>\n<p>c Tropez ist eine einzigartige Baumwollkollektion, die aus einem stark strukturierten Webrahmen hergestellt wird. Die Gr\u00f6\u00dfe der Tagesdecke 220 x 180 cm. Wimpernfransen an beiden Enden verleihen dem Design ein elegantes Detail. Die Baumwolle wurde nicht industriell gewaschen, um Wasser zu sparen und Chemikalien zu vermeiden. Das Plaid Provence ist ein Beweis f\u00fcr die unglaubliche Vielseitigkeit von Baumwolle. Es ist eine einzigartige Kollektion, die Textur und Komfort in gleichem Ma\u00dfe bietet. Drapieren Sie dieses Plaid \u00fcber Ihrem Bett, um im Sommer eine willkommene Alternative zu Ihrer Bettdecke zu haben, oder legen Sie eine Schicht dar\u00fcber, um es in den k\u00fchleren Monaten besonders gem\u00fctlich zu haben.   <\/p>\n<p>&nbsp;<\/p>\n","protected":false},"featured_media":22210,"template":"","meta":[],"product_brand":[],"product_cat":[],"product_tag":[],"class_list":{"0":"post-22493","1":"product","2":"type-product","3":"status-publish","4":"has-post-thumbnail","7":"first","8":"outofstock","9":"sale","10":"featured","11":"taxable","12":"shipping-taxable","13":"purchasable","14":"product-type-variable"},"jetpack_sharing_enabled":true,"_links":{"self":[{"href":"https:\/\/kulaberlin.com\/de\/wp-json\/wp\/v2\/product\/22493","targetHints":{"allow":["GET"]}}],"collection":[{"href":"https:\/\/kulaberlin.com\/de\/wp-json\/wp\/v2\/product"}],"about":[{"href":"https:\/\/kulaberlin.com\/de\/wp-json\/wp\/v2\/types\/product"}],"wp:featuredmedia":[{"embeddable":true,"href":"https:\/\/kulaberlin.com\/de\/wp-json\/wp\/v2\/media\/22210"}],"wp:attachment":[{"href":"https:\/\/kulaberlin.com\/de\/wp-json\/wp\/v2\/media?parent=22493"}],"wp:term":[{"taxonomy":"product_brand","embeddable":true,"href":"https:\/\/kulaberlin.com\/de\/wp-json\/wp\/v2\/product_brand?post=22493"},{"taxonomy":"product_cat","embeddable":true,"href":"https:\/\/kulaberlin.com\/de\/wp-json\/wp\/v2\/product_cat?post=22493"},{"taxonomy":"product_tag","embeddable":true,"href":"https:\/\/kulaberlin.com\/de\/wp-json\/wp\/v2\/product_tag?post=22493"}],"curies":[{"name":"wp","href":"https:\/\/api.w.org\/{rel}","templated":true}]}}