{"id":22504,"date":"2022-06-13T09:03:49","date_gmt":"2022-06-13T09:03:49","guid":{"rendered":"https:\/\/kulaberlin.com\/product\/tagesdecke-saint-tropez-grands-horrizons\/"},"modified":"2022-06-13T09:03:49","modified_gmt":"2022-06-13T09:03:49","slug":"tagesdecke-saint-tropez-grands-horrizons","status":"publish","type":"product","link":"https:\/\/kulaberlin.com\/de\/product\/tagesdecke-saint-tropez-grands-horrizons\/","title":{"rendered":"Tagesdecke Saint Tropez Grands Horrizons"},"content":{"rendered":"<p><b>Baumwoll Tagesdecke &#8211; Saint Tropez Grands Horrizons<\/b><\/p>\n<p data-start=\"0\" data-end=\"64\"><strong data-start=\"0\" data-end=\"64\">Entdecken Sie ultimativen Komfort mit unserer Tagesdecke aus 100% Baumwolle<\/strong><\/p>\n<p data-start=\"66\" data-end=\"314\">Versch\u00f6nern Sie Ihr Zuhause mit unserer hochwertigen Tagesdecke aus 100% Baumwolle, die jetzt in drei atemberaubenden Farben erh\u00e4ltlich ist! Mit einer gro\u00dfz\u00fcgigen Gr\u00f6\u00dfe von 240&#215;220 cm verspricht diese vielseitige Decke un\u00fcbertroffene Weichheit, Haltbarkeit und Atmungsaktivit\u00e4t &#8211; ideal f\u00fcr den t\u00e4glichen Gebrauch. <\/p>\n<p data-start=\"316\" data-end=\"501\"><strong data-start=\"316\" data-end=\"347\">Zeitlich begrenztes Sonderangebot:<\/strong><br data-start=\"347\" data-end=\"350\">Urspr\u00fcnglich $75, haben wir den Preis auf nur $50 gesenkt! Dieser unwiderstehliche Rabatt bedeutet, dass Sie luxuri\u00f6sen Komfort genie\u00dfen k\u00f6nnen, ohne die Bank zu sprengen. <\/p>\n<p data-start=\"503\" data-end=\"748\">Unsere stilvolle und praktische Tagesdecke eignet sich perfekt f\u00fcr kuschelige N\u00e4chte, eine stilvolle Dekoration oder als ein durchdachtes Geschenk. Mit ihrer hochwertigen Verarbeitung und den leuchtenden Farben wird diese Decke das neue Lieblingsaccessoire in Ihrem Zuhause werden. <\/p>\n<p data-start=\"750\" data-end=\"789\"><strong data-start=\"750\" data-end=\"789\">Warum sollten Sie unsere Decke aus 100% Baumwolle w\u00e4hlen?<\/strong><\/p>\n<ul data-start=\"790\" data-end=\"1064\">\n<li data-start=\"790\" data-end=\"857\"><strong data-start=\"792\" data-end=\"812\">Erstklassige Qualit\u00e4t:<\/strong> Hergestellt aus reiner Baumwolle f\u00fcr ultimative Weichheit.<\/li>\n<li data-start=\"858\" data-end=\"920\"><strong data-start=\"860\" data-end=\"877\">Perfekte Gr\u00f6\u00dfe:<\/strong> Ger\u00e4umige 240&#215;220 cm, passend f\u00fcr die meisten Betten.<\/li>\n<li data-start=\"921\" data-end=\"986\"><strong data-start=\"923\" data-end=\"946\">Attraktive Optionen:<\/strong> Erh\u00e4ltlich in drei auff\u00e4lligen Farben.<\/li>\n<li data-start=\"987\" data-end=\"1064\"><strong data-start=\"989\" data-end=\"1010\">Unschlagbarer Preis:<\/strong> Jetzt reduziert von $75 auf $50 f\u00fcr schnell zu verkaufenden Komfort.<\/li>\n<\/ul>\n<p data-start=\"1066\" data-end=\"1231\">Lassen Sie sich dieses au\u00dfergew\u00f6hnliche Angebot nicht entgehen! Bestellen Sie jetzt und erleben Sie den Luxus einer hochwertigen Baumwolldecke, die W\u00e4rme und Stil in Ihr t\u00e4gliches Leben bringt. <\/p>\n<p data-start=\"1233\" data-end=\"1294\" data-is-last-node=\"\" data-is-only-node=\"\">Kaufen Sie noch heute ein und verwandeln Sie Ihren Raum mit erschwinglicher Eleganz!<\/p>\n<p>Entdecken Sie die einzigartige Baumwollkollektion &#8222;Saint Tropez&#8220;, die auf einem Webrahmen mit einer hohen Textur hergestellt wird. Diese Kollektion bietet einzigartige Textur und Qualit\u00e4t, die in jedem Raum gut zur Geltung kommt. Diese Gr\u00f6\u00dfe des Plaids ist 240 x 220 cm. Wimpernfransen an beiden Enden verleihen dem Design ein elegantes Detail. Die Baumwolle wurde nicht industriell gewaschen, um Wasser zu sparen und Chemikalien zu vermeiden. Das Plaid Saint Tropez ist ein Beweis f\u00fcr die unglaubliche Vielseitigkeit von Baumwolle. Es ist eine einzigartige Kollektion, die Textur und Komfort in gleichem Ma\u00dfe bietet. Drapieren Sie dieses Plaid \u00fcber Ihrem Bett, um im Sommer eine willkommene Alternative zu Ihrer Bettdecke zu haben, oder legen Sie eine Schicht dar\u00fcber, um es in den k\u00fchleren Monaten besonders gem\u00fctlich zu haben.    <\/p>\n<ul>\n<li>Hergestellt aus 100% nat\u00fcrlicher Baumwolle f\u00fcr eine weiche und hautfreundliche Textur.<\/li>\n<li>Das Plaid verf\u00fcgt \u00fcber ein atemberaubendes k\u00f6nigsblaues und samtiges Design, inspiriert von den wundersch\u00f6nen Landschaften im S\u00fcden Frankreichs.<\/li>\n<li>Handgefertigt von der Kula-Familie in Ege, T\u00fcrkei.<\/li>\n<li>Diese Decke wurde nicht industriel gewaschen, um den Wasserverbrauch zu reduzieren und Chemikalien zu vermeiden, was sie zu einer umweltfreundlichen Wahl f\u00fcr Ihr Zuhause macht.<\/li>\n<li>Das hochwertige Baumwollmaterial bietet Langlebigkeit und Komfort, was sicherstellt, dass dieser Plaid eine dauerhafte Erg\u00e4nzung zu Ihrer Inneneinrichtung sein wird.<\/li>\n<li>Verwenden Sie diese Plaid als gem\u00fctliche und stilvolle Erg\u00e4nzung zu Ihrem Wohnzimmer, Schlafzimmer oder Au\u00dfenbereich.<\/li>\n<li>Maschinenwaschbar &#8211; einfache Pflege<\/li>\n<li>Kaufen Sie jetzt diesen ethisch produzierten und hochwertigen &#8222;Saint Tropez Grands Horizons&#8220; Plaid und genie\u00dfen Sie die perfekte Kombination aus Komfort und Stil in Ihrem Zuhause.<\/li>\n<\/ul>\n","protected":false},"excerpt":{"rendered":"<ul>\n<li>Wir pr\u00e4sentieren die einzigartige und stark strukturierte Baumwollkollektion &#8222;Saint Tropez&#8220; mit einem Plaid im Format 240 x 220 cm und eleganten Wimpernfransen an beiden Enden.<\/li>\n<li>Dieses umweltfreundliche Plaid wurde nicht industriell gewaschen, was es zu einer nachhaltigen Wahl f\u00fcr Ihr Zuhause macht, die Wasser spart und sch\u00e4dliche Chemikalien vermeidet.<\/li>\n<li>Die &#8222;Provence&#8220; Kollektion pr\u00e4sentiert die unglaubliche Vielseitigkeit von Baumwolle, die sowohl Textur als auch Komfort in gleichen Ma\u00dfen bietet.<\/li>\n<li>Verwenden Sie diese Decke als stilvolle und funktionale Erg\u00e4nzung zu Ihrer Bettw\u00e4sche, indem Sie sie im Sommer \u00fcber Ihr Bett drapieren, um eine erfrischende Alternative zu Ihrer Bettdecke zu bieten, oder sie im Winter als zus\u00e4tzliche W\u00e4rmeschicht dar\u00fcberlegen.<\/li>\n<\/ul>\n","protected":false},"featured_media":22206,"template":"","meta":[],"product_brand":[],"product_cat":[],"product_tag":[],"class_list":{"0":"post-22504","1":"product","2":"type-product","3":"status-publish","4":"has-post-thumbnail","7":"first","8":"outofstock","9":"sale","10":"featured","11":"taxable","12":"shipping-taxable","13":"purchasable","14":"product-type-variable"},"jetpack_sharing_enabled":true,"_links":{"self":[{"href":"https:\/\/kulaberlin.com\/de\/wp-json\/wp\/v2\/product\/22504","targetHints":{"allow":["GET"]}}],"collection":[{"href":"https:\/\/kulaberlin.com\/de\/wp-json\/wp\/v2\/product"}],"about":[{"href":"https:\/\/kulaberlin.com\/de\/wp-json\/wp\/v2\/types\/product"}],"wp:featuredmedia":[{"embeddable":true,"href":"https:\/\/kulaberlin.com\/de\/wp-json\/wp\/v2\/media\/22206"}],"wp:attachment":[{"href":"https:\/\/kulaberlin.com\/de\/wp-json\/wp\/v2\/media?parent=22504"}],"wp:term":[{"taxonomy":"product_brand","embeddable":true,"href":"https:\/\/kulaberlin.com\/de\/wp-json\/wp\/v2\/product_brand?post=22504"},{"taxonomy":"product_cat","embeddable":true,"href":"https:\/\/kulaberlin.com\/de\/wp-json\/wp\/v2\/product_cat?post=22504"},{"taxonomy":"product_tag","embeddable":true,"href":"https:\/\/kulaberlin.com\/de\/wp-json\/wp\/v2\/product_tag?post=22504"}],"curies":[{"name":"wp","href":"https:\/\/api.w.org\/{rel}","templated":true}]}}