{"id":22508,"date":"2021-09-27T14:51:21","date_gmt":"2021-09-27T14:51:21","guid":{"rendered":"https:\/\/kulaberlin.com\/product\/edison-radio-lampe-schwarz\/"},"modified":"2026-01-07T08:24:54","modified_gmt":"2026-01-07T08:24:54","slug":"edison-radio-lampe-schwarz","status":"publish","type":"product","link":"https:\/\/kulaberlin.com\/de\/product\/edison-radio-lampe-schwarz\/","title":{"rendered":"Edison Radio Lampe Schwarz"},"content":{"rendered":"<p>Die kunstvolle Tischleuchte spendet gem\u00fctliches Licht und bietet einen besonderen Mix aus Porzellangips-Materialien. Der Drehschalter zum stufenlosen Dimmen des Lichts und der Retro-Schalter erzeugen einen spannungsvollen verspielten Kontrast. Lampe Sockel: Porzellan Gips Farbe: Schwarz Kabel: schwarz L\u00e4nge: 200 cm, Fassung: Silber, E27. Gl\u00fchbirne enthalten. Stromverbrauch: max. 40 W. Gr\u00f60e: 10cm x 17.5cm x 10cm Gewicht: 1.5 kg Material: Lampensockel: Porzellan Gips, nat\u00fcrliche Pigmente Fassung: Metall Kabel: Textil     <\/p>\n<p>Die Edison Vintage Radio Lampe wurde von Okan G\u00f6kg\u00f6z entworfen und wird von ihm handgefertigt in unserem Atelier in Berlin hergestellt. Okan hat sich von den Verst\u00e4rkerr\u00f6hren der 60er Jahre inspirieren lassen. Diese Tischlampe ist bis ins Detail kreiiert. Diese Lampe enth\u00e4lt zwei Gl\u00fchbirnen, gelbes Licht und eignet sich f\u00fcr gem\u00fctliche Abende. Der Drehschalter zum stufenlosen Dimmen des Lichts und der Retro-Schalter Ein -Aus bilden einen spannenden verspielten Kontrast. Kontrollieren Sie die Intensit\u00e4t Ihres Lichts und passen Sie es dem Moment und Ihrem Ort an. Diese Radiolampe sorgt in Ihrem Schlafzimmer f\u00fcr eine gem\u00fctliche Atmosph\u00e4re und verleiht Ihrem Dinner diese besondere einzigartige Eleganz. Diese Radiolampe sorgt in Ihrem Schlafzimmer f\u00fcr eine gem\u00fctliche Atmosph\u00e4re und verleiht Ihrem Dinner diese besondere einzigartige Eleganz. Diese Lampe erzeugt ruhiges Licht. Sie k\u00f6nnen diese minimalistischen Retro-Lampen f\u00fcr Ihr Wohnzimmer oder f\u00fcr ein entspanntes Dinner mit Freunden als Tischlampe verwenden. Vervollst\u00e4ndigen Sie Ihr Interieur mit dieser wunderbaren Lampe! Produktionszeit: 1 Woche             <\/p>\n","protected":false},"excerpt":{"rendered":"<p>Die kunstvolle Tischleuchte spendet gem\u00fctliches Licht und bietet einen besonderen Mix aus Porzellan-Materialien. Der Drehschalter f\u00fcr stufenloses Dimmen des Lichts und der Retro-Schalter erzeugen einen spannungsgeladenen Kontrast. Inspiriert von R\u00f6hrenverst\u00e4rkern aus den 70er Jahren. Lampe Sockel: Porzellan Gips Farbe: Schwarz Kabel: schwarz L\u00e4nge: 200 cm, Fassung: Silber, E27. Gl\u00fchbirne enthalten. Stromverbrauch: max. Leistung: max. 40 W. Abmessungen: 10 cm x 17,5 cm x 10 cm Gewicht: 1,5 kg Material: Lampenschirm, Sockel: Porzellan Gips, nat\u00fcrliches Pigment Fassung: Metall Kabel: Textil Edison Vintage Radio Lampe ist eine originale Kreation, entworfen und hergestellt von Okan G\u00f6kg\u00f6z in unserem Kulaberlin Atelier in Berlin. Unser Designer hat sich von der Verst\u00e4rkerr\u00f6hre der 50er und 70er Jahre inspirieren lassen. Mit diesem Radiolampen-Design hat unser Designer das Auge f\u00fcr Perfektion und Detail. Diese Lampen enthalten zwei Gl\u00fchbirnen f\u00fcr einen wunderbaren und echten Vintage-Lichteffekt f\u00fcr Ihr Interieur. Der Vintage-Drehschalter zum Dimmen des Lichts und der Retro-Schalter bilden einen spannenden Kontrast. Kontrollieren Sie die Intensit\u00e4t Ihres Lichts und passen Sie es dem Moment und dem Ort an. Diese Radiolampe kann in einem Schlafzimmer f\u00fcr eine gem\u00fctliche Atmosph\u00e4re verwendet werden und verleiht Ihrem einem Dinner eine besondere Eleganz.             <\/p>\n","protected":false},"featured_media":16251,"template":"","meta":[],"product_brand":[],"product_cat":[1450,1449],"product_tag":[1458,1453,1457,1455,1454,1452,1456,1451,1459],"class_list":{"0":"post-22508","1":"product","2":"type-product","3":"status-publish","4":"has-post-thumbnail","6":"product_cat-grosshandel-de","7":"product_cat-lampen-de","8":"product_tag-buntes-wohnen-de","9":"product_tag-dimmbar-de-2","10":"product_tag-edision-vintage-gluhbirne-de-2","11":"product_tag-handgefertigt-in-berlin-deutschland-de","12":"product_tag-handgefertigt-in-deutschland-de-2","13":"product_tag-lampe-de-3","14":"product_tag-minimalisitisch-de","15":"product_tag-porzellan-gips-de","16":"product_tag-schwarz-de-2","17":"product_shipping_class-gewichtsklasse-de","19":"first","20":"instock","21":"taxable","22":"shipping-taxable","23":"purchasable","24":"product-type-simple"},"jetpack_sharing_enabled":true,"_links":{"self":[{"href":"https:\/\/kulaberlin.com\/de\/wp-json\/wp\/v2\/product\/22508","targetHints":{"allow":["GET"]}}],"collection":[{"href":"https:\/\/kulaberlin.com\/de\/wp-json\/wp\/v2\/product"}],"about":[{"href":"https:\/\/kulaberlin.com\/de\/wp-json\/wp\/v2\/types\/product"}],"wp:featuredmedia":[{"embeddable":true,"href":"https:\/\/kulaberlin.com\/de\/wp-json\/wp\/v2\/media\/16251"}],"wp:attachment":[{"href":"https:\/\/kulaberlin.com\/de\/wp-json\/wp\/v2\/media?parent=22508"}],"wp:term":[{"taxonomy":"product_brand","embeddable":true,"href":"https:\/\/kulaberlin.com\/de\/wp-json\/wp\/v2\/product_brand?post=22508"},{"taxonomy":"product_cat","embeddable":true,"href":"https:\/\/kulaberlin.com\/de\/wp-json\/wp\/v2\/product_cat?post=22508"},{"taxonomy":"product_tag","embeddable":true,"href":"https:\/\/kulaberlin.com\/de\/wp-json\/wp\/v2\/product_tag?post=22508"}],"curies":[{"name":"wp","href":"https:\/\/api.w.org\/{rel}","templated":true}]}}