{"id":22510,"date":"2021-09-27T14:51:21","date_gmt":"2021-09-27T14:51:21","guid":{"rendered":"https:\/\/kulaberlin.com\/product\/edison-radio-lampe-black\/"},"modified":"2021-09-27T14:51:21","modified_gmt":"2021-09-27T14:51:21","slug":"edison-radio-lampe-black","status":"publish","type":"product","link":"https:\/\/kulaberlin.com\/de\/product\/edison-radio-lampe-black\/","title":{"rendered":"Edison Radio Lampe Black"},"content":{"rendered":"<p>Die kunstvolle Tischleuchte spendet gem\u00fctliches Licht und bietet einen besonderen Mix aus Porzellan-Materialien. Der Drehschalter f\u00fcr stufenloses Dimmen des Lichts und der Retro-Schalter erzeugen einen spannungsgeladenen Kontrast. Inspiriert von R\u00f6hrenverst\u00e4rkern aus den 70er Jahren. Lampe Sockel: Porzellan Gips Farbe: Schwarz Kabel: schwarz L\u00e4nge: 200 cm, Fassung: Silver, E27. Gl\u00fchbirne enthalten. Stromverbrauch: max. 40 W. Gr\u00f60e: 10cm x 17.5cm x 10cm Gewicht: 1.5 kg Material: Lampsockel: Porzellan Gips, nat\u00fcrliche Pigmente Fassung: Metal Kabel: Textil<\/p>\n<p>Die Edison Vintage Radio Lampe wurde von Okan G\u00f6kg\u00f6z entworfen und wird von ihm handgefertig in unserem Atelier in Berlin hergestellt. Okan hat sich von den Verst\u00e4rkerr\u00f6hre der 60er Jahre inspirieren lassen. Diese Tischlampe ist bis ins Detail kreiiert. Diese Lampe enth\u00e4lt zwei Gl\u00fchbirnen, gelbes Licht und eignet sich f\u00fcr gem\u00fctliche Abende. Der Drehschalter zum stufenlosen Dimmen des Lichts und der Retro-Schalter Ein -Aus bilden einen spannenden verspielten Kontrast. Kontrolliere die Intensit\u00e4t deines Lichts und passen es dem Moment und deinem Ort an. Diese Radiolampe sorgt in deinem Schlafzimmer f\u00fcr eine gem\u00fctliche Atmosph\u00e4re und verleiht deinem Dinner diese besondere einzigartige Eleganz. Diese Radiolampe sorgt in deinem Schlafzimmer f\u00fcr eine gem\u00fctliche Atmosph\u00e4re und verleiht deinem Dinner diese besondere einzigartige Eleganz. Perfekt f\u00fcr deine abendlichen Rituale oder auch f\u00fcr deine Meditation. Die Lampen kreiieren Ruhe und Entspannung. Sie k\u00f6nnen diese minimale Retro-Lampe f\u00fcr Ihr Wohnzimmer oder auf Ihrem Esstisch verwenden, um Sie und Ihre Freunde bei einem langen Abendessen zu begleiten.<br \/>\nDiese lebendige Stimmung, die Freude und das originelle Design sind in dem Originalmodell aus Porzellan-Ton zu sp\u00fcren. F\u00fcr ein eher klassisches Interior Design werden Sie die originellen Radiolampen aus Beton lieben, die in den Farben Beton brut erh\u00e4ltlich sind. F\u00fcr einen industriellen und originellen Stil k\u00f6nnen Sie sich f\u00fcr das Modell Patina entscheiden, dessen Oxidation das Aussehen der Lampe je nach Feuchtigkeit des Raumes f\u00fcr ein bestehendes Erscheinungsbild ver\u00e4ndern wird. Vervollst\u00e4ndigen Sie Ihr Interieur mit dieser wunderbaren Lampe!<\/p>\n<p>Produktionszeit: 1 Woche<\/p>\n","protected":false},"excerpt":{"rendered":"<p>Die kunstvolle Tischleuchte spendet gem\u00fctliches Licht und bietet einen besonderen Mix aus Porzellan-Materialien. Der Drehschalter f\u00fcr stufenloses Dimmen des Lichts und der Retro-Schalter erzeugen einen spannungsgeladenen Kontrast. Inspiriert von R\u00f6hrenverst\u00e4rkern aus den 70er Jahren. Lampe Sockel: Porzellan Gips Farbe: Schwarz Kabel: schwarz L\u00e4nge: 200 cm, Fassung: Silver, E27. Gl\u00fchbirne enthalten. Stromverbrauch: max. 40 W. Gr\u00f60e: 10cm x 17.5cm x 10cm Gewicht: 1.5 kg Material: Lampsockel: Porzellan Gips, nat\u00fcrliche Pigmente Fassung: Metal Kabel: Textil<\/p>\n<p>Die Edison Vintage Radio Lampe wurde von Okan G\u00f6kg\u00f6z entworfen und wird von ihm handgefertig in unserem Atelier in Berlin hergestellt. Okan hat sich von den Verst\u00e4rkerr\u00f6hre der 60er Jahre inspirieren lassen. Diese Tischlampe ist bis ins Detail kreiiert. Diese Lampe enth\u00e4lt zwei Gl\u00fchbirnen, gelbes Licht und eignet sich f\u00fcr gem\u00fctliche Abende. Der Drehschalter zum stufenlosen Dimmen des Lichts und der Retro-Schalter Ein -Aus bilden einen spannenden verspielten Kontrast. Kontrolliere die Intensit\u00e4t deines Lichts und passen es dem Moment und deinem Ort an. Diese Radiolampe sorgt in deinem Schlafzimmer f\u00fcr eine gem\u00fctliche Atmosph\u00e4re und verleiht deinem Dinner diese besondere einzigartige Eleganz. Diese Radiolampe sorgt in deinem Schlafzimmer f\u00fcr eine gem\u00fctliche Atmosph\u00e4re und verleiht deinem Dinner diese besondere einzigartige Eleganz. Perfekt f\u00fcr deine abendlichen Rituale oder auch f\u00fcr deine Meditation. Die Lampen kreiieren Ruhe und Entspannung. Sie k\u00f6nnen diese minimale Retro-Lampe f\u00fcr Ihr Wohnzimmer oder auf Ihrem Esstisch verwenden, um Sie und Ihre Freunde bei einem langen Abendessen zu begleiten.<br \/>\nDiese lebendige Stimmung, die Freude und das originelle Design sind in dem Originalmodell aus Porzellan-Ton zu sp\u00fcren. F\u00fcr ein eher klassisches Interior Design werden Sie die originellen Radiolampen aus Beton lieben, die in den Farben Beton brut erh\u00e4ltlich sind. F\u00fcr einen industriellen und originellen Stil k\u00f6nnen Sie sich f\u00fcr das Modell Patina entscheiden, dessen Oxidation das Aussehen der Lampe je nach Feuchtigkeit des Raumes f\u00fcr ein bestehendes Erscheinungsbild ver\u00e4ndern wird. Vervollst\u00e4ndigen Sie Ihr Interieur mit dieser wunderbaren Lampe!<\/p>\n<p>Produktionszeit: 1 Woche<\/p>\n","protected":false},"featured_media":16246,"template":"","meta":[],"product_brand":[],"product_cat":[1249],"product_tag":[1254,1258,1259,1256,1255,1252,1257,1247,1261],"class_list":{"0":"post-22510","1":"product","2":"type-product","3":"status-publish","4":"has-post-thumbnail","6":"product_cat-lampe-de","7":"product_tag-dimmbar-de","8":"product_tag-edision-vintage-gluhbirne-de","9":"product_tag-farbenfrohes-zuhause","10":"product_tag-hergestellt-in-berlin","11":"product_tag-hergestellt-in-deutschland","12":"product_tag-lampe-de-2","13":"product_tag-minimalistisch","14":"product_tag-porzellan-ton","15":"product_tag-schwarz-de","16":"product_shipping_class-schwerwegen-2-kg","18":"first","19":"instock","20":"taxable","21":"shipping-taxable","22":"purchasable","23":"product-type-simple"},"jetpack_sharing_enabled":true,"_links":{"self":[{"href":"https:\/\/kulaberlin.com\/de\/wp-json\/wp\/v2\/product\/22510","targetHints":{"allow":["GET"]}}],"collection":[{"href":"https:\/\/kulaberlin.com\/de\/wp-json\/wp\/v2\/product"}],"about":[{"href":"https:\/\/kulaberlin.com\/de\/wp-json\/wp\/v2\/types\/product"}],"wp:featuredmedia":[{"embeddable":true,"href":"https:\/\/kulaberlin.com\/de\/wp-json\/wp\/v2\/media\/16246"}],"wp:attachment":[{"href":"https:\/\/kulaberlin.com\/de\/wp-json\/wp\/v2\/media?parent=22510"}],"wp:term":[{"taxonomy":"product_brand","embeddable":true,"href":"https:\/\/kulaberlin.com\/de\/wp-json\/wp\/v2\/product_brand?post=22510"},{"taxonomy":"product_cat","embeddable":true,"href":"https:\/\/kulaberlin.com\/de\/wp-json\/wp\/v2\/product_cat?post=22510"},{"taxonomy":"product_tag","embeddable":true,"href":"https:\/\/kulaberlin.com\/de\/wp-json\/wp\/v2\/product_tag?post=22510"}],"curies":[{"name":"wp","href":"https:\/\/api.w.org\/{rel}","templated":true}]}}