{"id":22515,"date":"2021-09-27T14:51:21","date_gmt":"2021-09-27T14:51:21","guid":{"rendered":"https:\/\/kulaberlin.com\/product\/lampe-edison-radio-schwarz\/"},"modified":"2021-09-27T14:51:21","modified_gmt":"2021-09-27T14:51:21","slug":"lampe-edison-radio-schwarz","status":"publish","type":"product","link":"https:\/\/kulaberlin.com\/de\/product\/lampe-edison-radio-schwarz\/","title":{"rendered":"Lampe Edison Radio Schwarz"},"content":{"rendered":"<p>Die verzierte Tischleuchte spendet ein angenehmes Licht und besteht aus einer speziellen Mischung von Porzellanmaterialien. Der Rotationsknopf erm\u00f6glicht eine progressive Steuerung der Beleuchtung und erzeugt einen geringen Kontrast. Inspir\u00e9 du Tube Amplificateur Corps: Cable noir: Noir Lang: 200 cm, Prise: Silber, E27. Inklusive Ampulle. Elektrischer Stromverbrauch : max. 40 W. Abmessungen : 10 cm x 17,5 cm x 10 cm Poids : 1,5 kg Mati\u00e8re : Abat-jour, socle : argile de porcelaine, pigment naturel Douille : M\u00e9tal C\u00e2ble : Textile Les lampes Edison Vintage Radio sont une cr\u00e9ation originale con\u00e7ue et r\u00e9alis\u00e9e par Okan G\u00f6kg\u00f6z dans notre atelier Kulaberlin \u00e0 Berlin. Unser Konzepter hat sich von den R\u00f6hrenverst\u00e4rkern der 50er und 70er Jahre inspirieren lassen. Diese Lampen bestehen aus zwei Ampullen f\u00fcr einen Vintage-Effekt und eine wunderbare Beleuchtung Ihrer Innenr\u00e4ume. Der drehbare Vintage-Unterbrecher erm\u00f6glicht es, die Lichtintensit\u00e4t zu steuern und die Lampe zu jedem Zeitpunkt und an jedem Ort im Haus zu verwenden. Diese Radiolampe kann in einem Schlafzimmer f\u00fcr eine gem\u00fctliche Atmosph\u00e4re eingesetzt werden, die dem Raum eine besondere Note verleiht. Die Leuchte ist 40 W stark und hat 140 Lumen. Hervorragend geeignet f\u00fcr einen Vortrag oder Ihre Abendlekt\u00fcre. Cette lampe cr\u00e9e une lumi\u00e8re calme. Vous pouvez utiliser ces lampes r\u00e9tro minimalistes pour votre salon ou sur votre table \u00e0 manger. Sie begleitet Sie und Ihre Freunde w\u00e4hrend des gesamten Abendessens. Das originelle Design dieses Modells aus Porzellan schafft ein lebhaftes und positives Ambiente. F\u00fcr ein klassisches Interieur empfehlen wir Ihnen die originalen Funkleuchten in der Farbe brut b\u00e9ton. F\u00fcr einen industriellen und originellen Stil k\u00f6nnen Sie sich f\u00fcr das patinierte Modell entscheiden, dessen Oxydation das Aussehen der Lampe in Abh\u00e4ngigkeit von der Luftfeuchtigkeit des Raumes ver\u00e4ndert! Vervollst\u00e4ndigen Sie Ihr Interieur mit dieser wundersch\u00f6nen Lampe! Herstellungsdauer : 1 Woche                   <\/p>\n","protected":false},"excerpt":{"rendered":"<p>Die verzierte Tischleuchte spendet ein angenehmes Licht und besteht aus einer speziellen Mischung von Porzellanmaterialien. Der Drehknopf erm\u00f6glicht eine progressive Steuerung der Beleuchtung und erzeugt einen geringen Kontrast. Inspiriert von einem R\u00f6hrenverst\u00e4rker. Korpus: Cable noir: Noir Lang: 200 cm, Prise: Silber, E27. Inklusive Ampulle. Elektrischer Stromverbrauch : max. 40 W. Abmessungen : 10 cm x 17,5 cm x 10 cm Gewicht : 1,5 kg Material : Abat-jour, socle : argile de porcelaine, pigment naturel Douille : M\u00e9tal C\u00e2ble : Textile Les lampes Edison Vintage Radio sont une cr\u00e9ation originale con\u00e7ue et r\u00e9alis\u00e9e par Okan G\u00f6kg\u00f6z dans notre atelier Kulaberlin \u00e0 Berlin. Unser Konzepter hat sich von den R\u00f6hrenverst\u00e4rkern der 50er und 70er Jahre inspirieren lassen. Diese Lampen bestehen aus zwei Ampullen f\u00fcr einen Vintage-Effekt und eine wunderbare Beleuchtung Ihrer Innenr\u00e4ume. Der drehbare Vintage-Unterbrecher erm\u00f6glicht es, die Lichtintensit\u00e4t zu steuern und die Lampe zu jedem Zeitpunkt und an jedem Ort im Haus zu verwenden. Diese Radiolampe kann in einem Schlafzimmer f\u00fcr eine gem\u00fctliche Atmosph\u00e4re eingesetzt werden, die dem Raum eine besondere Note verleiht. Die Leuchte ist 40 W stark und hat 140 Lumen. Hervorragend geeignet f\u00fcr einen Vortrag oder Ihre Abendlekt\u00fcre. Cette lampe cr\u00e9e une lumi\u00e8re calme. Vous pouvez utiliser ces lampes r\u00e9tro minimalistes pour votre salon ou sur votre table \u00e0 manger. Sie begleitet Sie und Ihre Freunde w\u00e4hrend des gesamten Abendessens. Das originelle Design dieses Modells aus Porzellan schafft ein lebhaftes und positives Ambiente. F\u00fcr ein klassisches Interieur empfehlen wir Ihnen die originalen Funkleuchten in der Farbe brut b\u00e9ton. F\u00fcr einen industriellen und originellen Stil k\u00f6nnen Sie sich f\u00fcr das patinierte Modell entscheiden, dessen Oxydation das Aussehen der Lampe in Abh\u00e4ngigkeit von der Luftfeuchtigkeit des Raumes ver\u00e4ndert! Vervollst\u00e4ndigen Sie Ihr Interieur mit dieser wundersch\u00f6nen Lampe! Herstellungsdauer : 1 Woche                    <\/p>\n","protected":false},"featured_media":16249,"template":"","meta":[],"product_brand":[],"product_cat":[1475],"product_tag":[1483,1474,1481,1480,1479,1478,1484,1482,1485],"class_list":{"0":"post-22515","1":"product","2":"type-product","3":"status-publish","4":"has-post-thumbnail","6":"product_cat-lampe-de-2","7":"product_tag-ampulle-edision-vintage","8":"product_tag-argile-de-porcelaine-de","9":"product_tag-fabrique-a-berlin-de","10":"product_tag-fabriziert-in-deutschland","11":"product_tag-gradation-de-la-lumiere-de","12":"product_tag-lampe-de-4","13":"product_tag-maison-coloree-de","14":"product_tag-minimalistisch-de","15":"product_tag-noir-de","16":"product_shipping_class-produit-lourd-2-kg-de","18":"first","19":"instock","20":"taxable","21":"shipping-taxable","22":"purchasable","23":"product-type-simple"},"jetpack_sharing_enabled":true,"_links":{"self":[{"href":"https:\/\/kulaberlin.com\/de\/wp-json\/wp\/v2\/product\/22515","targetHints":{"allow":["GET"]}}],"collection":[{"href":"https:\/\/kulaberlin.com\/de\/wp-json\/wp\/v2\/product"}],"about":[{"href":"https:\/\/kulaberlin.com\/de\/wp-json\/wp\/v2\/types\/product"}],"wp:featuredmedia":[{"embeddable":true,"href":"https:\/\/kulaberlin.com\/de\/wp-json\/wp\/v2\/media\/16249"}],"wp:attachment":[{"href":"https:\/\/kulaberlin.com\/de\/wp-json\/wp\/v2\/media?parent=22515"}],"wp:term":[{"taxonomy":"product_brand","embeddable":true,"href":"https:\/\/kulaberlin.com\/de\/wp-json\/wp\/v2\/product_brand?post=22515"},{"taxonomy":"product_cat","embeddable":true,"href":"https:\/\/kulaberlin.com\/de\/wp-json\/wp\/v2\/product_cat?post=22515"},{"taxonomy":"product_tag","embeddable":true,"href":"https:\/\/kulaberlin.com\/de\/wp-json\/wp\/v2\/product_tag?post=22515"}],"curies":[{"name":"wp","href":"https:\/\/api.w.org\/{rel}","templated":true}]}}