{"id":22525,"date":"2021-08-31T13:15:51","date_gmt":"2021-08-31T13:15:51","guid":{"rendered":"https:\/\/kulaberlin.com\/product\/radio-lampe-terrazzo-jeux\/"},"modified":"2021-08-31T13:15:51","modified_gmt":"2021-08-31T13:15:51","slug":"radio-lampe-terrazzo-jeux","status":"publish","type":"product","link":"https:\/\/kulaberlin.com\/de\/product\/radio-lampe-terrazzo-jeux\/","title":{"rendered":"RADIO LAMPE Terrazzo Jeux"},"content":{"rendered":"<p>Die verschn\u00f6rkelte Tischleuchte spendet gem\u00fctliches Licht und bietet eine besondere Mischung aus Porzellanmaterialien, die mit Epoxi versiegelt sind. Diese Leuchte ist ein individuelles Produkt, der Terrazzo ist von Objekt zu Objekt immer anders.  Der Drehschalter f\u00fcr stufenloses Dimmen des Lichts und der Retro-Schalter erzeugen einen spannungsgeladenen Kontrast. Inspiriert von R\u00f6hrenverst\u00e4rkern aus den 70er Jahren.<\/p>\n<p>K\u00f6rper: Porcelein, versiegelt mit Epoxi. Kabel: Schwarz L\u00e4nge: 200 cm Sockel: Gold, E27. Gl\u00fchbirne enthalten. Stromverbrauch: max. 40 W. Abmessungen: 10cm x 17,5cm x 10cm Gewicht: 1,5 kg Material: Lampenschirm, Sockel: Porzellan, nat\u00fcrliches Pigment Fassung: Metall Kabel: Textil<\/p>\n<p>Produktionszeit: 2 Wochen<\/p>\n","protected":false},"excerpt":{"rendered":"<p>Die verschn\u00f6rkelte Tischleuchte spendet gem\u00fctliches Licht und bietet einen besonderen Materialmix aus Porzellan und einer Versiegelung aus Epoxi. Der Drehschalter f\u00fcr stufenloses Dimmen des Lichts und der Retro-Schalter erzeugen einen spannungsgeladenen Kontrast. Inspiriert von R\u00f6hrenverst\u00e4rkern aus der 70er Jahren. ACHTUNG! Jede Lampe ist individuell, w\u00e4hlen Sie Ihre Farbmischung und wir produzieren sie f\u00fcr Sie. Die Lampen sind von der Abbildung in verschiedenen Farben Ihrer Wahl.  <\/p>\n","protected":false},"featured_media":16061,"template":"","meta":[],"product_brand":[],"product_cat":[1249],"product_tag":[1489,1491],"class_list":{"0":"post-22525","1":"product","2":"type-product","3":"status-publish","4":"has-post-thumbnail","6":"product_cat-lampe-de","7":"product_tag-porcelein-lampe","8":"product_tag-terrazzo-lampe","9":"product_shipping_class-schwere-waren-3-kg-de","11":"first","12":"instock","13":"taxable","14":"shipping-taxable","15":"purchasable","16":"product-type-variable"},"jetpack_sharing_enabled":true,"_links":{"self":[{"href":"https:\/\/kulaberlin.com\/de\/wp-json\/wp\/v2\/product\/22525","targetHints":{"allow":["GET"]}}],"collection":[{"href":"https:\/\/kulaberlin.com\/de\/wp-json\/wp\/v2\/product"}],"about":[{"href":"https:\/\/kulaberlin.com\/de\/wp-json\/wp\/v2\/types\/product"}],"wp:featuredmedia":[{"embeddable":true,"href":"https:\/\/kulaberlin.com\/de\/wp-json\/wp\/v2\/media\/16061"}],"wp:attachment":[{"href":"https:\/\/kulaberlin.com\/de\/wp-json\/wp\/v2\/media?parent=22525"}],"wp:term":[{"taxonomy":"product_brand","embeddable":true,"href":"https:\/\/kulaberlin.com\/de\/wp-json\/wp\/v2\/product_brand?post=22525"},{"taxonomy":"product_cat","embeddable":true,"href":"https:\/\/kulaberlin.com\/de\/wp-json\/wp\/v2\/product_cat?post=22525"},{"taxonomy":"product_tag","embeddable":true,"href":"https:\/\/kulaberlin.com\/de\/wp-json\/wp\/v2\/product_tag?post=22525"}],"curies":[{"name":"wp","href":"https:\/\/api.w.org\/{rel}","templated":true}]}}