{"id":22571,"date":"2021-06-14T20:25:02","date_gmt":"2021-06-14T18:25:02","guid":{"rendered":"https:\/\/kulaberlin.com\/product\/weinkuehler-vase-granviller\/"},"modified":"2025-07-24T09:05:59","modified_gmt":"2025-07-24T09:05:59","slug":"weinkuehler-vase-granviller","status":"publish","type":"product","link":"https:\/\/kulaberlin.com\/de\/product\/weinkuehler-vase-granviller\/","title":{"rendered":"Weink\u00fchler &amp; Vase Granviller"},"content":{"rendered":"<p>Eine Art Wiederbelebungsma\u00dfnahme, mit der Sie die unbeschwerte Atmosph\u00e4re von Weinabenden in guter Gesellschaft bewahren wollen. Das zeitlose Material Beton Diese Vasen sind perfekt geeignet, um Wei\u00dfwein, Prosecco oder Raki auf einem Esstisch abzuk\u00fchlen. Am Ende des Sommers k\u00f6nnen Sie diese Betonvase verwenden, um die von Ihnen gesammelten Blumen zum Trocknen aufzustellen, damit der warme Abend bis zum n\u00e4chsten Fr\u00fchjahr anh\u00e4lt.  <\/p>\n<p>Die sch\u00f6nen grafischen Linien reflektieren das Licht und die Farbe \u00e4ndert sich leicht, je nach Intensit\u00e4t des Sonnenlichts. Das Design wurde mit einem 3D-Drucker geformt, mit Beton hergestellt und mit Epoxidharz \u00fcberzogen. Genie\u00dfen Sie die Schlichtheit und Modernit\u00e4t dieser neuen Kreation.  <\/p>\n<p>&nbsp;<\/p>\n<p>&nbsp;<\/p>\n","protected":false},"excerpt":{"rendered":"<p>Eine Art Wiederbelebungsma\u00dfnahme, mit der Sie die unbeschwerte Atmosph\u00e4re von Weinabenden in guter Gesellschaft bewahren wollen. Das zeitlose Material Beton Diese Vasen sind perfekt geeignet, um Wei\u00dfwein, Prosecco oder Raki&hellip;<\/p>\n","protected":false},"featured_media":15069,"template":"","meta":[],"product_brand":[],"product_cat":[899],"product_tag":[],"class_list":{"0":"post-22571","1":"product","2":"type-product","3":"status-publish","4":"has-post-thumbnail","6":"product_cat-art","8":"first","9":"outofstock","10":"taxable","11":"shipping-taxable","12":"purchasable","13":"product-type-variable"},"jetpack_sharing_enabled":true,"_links":{"self":[{"href":"https:\/\/kulaberlin.com\/de\/wp-json\/wp\/v2\/product\/22571","targetHints":{"allow":["GET"]}}],"collection":[{"href":"https:\/\/kulaberlin.com\/de\/wp-json\/wp\/v2\/product"}],"about":[{"href":"https:\/\/kulaberlin.com\/de\/wp-json\/wp\/v2\/types\/product"}],"wp:featuredmedia":[{"embeddable":true,"href":"https:\/\/kulaberlin.com\/de\/wp-json\/wp\/v2\/media\/15069"}],"wp:attachment":[{"href":"https:\/\/kulaberlin.com\/de\/wp-json\/wp\/v2\/media?parent=22571"}],"wp:term":[{"taxonomy":"product_brand","embeddable":true,"href":"https:\/\/kulaberlin.com\/de\/wp-json\/wp\/v2\/product_brand?post=22571"},{"taxonomy":"product_cat","embeddable":true,"href":"https:\/\/kulaberlin.com\/de\/wp-json\/wp\/v2\/product_cat?post=22571"},{"taxonomy":"product_tag","embeddable":true,"href":"https:\/\/kulaberlin.com\/de\/wp-json\/wp\/v2\/product_tag?post=22571"}],"curies":[{"name":"wp","href":"https:\/\/api.w.org\/{rel}","templated":true}]}}