{"id":22645,"date":"2021-02-15T12:31:49","date_gmt":"2021-02-15T12:31:49","guid":{"rendered":"https:\/\/kulaberlin.com\/product\/ueber-margutta\/"},"modified":"2021-02-15T12:31:49","modified_gmt":"2021-02-15T12:31:49","slug":"ueber-margutta","status":"publish","type":"product","link":"https:\/\/kulaberlin.com\/de\/product\/ueber-margutta\/","title":{"rendered":"\u00dcber Margutta"},"content":{"rendered":"<p>Dieser Blumentopf ist aus einer Betonmischung hergestellt. Marmorierte und farbige T\u00f6pfe. Wir verwenden die besten nat\u00fcrlichen Pigmente. So einzigartig sie sind, weisen sie doch leichte Unterschiede auf, da auch dies in der Victoriastadt in Berlin von Hand in den Beton eingearbeitet wird.<\/p>\n<p>&nbsp;<\/p>\n","protected":false},"excerpt":{"rendered":"<p>Dieser Blumentopf ist aus einer Betonmischung hergestellt. Marmorierte und farbige T\u00f6pfe k\u00f6nnen mit den feinsten nat\u00fcrlichen Pigmenten hergestellt werden. Als Unikat weisen sie leichte Unterschiede in der Pigemtierung auf, da auch diese in der Betonwerkstatt in der Victoriastadt, Berlin, von Hand vorgenommen wird.<\/p>\n<p>&nbsp;<\/p>\n","protected":false},"featured_media":14136,"template":"","meta":[],"product_brand":[],"product_cat":[899],"product_tag":[],"class_list":{"0":"post-22645","1":"product","2":"type-product","3":"status-publish","4":"has-post-thumbnail","6":"product_cat-art","8":"first","9":"outofstock","10":"featured","11":"taxable","12":"shipping-taxable","13":"purchasable","14":"product-type-simple"},"jetpack_sharing_enabled":true,"_links":{"self":[{"href":"https:\/\/kulaberlin.com\/de\/wp-json\/wp\/v2\/product\/22645","targetHints":{"allow":["GET"]}}],"collection":[{"href":"https:\/\/kulaberlin.com\/de\/wp-json\/wp\/v2\/product"}],"about":[{"href":"https:\/\/kulaberlin.com\/de\/wp-json\/wp\/v2\/types\/product"}],"wp:featuredmedia":[{"embeddable":true,"href":"https:\/\/kulaberlin.com\/de\/wp-json\/wp\/v2\/media\/14136"}],"wp:attachment":[{"href":"https:\/\/kulaberlin.com\/de\/wp-json\/wp\/v2\/media?parent=22645"}],"wp:term":[{"taxonomy":"product_brand","embeddable":true,"href":"https:\/\/kulaberlin.com\/de\/wp-json\/wp\/v2\/product_brand?post=22645"},{"taxonomy":"product_cat","embeddable":true,"href":"https:\/\/kulaberlin.com\/de\/wp-json\/wp\/v2\/product_cat?post=22645"},{"taxonomy":"product_tag","embeddable":true,"href":"https:\/\/kulaberlin.com\/de\/wp-json\/wp\/v2\/product_tag?post=22645"}],"curies":[{"name":"wp","href":"https:\/\/api.w.org\/{rel}","templated":true}]}}