{"id":22668,"date":"2021-02-15T11:57:07","date_gmt":"2021-02-15T11:57:07","guid":{"rendered":"https:\/\/kulaberlin.com\/product\/broadgate-circle\/"},"modified":"2021-02-15T11:57:07","modified_gmt":"2021-02-15T11:57:07","slug":"broadgate-circle","status":"publish","type":"product","link":"https:\/\/kulaberlin.com\/de\/product\/broadgate-circle\/","title":{"rendered":"Broadgate Circle"},"content":{"rendered":"<div class=\"woocommerce-product-details__short-description\">\n<p>Dieser Blumentopf ist aus einer Betonmischung und Patina hergestellt. Marmorierte und farbige T\u00f6pfe k\u00f6nnen mit den feinsten nat\u00fcrlichen Pigmenten hergestellt werden. Da sie einzigartig sind, weisen sie leichte Unterschiede in den Farben auf. Dies ist ein handgefertigtes, einzigartiges Produkt. Hergestellt in Victoria Stadt, Berlin.<\/p>\n<\/div>\n","protected":false},"excerpt":{"rendered":"<p>Dieser Blumentopf ist aus einer Betonmischung hergestellt. Marmorierte und farbige T\u00f6pfe k\u00f6nnen mit den feinsten nat\u00fcrlichen Pigmenten hergestellt werden. Da sie einzigartig sind, weisen sie leichte Unterschiede in den Farben auf. Dies ist ein handgefertigtes, einzigartiges Produkt. Hergestellt in Victoria Stadt, Berlin.<\/p>\n","protected":false},"featured_media":14343,"template":"","meta":[],"product_brand":[],"product_cat":[899],"product_tag":[],"class_list":{"0":"post-22668","1":"product","2":"type-product","3":"status-publish","4":"has-post-thumbnail","6":"product_cat-art","7":"product_shipping_class-schwerwegen-2-kg","9":"first","10":"instock","11":"taxable","12":"shipping-taxable","13":"purchasable","14":"product-type-simple"},"jetpack_sharing_enabled":true,"_links":{"self":[{"href":"https:\/\/kulaberlin.com\/de\/wp-json\/wp\/v2\/product\/22668","targetHints":{"allow":["GET"]}}],"collection":[{"href":"https:\/\/kulaberlin.com\/de\/wp-json\/wp\/v2\/product"}],"about":[{"href":"https:\/\/kulaberlin.com\/de\/wp-json\/wp\/v2\/types\/product"}],"wp:featuredmedia":[{"embeddable":true,"href":"https:\/\/kulaberlin.com\/de\/wp-json\/wp\/v2\/media\/14343"}],"wp:attachment":[{"href":"https:\/\/kulaberlin.com\/de\/wp-json\/wp\/v2\/media?parent=22668"}],"wp:term":[{"taxonomy":"product_brand","embeddable":true,"href":"https:\/\/kulaberlin.com\/de\/wp-json\/wp\/v2\/product_brand?post=22668"},{"taxonomy":"product_cat","embeddable":true,"href":"https:\/\/kulaberlin.com\/de\/wp-json\/wp\/v2\/product_cat?post=22668"},{"taxonomy":"product_tag","embeddable":true,"href":"https:\/\/kulaberlin.com\/de\/wp-json\/wp\/v2\/product_tag?post=22668"}],"curies":[{"name":"wp","href":"https:\/\/api.w.org\/{rel}","templated":true}]}}