{"id":22734,"date":"2021-02-10T11:55:44","date_gmt":"2021-02-10T11:55:44","guid":{"rendered":"https:\/\/kulaberlin.com\/product\/soapdish-marseille-rue-des-chantecler\/"},"modified":"2021-02-10T11:55:44","modified_gmt":"2021-02-10T11:55:44","slug":"soapdish-marseille-rue-des-chantecler","status":"publish","type":"product","link":"https:\/\/kulaberlin.com\/de\/product\/soapdish-marseille-rue-des-chantecler\/","title":{"rendered":"Soapdish MARSEILLE Rue des Chantecler"},"content":{"rendered":"<p>Die Form wird von Hand hergestellt, geschliffen, pigmentiert und gefertigt. Das macht jeden Seifenhalter zu einem Einzelst\u00fcck. Die klare Oberfl\u00e4che und die klassische Grundform des Seifenhalters stehen in einem spannenden Kontrast zu den Pigmenten. Sch\u00f6n, minimalistisch, langlebig &#8211; ein klassisches St\u00fcck f\u00fcr Ihr Badezimmer und Ihre K\u00fcche.   <\/p>\n<p>&nbsp;<\/p>\n<p>&nbsp;<\/p>\n","protected":false},"excerpt":{"rendered":"<p>Eine sch\u00f6ne moderne Seifenschale aus Porzellan. Jeder Halter wurde einzeln von Hand gegossen und bis zur Perfektion geschliffen. Jeder Seifenhalter bietet Platz f\u00fcr 1 Seife. Dieses Badezimmer-Accessoire passt zu jeder Einrichtung und verleiht Ihrem Zuhause Charme.<\/p>\n","protected":false},"featured_media":18046,"template":"","meta":[],"product_brand":[],"product_cat":[899],"product_tag":[],"class_list":{"0":"post-22734","1":"product","2":"type-product","3":"status-publish","4":"has-post-thumbnail","6":"product_cat-art","8":"first","9":"instock","10":"featured","11":"taxable","12":"shipping-taxable","13":"purchasable","14":"product-type-simple"},"jetpack_sharing_enabled":true,"_links":{"self":[{"href":"https:\/\/kulaberlin.com\/de\/wp-json\/wp\/v2\/product\/22734","targetHints":{"allow":["GET"]}}],"collection":[{"href":"https:\/\/kulaberlin.com\/de\/wp-json\/wp\/v2\/product"}],"about":[{"href":"https:\/\/kulaberlin.com\/de\/wp-json\/wp\/v2\/types\/product"}],"wp:featuredmedia":[{"embeddable":true,"href":"https:\/\/kulaberlin.com\/de\/wp-json\/wp\/v2\/media\/18046"}],"wp:attachment":[{"href":"https:\/\/kulaberlin.com\/de\/wp-json\/wp\/v2\/media?parent=22734"}],"wp:term":[{"taxonomy":"product_brand","embeddable":true,"href":"https:\/\/kulaberlin.com\/de\/wp-json\/wp\/v2\/product_brand?post=22734"},{"taxonomy":"product_cat","embeddable":true,"href":"https:\/\/kulaberlin.com\/de\/wp-json\/wp\/v2\/product_cat?post=22734"},{"taxonomy":"product_tag","embeddable":true,"href":"https:\/\/kulaberlin.com\/de\/wp-json\/wp\/v2\/product_tag?post=22734"}],"curies":[{"name":"wp","href":"https:\/\/api.w.org\/{rel}","templated":true}]}}