{"id":22773,"date":"2020-11-17T12:27:26","date_gmt":"2020-11-17T12:27:26","guid":{"rendered":"https:\/\/kulaberlin.com\/product\/seifenhalter-loupia-terracotta\/"},"modified":"2020-11-17T12:27:26","modified_gmt":"2020-11-17T12:27:26","slug":"seifenhalter-loupia-terracotta","status":"publish","type":"product","link":"https:\/\/kulaberlin.com\/de\/product\/seifenhalter-loupia-terracotta\/","title":{"rendered":"SEIFENHALTER LOUPIA TERRACOTTA"},"content":{"rendered":"<p>Die Form wird von Hand hergestellt, geschliffen, pigmentiert und gefertigt. Das macht jeden Seifenstangenhalter zu einem Einzelst\u00fcck. Die klare Oberfl\u00e4che und die klassische Grundform des Seifenhalters stehen in einem spannenden Kontrast zu den Pigmenten. Sch\u00f6n, minimalistisch, langlebig &#8211; ein Klassiker f\u00fcr Ihr Bad und Ihre K\u00fcche.<\/p>\n<p>&nbsp;<\/p>\n<p>&nbsp;<\/p>\n","protected":false},"excerpt":{"rendered":"<p>Ein sch\u00f6ner moderner Seifenhalter aus Beton. Jeder Halter wurde einzeln von Hand gegossen und perfekt geschliffen. Jeder Seifenhalter bietet Platz f\u00fcr 2 Seifen. Dieses Badezimmer-Accessoire passt zu jeder Einrichtung und verleiht Ihrem Zuhause Charme.   <\/p>\n","protected":false},"featured_media":12994,"template":"","meta":[],"product_brand":[],"product_cat":[899],"product_tag":[],"class_list":{"0":"post-22773","1":"product","2":"type-product","3":"status-publish","4":"has-post-thumbnail","6":"product_cat-art","8":"first","9":"outofstock","10":"featured","11":"taxable","12":"shipping-taxable","13":"purchasable","14":"product-type-simple"},"jetpack_sharing_enabled":true,"_links":{"self":[{"href":"https:\/\/kulaberlin.com\/de\/wp-json\/wp\/v2\/product\/22773","targetHints":{"allow":["GET"]}}],"collection":[{"href":"https:\/\/kulaberlin.com\/de\/wp-json\/wp\/v2\/product"}],"about":[{"href":"https:\/\/kulaberlin.com\/de\/wp-json\/wp\/v2\/types\/product"}],"wp:featuredmedia":[{"embeddable":true,"href":"https:\/\/kulaberlin.com\/de\/wp-json\/wp\/v2\/media\/12994"}],"wp:attachment":[{"href":"https:\/\/kulaberlin.com\/de\/wp-json\/wp\/v2\/media?parent=22773"}],"wp:term":[{"taxonomy":"product_brand","embeddable":true,"href":"https:\/\/kulaberlin.com\/de\/wp-json\/wp\/v2\/product_brand?post=22773"},{"taxonomy":"product_cat","embeddable":true,"href":"https:\/\/kulaberlin.com\/de\/wp-json\/wp\/v2\/product_cat?post=22773"},{"taxonomy":"product_tag","embeddable":true,"href":"https:\/\/kulaberlin.com\/de\/wp-json\/wp\/v2\/product_tag?post=22773"}],"curies":[{"name":"wp","href":"https:\/\/api.w.org\/{rel}","templated":true}]}}