{"id":22788,"date":"2020-11-11T14:48:41","date_gmt":"2020-11-11T14:48:41","guid":{"rendered":"https:\/\/kulaberlin.com\/product\/der-boesartige-geier-von-felix-huelpuesch\/"},"modified":"2020-11-11T14:48:41","modified_gmt":"2020-11-11T14:48:41","slug":"der-boesartige-geier-von-felix-huelpuesch","status":"publish","type":"product","link":"https:\/\/kulaberlin.com\/de\/product\/der-boesartige-geier-von-felix-huelpuesch\/","title":{"rendered":"Der b\u00f6sartige Geier von Felix H\u00fclp\u00fcsch"},"content":{"rendered":"<div class=\"\">\n<p id=\"tw-target-text\" class=\"tw-data-text tw-text-large XcVN5d tw-ta\" dir=\"ltr\" data-placeholder=\"\u00dcbersetzung\"><span lang=\"en\">Format: 30 x 40 cm<br \/>\nTechnik: Vierfarbiger Siebdruck<br \/>\nLimitierte Auflage, handsigniert.<\/span><\/p>\n<p>&nbsp;<\/p>\n<p dir=\"ltr\" data-placeholder=\"\u00dcbersetzung\">Lesen Sie das Interview mit dem K\u00fcnstler Felix H\u00fclp\u00fcsch in unserem Blog.<\/p>\n<\/div>\n","protected":false},"excerpt":{"rendered":"<p class=\"product__intro\" data-attr=\"product-name\"><em>Kunstdruck von Felix H\u00fclp\u00fcsch<\/em><\/p>\n<p id=\"tw-target-text\" class=\"tw-data-text tw-text-large XcVN5d tw-ta\" dir=\"ltr\" data-placeholder=\"\u00dcbersetzung\"><span lang=\"en\">Format: 30 x 40 cm<br \/>\nTechnik: Vierfarbiger Siebdruck<br \/>\nLimitierte Auflage, handsigniert.<\/span><\/p>\n<p>&nbsp;<\/p>\n","protected":false},"featured_media":12606,"template":"","meta":[],"product_brand":[],"product_cat":[1568],"product_tag":[1349,1571,1573,1572,1570,1569,1348,1567],"class_list":{"0":"post-22788","1":"product","2":"type-product","3":"status-publish","4":"has-post-thumbnail","6":"product_cat-art-prints-de-2","7":"product_tag-berlin-de-2","8":"product_tag-berna-yengin-de","9":"product_tag-europa-de","10":"product_tag-europaische-kunst","11":"product_tag-grafik-poster-de","12":"product_tag-illustration-de-2","13":"product_tag-kunst-de","14":"product_tag-kunstdruck-de","15":"product_shipping_class-schwerwegen-1-kg","17":"first","18":"instock","19":"taxable","20":"shipping-taxable","21":"purchasable","22":"product-type-variable"},"jetpack_sharing_enabled":true,"_links":{"self":[{"href":"https:\/\/kulaberlin.com\/de\/wp-json\/wp\/v2\/product\/22788","targetHints":{"allow":["GET"]}}],"collection":[{"href":"https:\/\/kulaberlin.com\/de\/wp-json\/wp\/v2\/product"}],"about":[{"href":"https:\/\/kulaberlin.com\/de\/wp-json\/wp\/v2\/types\/product"}],"wp:featuredmedia":[{"embeddable":true,"href":"https:\/\/kulaberlin.com\/de\/wp-json\/wp\/v2\/media\/12606"}],"wp:attachment":[{"href":"https:\/\/kulaberlin.com\/de\/wp-json\/wp\/v2\/media?parent=22788"}],"wp:term":[{"taxonomy":"product_brand","embeddable":true,"href":"https:\/\/kulaberlin.com\/de\/wp-json\/wp\/v2\/product_brand?post=22788"},{"taxonomy":"product_cat","embeddable":true,"href":"https:\/\/kulaberlin.com\/de\/wp-json\/wp\/v2\/product_cat?post=22788"},{"taxonomy":"product_tag","embeddable":true,"href":"https:\/\/kulaberlin.com\/de\/wp-json\/wp\/v2\/product_tag?post=22788"}],"curies":[{"name":"wp","href":"https:\/\/api.w.org\/{rel}","templated":true}]}}