{"id":22796,"date":"2020-11-17T11:02:25","date_gmt":"2020-11-17T11:02:25","guid":{"rendered":"https:\/\/kulaberlin.com\/product\/seifenstangenhalter-paris-gruen\/"},"modified":"2020-11-17T11:02:25","modified_gmt":"2020-11-17T11:02:25","slug":"seifenstangenhalter-paris-gruen","status":"publish","type":"product","link":"https:\/\/kulaberlin.com\/de\/product\/seifenstangenhalter-paris-gruen\/","title":{"rendered":"SEIFENSTANGENHALTER PARIS GR\u00dcN"},"content":{"rendered":"<p>Die Form wird von Hand hergestellt, geschliffen, pigmentiert und gefertigt. Das macht jeden Seifenhalter zu einem Einzelst\u00fcck. Die klare Oberfl\u00e4che und die klassische Grundform des Seifenhalters stehen in einem spannenden Kontrast zu den Pigmenten. Sch\u00f6n, minimalistisch, langlebig &#8211; ein klassisches St\u00fcck f\u00fcr Ihr Badezimmer und Ihre K\u00fcche.   <\/p>\n<p>Der Seifenstangenhalter hat einen minimalistischen Wasserablauf, der Ihre Seife trocken h\u00e4lt.<\/p>\n<p>&nbsp;<\/p>\n","protected":false},"excerpt":{"rendered":"<p>Ein sch\u00f6ner moderner Seifenhalter aus Beton. Jeder Halter wurde einzeln von Hand gegossen und perfekt geschliffen. Jeder Seifenhalter bietet Platz f\u00fcr 2 Seifen. Dieses Badezimmer-Accessoire passt zu jeder Einrichtung und verleiht Ihrem Zuhause Charme.   <\/p>\n","protected":false},"featured_media":12922,"template":"","meta":[],"product_brand":[],"product_cat":[899],"product_tag":[],"class_list":{"0":"post-22796","1":"product","2":"type-product","3":"status-publish","4":"has-post-thumbnail","6":"product_cat-art","8":"first","9":"outofstock","10":"featured","11":"taxable","12":"shipping-taxable","13":"purchasable","14":"product-type-simple"},"jetpack_sharing_enabled":true,"_links":{"self":[{"href":"https:\/\/kulaberlin.com\/de\/wp-json\/wp\/v2\/product\/22796","targetHints":{"allow":["GET"]}}],"collection":[{"href":"https:\/\/kulaberlin.com\/de\/wp-json\/wp\/v2\/product"}],"about":[{"href":"https:\/\/kulaberlin.com\/de\/wp-json\/wp\/v2\/types\/product"}],"wp:featuredmedia":[{"embeddable":true,"href":"https:\/\/kulaberlin.com\/de\/wp-json\/wp\/v2\/media\/12922"}],"wp:attachment":[{"href":"https:\/\/kulaberlin.com\/de\/wp-json\/wp\/v2\/media?parent=22796"}],"wp:term":[{"taxonomy":"product_brand","embeddable":true,"href":"https:\/\/kulaberlin.com\/de\/wp-json\/wp\/v2\/product_brand?post=22796"},{"taxonomy":"product_cat","embeddable":true,"href":"https:\/\/kulaberlin.com\/de\/wp-json\/wp\/v2\/product_cat?post=22796"},{"taxonomy":"product_tag","embeddable":true,"href":"https:\/\/kulaberlin.com\/de\/wp-json\/wp\/v2\/product_tag?post=22796"}],"curies":[{"name":"wp","href":"https:\/\/api.w.org\/{rel}","templated":true}]}}