{"id":22862,"date":"2020-07-12T13:50:22","date_gmt":"2020-07-12T13:50:22","guid":{"rendered":"https:\/\/kulaberlin.com\/product\/jongstraat\/"},"modified":"2020-07-12T13:50:22","modified_gmt":"2020-07-12T13:50:22","slug":"jongstraat","status":"publish","type":"product","link":"https:\/\/kulaberlin.com\/de\/product\/jongstraat\/","title":{"rendered":"Jongstraat"},"content":{"rendered":"<p>Die Form wird von Hand hergestellt, geschliffen, pigmentiert und gefertigt. Das macht jede der Vasen zu einem einzigartigen St\u00fcck. Die klare Oberfl\u00e4che und die klassische Grundform der Vasen stehen in einem spannenden Kontrast zu den Pigmenten. Sch\u00f6n als Einzelst\u00fcck oder als Gruppe.  <\/p>\n<p>&nbsp;<\/p>\n","protected":false},"excerpt":{"rendered":"<p><span class=\"Apple-converted-space\"> <\/span>Es ist das Produkt eines sehr zeitaufwendigen Prozesses. Die Seele des Pflanzgef\u00e4\u00dfes besteht aus deutschem Beton, der mit feinstem italienischen Pigment, oxidierter Kintsugi-Struktur und Epoxidharz \u00fcberzogen ist. Die Form erinnert an ein Achteck.  <\/p>\n","protected":false},"featured_media":12318,"template":"","meta":[],"product_brand":[],"product_cat":[899],"product_tag":[],"class_list":{"0":"post-22862","1":"product","2":"type-product","3":"status-publish","4":"has-post-thumbnail","6":"product_cat-art","8":"first","9":"instock","10":"featured","11":"taxable","12":"shipping-taxable","13":"purchasable","14":"product-type-simple"},"jetpack_sharing_enabled":true,"_links":{"self":[{"href":"https:\/\/kulaberlin.com\/de\/wp-json\/wp\/v2\/product\/22862","targetHints":{"allow":["GET"]}}],"collection":[{"href":"https:\/\/kulaberlin.com\/de\/wp-json\/wp\/v2\/product"}],"about":[{"href":"https:\/\/kulaberlin.com\/de\/wp-json\/wp\/v2\/types\/product"}],"wp:featuredmedia":[{"embeddable":true,"href":"https:\/\/kulaberlin.com\/de\/wp-json\/wp\/v2\/media\/12318"}],"wp:attachment":[{"href":"https:\/\/kulaberlin.com\/de\/wp-json\/wp\/v2\/media?parent=22862"}],"wp:term":[{"taxonomy":"product_brand","embeddable":true,"href":"https:\/\/kulaberlin.com\/de\/wp-json\/wp\/v2\/product_brand?post=22862"},{"taxonomy":"product_cat","embeddable":true,"href":"https:\/\/kulaberlin.com\/de\/wp-json\/wp\/v2\/product_cat?post=22862"},{"taxonomy":"product_tag","embeddable":true,"href":"https:\/\/kulaberlin.com\/de\/wp-json\/wp\/v2\/product_tag?post=22862"}],"curies":[{"name":"wp","href":"https:\/\/api.w.org\/{rel}","templated":true}]}}