{"id":22984,"date":"2020-04-23T15:53:54","date_gmt":"2020-04-23T15:53:54","guid":{"rendered":"https:\/\/kulaberlin.com\/product\/downing-street\/"},"modified":"2020-04-23T15:53:54","modified_gmt":"2020-04-23T15:53:54","slug":"downing-street","status":"publish","type":"product","link":"https:\/\/kulaberlin.com\/de\/product\/downing-street\/","title":{"rendered":"DOWNING STREET"},"content":{"rendered":"<div class=\"woocommerce-product-details__short-description\">\n<p>Dieser Blumentopf ist aus einer Betonmischung hergestellt. Marmorierte und farbige T\u00f6pfe k\u00f6nnen mit den feinsten nat\u00fcrlichen Pigmenten hergestellt werden. Als Unikat weisen sie leichte Unterschiede in den Farben auf. Dies ist ein handgefertigtes Unikat. Hergestellt in Victoria Stadt, Berlin.  <\/p>\n<\/div>\n","protected":false},"excerpt":{"rendered":"<p>Dieser Blumentopf ist aus einer Betonmischung hergestellt. Marmorierte und farbige T\u00f6pfe k\u00f6nnen mit den feinsten nat\u00fcrlichen Pigmenten hergestellt werden. Als Unikat weisen sie leichte Unterschiede in den Farben auf. Dies ist ein handgefertigtes Unikat. Hergestellt in Victoria Stadt, Berlin.  <\/p>\n","protected":false},"featured_media":11606,"template":"","meta":[],"product_brand":[],"product_cat":[1544,1531],"product_tag":[],"class_list":{"0":"post-22984","1":"product","2":"type-product","3":"status-publish","4":"has-post-thumbnail","6":"product_cat-london-de-2","7":"product_cat-planter-de","8":"product_shipping_class-schwerwegen-2-kg","10":"first","11":"outofstock","12":"taxable","13":"shipping-taxable","14":"purchasable","15":"product-type-simple"},"jetpack_sharing_enabled":true,"_links":{"self":[{"href":"https:\/\/kulaberlin.com\/de\/wp-json\/wp\/v2\/product\/22984","targetHints":{"allow":["GET"]}}],"collection":[{"href":"https:\/\/kulaberlin.com\/de\/wp-json\/wp\/v2\/product"}],"about":[{"href":"https:\/\/kulaberlin.com\/de\/wp-json\/wp\/v2\/types\/product"}],"wp:featuredmedia":[{"embeddable":true,"href":"https:\/\/kulaberlin.com\/de\/wp-json\/wp\/v2\/media\/11606"}],"wp:attachment":[{"href":"https:\/\/kulaberlin.com\/de\/wp-json\/wp\/v2\/media?parent=22984"}],"wp:term":[{"taxonomy":"product_brand","embeddable":true,"href":"https:\/\/kulaberlin.com\/de\/wp-json\/wp\/v2\/product_brand?post=22984"},{"taxonomy":"product_cat","embeddable":true,"href":"https:\/\/kulaberlin.com\/de\/wp-json\/wp\/v2\/product_cat?post=22984"},{"taxonomy":"product_tag","embeddable":true,"href":"https:\/\/kulaberlin.com\/de\/wp-json\/wp\/v2\/product_tag?post=22984"}],"curies":[{"name":"wp","href":"https:\/\/api.w.org\/{rel}","templated":true}]}}