{"id":23034,"date":"2019-12-02T17:05:34","date_gmt":"2019-12-02T17:05:34","guid":{"rendered":"https:\/\/kulaberlin.com\/product\/pflanzer-rua-vieira-portuense\/"},"modified":"2019-12-02T17:05:34","modified_gmt":"2019-12-02T17:05:34","slug":"pflanzer-rua-vieira-portuense","status":"publish","type":"product","link":"https:\/\/kulaberlin.com\/de\/product\/pflanzer-rua-vieira-portuense\/","title":{"rendered":"Pflanzer Rua Vieira Portuense"},"content":{"rendered":"<p>Dieser Blumentopf ist aus einer Betonmischung hergestellt. Marmorierte und farbige T\u00f6pfe. Wir verwenden die feinsten nat\u00fcrlichen Pigmente. Da sie einzigartig sind, weisen sie leichte Unterschiede auf, da auch dies von Hand im Beton in der Victoriastadt, Berlin, gemacht wird.   <\/p>\n<p>&nbsp;<\/p>\n","protected":false},"excerpt":{"rendered":"<p>Dieser Blumentopf ist aus einer Betonmischung hergestellt. Marmorierte und farbige T\u00f6pfe k\u00f6nnen mit den feinsten nat\u00fcrlichen Pigmenten hergestellt werden. Als Unikat weisen sie leichte Unterschiede in der Pigemtierung auf, da auch diese in der Betonwerkstatt in der Victoriastadt, Berlin, von Hand gemacht wird.  <\/p>\n<p>&nbsp;<\/p>\n","protected":false},"featured_media":11080,"template":"","meta":[],"product_brand":[],"product_cat":[899],"product_tag":[],"class_list":{"0":"post-23034","1":"product","2":"type-product","3":"status-publish","4":"has-post-thumbnail","6":"product_cat-art","8":"first","9":"instock","10":"featured","11":"taxable","12":"shipping-taxable","13":"purchasable","14":"product-type-simple"},"jetpack_sharing_enabled":true,"_links":{"self":[{"href":"https:\/\/kulaberlin.com\/de\/wp-json\/wp\/v2\/product\/23034","targetHints":{"allow":["GET"]}}],"collection":[{"href":"https:\/\/kulaberlin.com\/de\/wp-json\/wp\/v2\/product"}],"about":[{"href":"https:\/\/kulaberlin.com\/de\/wp-json\/wp\/v2\/types\/product"}],"wp:featuredmedia":[{"embeddable":true,"href":"https:\/\/kulaberlin.com\/de\/wp-json\/wp\/v2\/media\/11080"}],"wp:attachment":[{"href":"https:\/\/kulaberlin.com\/de\/wp-json\/wp\/v2\/media?parent=23034"}],"wp:term":[{"taxonomy":"product_brand","embeddable":true,"href":"https:\/\/kulaberlin.com\/de\/wp-json\/wp\/v2\/product_brand?post=23034"},{"taxonomy":"product_cat","embeddable":true,"href":"https:\/\/kulaberlin.com\/de\/wp-json\/wp\/v2\/product_cat?post=23034"},{"taxonomy":"product_tag","embeddable":true,"href":"https:\/\/kulaberlin.com\/de\/wp-json\/wp\/v2\/product_tag?post=23034"}],"curies":[{"name":"wp","href":"https:\/\/api.w.org\/{rel}","templated":true}]}}