{"id":23067,"date":"2019-10-29T15:51:23","date_gmt":"2019-10-29T15:51:23","guid":{"rendered":"https:\/\/kulaberlin.com\/product\/edison-radio-lampe-grau\/"},"modified":"2025-07-26T18:21:53","modified_gmt":"2025-07-26T18:21:53","slug":"edison-radio-lampe-grau","status":"publish","type":"product","link":"https:\/\/kulaberlin.com\/de\/product\/edison-radio-lampe-grau\/","title":{"rendered":"Edison Radio Lampe Grau"},"content":{"rendered":"<p>Die verschn\u00f6rkelte Tischleuchte spendet gem\u00fctliches Licht und bietet einen besonderen Materialmix aus Porzellanton. Der Drehschalter zum stufenlosen Dimmen des Lichts und der Retro-Schalter schaffen einen spannenden Kontrast. Inspiriert von einem R\u00f6hrenverst\u00e4rker. K\u00f6rper: Grau Kabel: Schwarz Lang: 200 cm, Fassung: Silber, E27. Inklusive Gl\u00fchbirne. Leistungsaufnahme: max. 40 W. Abmessungen: 10cm x 17,5cm x 10cm Gewicht: 1,5 kg Material: Lampenschirm, Sockel: Porzellanerde, nat\u00fcrliches Pigment Fassung: Metall Kabel: Textil      <\/p>\n<p>Edison Vintage Radio Lamps sind eine originelle Kreation, die von Okan G\u00f6kg\u00f6z in unserem Kulaberlin-Atelier in Berlin entworfen und hergestellt wurde. Unser Designer lie\u00df sich von den Verst\u00e4rkerr\u00f6hren der 50er und 70er Jahre inspirieren. Bei diesem Design der Radio Lamps hat unser Designer ein Auge f\u00fcr Perfektion. Diese Lampen enthalten zwei Gl\u00fchbirnen f\u00fcr einen wunderbaren und echten Vintage-Lichteffekt f\u00fcr Ihr Interieur. Der Vintage-Drehschalter zum Dimmen des Lichts und der Retro-Schalter bilden einen spannenden Kontrast. Steuern Sie die Intensit\u00e4t Ihres Lichts und passen Sie es an den jeweiligen Moment und den Ort an. Diese Radiolampe kann in einem Schlafzimmer f\u00fcr eine gem\u00fctliche Atmosph\u00e4re verwendet werden und verleiht Ihrem Schlafzimmer diese besondere Eleganz. Das Licht ist 40 W stark und hat 140 Lumen. Perfekt zum Lesen oder f\u00fcr Ihre abendliche Meditation. Diese Lampe erzeugt ein ruhiges Licht. Sie k\u00f6nnen diese minimale Retro-Lampe f\u00fcr Ihr Wohnzimmer oder auf Ihrem Esstisch verwenden, um Sie und Ihre Freunde bei einem langen Abendessen zu begleiten.<br \/>\nDiese lebendige Stimmung, das Gl\u00fcck und das originelle Design sind in dem aus Porzellan gefertigten Modell zu sp\u00fcren. F\u00fcr eine klassischere Inneneinrichtung werden Sie die originalen Radiolampen aus Beton lieben, die in den Farben von concrete brut erh\u00e4ltlich sind. F\u00fcr einen industriellen und originellen Stil k\u00f6nnen Sie sich f\u00fcr das Modell Patina entscheiden, dessen Oxidation das Aussehen der Lampe je nach Feuchtigkeit des Raumes ver\u00e4ndert und so f\u00fcr eine besondere Optik sorgt. Vervollst\u00e4ndigen Sie Ihre Einrichtung mit dieser wunderbaren Lampe!            <\/p>\n<p>Produktionszeit: 1 Woche<\/p>\n","protected":false},"excerpt":{"rendered":"<p>Die verschn\u00f6rkelte Tischleuchte spendet gem\u00fctliches Licht und bietet einen besonderen Materialmix aus Porzellanton. Der Drehschalter zum stufenlosen Dimmen des Lichts und der Retro-Schalter schaffen einen spannenden Kontrast. Inspiriert von einem R\u00f6hrenverst\u00e4rker. Geh\u00e4use: Grau Kabel: Schwarz Lang: 200 cm, Fassung: Silber, E27. Inklusive Gl\u00fchbirne. Leistungsaufnahme: max. 40 W. Abmessungen: 10cm x 17,5cm x 10cm Gewicht: 1,5 kg Material: Lampenschirm, Sockel: Porzellanerde, nat\u00fcrliches Pigment Fassung: Metall Kabel: Textil      <\/p>\n<p>Edison Vintage Radio Lamps sind eine originelle Kreation, die von Okan G\u00f6kg\u00f6z in unserem Kulaberlin-Atelier in Berlin entworfen und hergestellt wurde. Unser Designer lie\u00df sich von den Verst\u00e4rkerr\u00f6hren der 50er und 70er Jahre inspirieren. Bei diesem Design der Radio Lamps hat unser Designer ein Auge f\u00fcr Perfektion. Diese Lampen enthalten zwei Gl\u00fchbirnen f\u00fcr einen wunderbaren und echten Vintage-Lichteffekt f\u00fcr Ihr Interieur. Der Vintage-Drehschalter zum Dimmen des Lichts und der Retro-Schalter bilden einen spannenden Kontrast. Steuern Sie die Intensit\u00e4t Ihres Lichts und passen Sie es an den jeweiligen Moment und den Ort an. Diese Radiolampe kann in einem Schlafzimmer f\u00fcr eine gem\u00fctliche Atmosph\u00e4re verwendet werden und verleiht Ihrem Schlafzimmer diese besondere Eleganz. Das Licht ist 40 W stark und hat 140 Lumen. Perfekt zum Lesen oder f\u00fcr Ihre abendliche Meditation. Diese Lampe erzeugt ein ruhiges Licht. Sie k\u00f6nnen diese minimale Retro-Lampe f\u00fcr Ihr Wohnzimmer oder auf Ihrem Esstisch verwenden, um Sie und Ihre Freunde bei einem langen Abendessen zu begleiten.<br \/>\nDie lebendige Stimmung, die Fr\u00f6hlichkeit und das originelle Design sind in dem aus Porzellan gefertigten Modell zu sp\u00fcren. F\u00fcr eine klassischere Inneneinrichtung werden Sie die originalen Radiolampen aus Beton lieben, die in den Farben concrete brut erh\u00e4ltlich sind. F\u00fcr einen industriellen und originellen Stil k\u00f6nnen Sie sich f\u00fcr das Modell Patina entscheiden, dessen Oxidation das Aussehen der Lampe je nach Feuchtigkeit des Raumes ver\u00e4ndert und so f\u00fcr eine besondere Optik sorgt. Vervollst\u00e4ndigen Sie Ihre Einrichtung mit dieser wunderbaren Lampe!            <\/p>\n<p>Produktionszeit: 1 Woche<\/p>\n","protected":false},"featured_media":16203,"template":"","meta":[],"product_brand":[],"product_cat":[1249],"product_tag":[1254,1258,1596,1256,1255,1252,1257,1247],"class_list":{"0":"post-23067","1":"product","2":"type-product","3":"status-publish","4":"has-post-thumbnail","6":"product_cat-lampe-de","7":"product_tag-dimmbar-de","8":"product_tag-edision-vintage-gluhbirne-de","9":"product_tag-grau","10":"product_tag-hergestellt-in-berlin","11":"product_tag-hergestellt-in-deutschland","12":"product_tag-lampe-de-2","13":"product_tag-minimalistisch","14":"product_tag-porzellan-ton","15":"product_shipping_class-schwerwegen-2-kg","17":"first","18":"instock","19":"taxable","20":"shipping-taxable","21":"purchasable","22":"product-type-simple"},"jetpack_sharing_enabled":true,"_links":{"self":[{"href":"https:\/\/kulaberlin.com\/de\/wp-json\/wp\/v2\/product\/23067","targetHints":{"allow":["GET"]}}],"collection":[{"href":"https:\/\/kulaberlin.com\/de\/wp-json\/wp\/v2\/product"}],"about":[{"href":"https:\/\/kulaberlin.com\/de\/wp-json\/wp\/v2\/types\/product"}],"wp:featuredmedia":[{"embeddable":true,"href":"https:\/\/kulaberlin.com\/de\/wp-json\/wp\/v2\/media\/16203"}],"wp:attachment":[{"href":"https:\/\/kulaberlin.com\/de\/wp-json\/wp\/v2\/media?parent=23067"}],"wp:term":[{"taxonomy":"product_brand","embeddable":true,"href":"https:\/\/kulaberlin.com\/de\/wp-json\/wp\/v2\/product_brand?post=23067"},{"taxonomy":"product_cat","embeddable":true,"href":"https:\/\/kulaberlin.com\/de\/wp-json\/wp\/v2\/product_cat?post=23067"},{"taxonomy":"product_tag","embeddable":true,"href":"https:\/\/kulaberlin.com\/de\/wp-json\/wp\/v2\/product_tag?post=23067"}],"curies":[{"name":"wp","href":"https:\/\/api.w.org\/{rel}","templated":true}]}}