{"id":24641,"date":"2026-01-30T12:25:51","date_gmt":"2026-01-30T12:25:51","guid":{"rendered":"https:\/\/kulaberlin.com\/?post_type=product&#038;p=24641"},"modified":"2026-01-30T14:10:17","modified_gmt":"2026-01-30T14:10:17","slug":"giucy-seiden-ikat-kissen-copy-copy-copy-copy-copy-copy","status":"publish","type":"product","link":"https:\/\/kulaberlin.com\/de\/product\/giucy-seiden-ikat-kissen-copy-copy-copy-copy-copy-copy\/","title":{"rendered":"GIUCY Seiden-Ikat-Kissen (Copy) (Copy) (Copy) (Copy) (Copy) (Copy)"},"content":{"rendered":"<div class=\"product-description-wrapper\">\n<p dir=\"auto\" data-pm-slice=\"1 1 []\">Luxuri\u00f6ser Kopfkissenbezug aus feinstem Seidensamt. Weich, k\u00fchl und bequem. Gewebt und handgefertigt in Usbekistan.<br \/>\nDas perfekte Geschenk f\u00fcr Ihre Lieben, ein handgefertigtes Seidenkissen mit Ikat-Muster aus feinster reiner Seide. Die Materialien werden f\u00fcr ein besonders sch\u00f6nes und luxuri\u00f6ses Gef\u00fchl verwendet. Es ist elegant, raffiniert und glamour\u00f6s.    <\/p>\n<ul>\n<li>Wir stellen Ihnen unsere luxuri\u00f6sen Velvet Ikat Kissen aus hochwertiger Seide vor.<\/li>\n<li>Handgefertigt von erfahrenen Kunsthandwerkern f\u00fcr ein einzigartiges und farbenfrohes Ikat-Muster<\/li>\n<li>Weiches und pr\u00e4chtiges Samtmaterial f\u00fcr zus\u00e4tzlichen Luxus<\/li>\n<li>Perfekt zur Erg\u00e4nzung eines lebendigen und eklektischen Einrichtungsstils<\/li>\n<li>In einer Vielzahl von Farben und Gr\u00f6\u00dfen erh\u00e4ltlich<\/li>\n<li>Tolle Geschenkidee f\u00fcr alle, die stilvolle Wohnkultur lieben<\/li>\n<li>Verleihen Sie Ihrer Einrichtung einen Hauch von Luxus mit unseren Ikat-Kissen aus Samt<\/li>\n<\/ul>\n<ul>\n<li>Ma\u00dfe: 60x60cm<\/li>\n<li>Farbe: gemischt<\/li>\n<li>Vorderseite: Ikat R\u00fcckseite: Einfarbig<\/li>\n<li>Stoff: Vorderseite Seide und R\u00fcckseite Modal<\/li>\n<li>Muster: Handgewebter Stoff<\/li>\n<li>Limited Edition<\/li>\n<li>Pflege: Handw\u00e4sche<\/li>\n<li>Rei\u00dfverschluss in Naht<\/li>\n<\/ul>\n<\/div>\n<div id=\"sharing\" class=\"social-sharing\" data-permalink=\"https:\/\/yastikbyrifatozbek.com\/products\/ikat-7\"><\/div>\n","protected":false},"excerpt":{"rendered":"<div class=\"product-description-wrapper\">\n<p>Luxuri\u00f6ser Kopfkissenbezug aus feinster Samt-Seide. Original Ikat. <\/p>\n<ul>\n<li>Wir stellen Ihnen unsere luxuri\u00f6sen Velvet Ikat Kissen aus hochwertiger Seide vor.<\/li>\n<li>Handgefertigt von erfahrenen Kunsthandwerkern f\u00fcr ein einzigartiges und farbenfrohes Ikat-Muster<\/li>\n<li>Weiches und pr\u00e4chtiges Samtmaterial f\u00fcr zus\u00e4tzlichen Luxus<\/li>\n<li>Perfekt zur Erg\u00e4nzung eines lebendigen und eklektischen Einrichtungsstils<\/li>\n<li>In einer Vielzahl von Farben und Gr\u00f6\u00dfen erh\u00e4ltlich<\/li>\n<li>Tolle Geschenkidee f\u00fcr alle, die stilvolle Wohnkultur lieben<\/li>\n<li>Verleihen Sie Ihrer Einrichtung einen Hauch von Luxus mit unseren Ikat-Kissen aus Samt<\/li>\n<\/ul>\n<p>Ma\u00dfe: 60x60cm<\/p>\n<ul>\n<li>Farbe: gemischt<\/li>\n<li>Vorderseite: Ikat R\u00fcckseite: Einfarbig<\/li>\n<li>Stoff: Vorderseite Seide und R\u00fcckseite Modal<\/li>\n<li>Muster: Handgewebter Stoff<\/li>\n<li>Limited Edition<\/li>\n<li>Pflege: Handw\u00e4sche<\/li>\n<li>Rei\u00dfverschluss in Naht<\/li>\n<\/ul>\n<\/div>\n<div id=\"sharing\" class=\"social-sharing\" data-permalink=\"https:\/\/yastikbyrifatozbek.com\/products\/ikat-7\"><\/div>\n<p>&nbsp;<\/p>\n","protected":false},"featured_media":24647,"template":"","meta":[],"product_brand":[],"product_cat":[1299],"product_tag":[1317],"class_list":{"0":"post-24641","1":"product","2":"type-product","3":"status-publish","4":"has-post-thumbnail","6":"product_cat-cushion-de","7":"product_tag-luxuriose-wohnkultur","8":"product_shipping_class-schwerwegen-1-kg","10":"first","11":"instock","12":"sold-individually","13":"taxable","14":"shipping-taxable","15":"purchasable","16":"product-type-simple"},"jetpack_sharing_enabled":true,"_links":{"self":[{"href":"https:\/\/kulaberlin.com\/de\/wp-json\/wp\/v2\/product\/24641","targetHints":{"allow":["GET"]}}],"collection":[{"href":"https:\/\/kulaberlin.com\/de\/wp-json\/wp\/v2\/product"}],"about":[{"href":"https:\/\/kulaberlin.com\/de\/wp-json\/wp\/v2\/types\/product"}],"wp:featuredmedia":[{"embeddable":true,"href":"https:\/\/kulaberlin.com\/de\/wp-json\/wp\/v2\/media\/24647"}],"wp:attachment":[{"href":"https:\/\/kulaberlin.com\/de\/wp-json\/wp\/v2\/media?parent=24641"}],"wp:term":[{"taxonomy":"product_brand","embeddable":true,"href":"https:\/\/kulaberlin.com\/de\/wp-json\/wp\/v2\/product_brand?post=24641"},{"taxonomy":"product_cat","embeddable":true,"href":"https:\/\/kulaberlin.com\/de\/wp-json\/wp\/v2\/product_cat?post=24641"},{"taxonomy":"product_tag","embeddable":true,"href":"https:\/\/kulaberlin.com\/de\/wp-json\/wp\/v2\/product_tag?post=24641"}],"curies":[{"name":"wp","href":"https:\/\/api.w.org\/{rel}","templated":true}]}}