{"id":24979,"date":"2026-03-24T11:24:30","date_gmt":"2026-03-24T11:24:30","guid":{"rendered":"https:\/\/kulaberlin.com\/?post_type=product&#038;p=24979"},"modified":"2026-03-24T11:27:37","modified_gmt":"2026-03-24T11:27:37","slug":"vintage-radio-tischlampe-wolke-dimmbar-retro-nachtlicht-copy","status":"publish","type":"product","link":"https:\/\/kulaberlin.com\/de\/product\/vintage-radio-tischlampe-wolke-dimmbar-retro-nachtlicht-copy\/","title":{"rendered":"Vintage Radio Table Lamp &#8222;SOL&#8220; \u2013 Dimmable | Retro Night Light"},"content":{"rendered":"<h3 data-section-id=\"1u5n6vf\" data-start=\"129\" data-end=\"192\"><span role=\"text\"><strong data-start=\"133\" data-end=\"192\">Vintage Radio Tischlampe \u201eSol\u201c \u2013 dimmbar | Retro Nachtlicht<\/strong><\/span><\/h3>\n<p data-start=\"194\" data-end=\"355\">Bringen Sie zeitlosen Charakter und eine warme Atmosph\u00e4re in Ihr Zuhause mit dieser <strong data-start=\"262\" data-end=\"290\">Vintage-Radio-Tischlampe, <\/strong>eine perfekte Verbindung aus nostalgischem Design und moderner Funktionalit\u00e4t.<\/p>\n<p data-start=\"357\" data-end=\"632\">Inspiriert von klassischen R\u00f6hrenradios der 50er- und 70er-Jahre \u00fcberzeugt diese einzigartige Lampe mit ihrem ikonischen Retro-Look. Der integrierte Drehregler erm\u00f6glicht eine sanfte, stufenlose Dimmung, sodass Sie die Lichtstimmung jederzeit flexibel anpassen k\u00f6nnen, von einem <strong data-start=\"503\" data-end=\"531\">weichen, entspannenden Licht <\/strong>bis hin zu funktionaler Helligkeit.<\/p>\n<p> <\/p>\n<p data-start=\"634\" data-end=\"761\">Ob auf dem Nachttisch, im Wohnzimmerregal oder am Arbeitsplatz,diese Lampe schafft sofort eine gem\u00fctliche und einladende Atmosph\u00e4re.<\/p>\n<ul data-start=\"791\" data-end=\"1212\">\n<li data-section-id=\"vkkqxf\" data-start=\"791\" data-end=\"865\"><strong data-start=\"793\" data-end=\"821\">Stepless dimming control<\/strong> \u2013 adjust brightness exactly to your needs<\/li>\n<li data-section-id=\"1p4sbmf\" data-start=\"866\" data-end=\"926\">Stufenlose Dimmfunktion \u2013 passen Sie die Helligkeit exakt an Ihre Bed\u00fcrfnisse an.<\/li>\n<li data-section-id=\"1rqdun2\" data-start=\"927\" data-end=\"975\">Ikonisches Vintage-Radio-Design \u2013 ein echtes Statement-Piece<\/li>\n<li data-section-id=\"zwg9p1\" data-start=\"976\" data-end=\"1034\">Warmes, stimmungsvolles Licht \u2013 perfekt f\u00fcr entspannte Abende<\/li>\n<li data-section-id=\"15tgtli\" data-start=\"1035\" data-end=\"1097\"><strong data-start=\"1037\" data-end=\"1058\">Hochwertige Materialien <\/strong>\u2013 Keramikk\u00f6rper mit nat\u00fcrlichen Pigmenten\n<p><\/li>\n<li data-section-id=\"v70gbs\" data-start=\"1098\" data-end=\"1134\"><strong data-start=\"1100\" data-end=\"1132\">Fassung: E27 <\/strong><\/li>\n<li data-section-id=\"193b86x\" data-start=\"1135\" data-end=\"1212\"><strong data-start=\"1137\" data-end=\"1166\">Minimalistisch und zugleich ausdrucksstark<\/strong> \u2013 passt zu modernen, industriellen und Retro-Einrichtungen<\/li>\n<li data-section-id=\"193b86x\" data-start=\"1135\" data-end=\"1212\"><strong>Handgefertigt von Okan G\u00f6kg\u00f6z<\/strong><\/li>\n<\/ul>\n<h3 data-section-id=\"r05oc4\" data-start=\"1219\" data-end=\"1254\"><span role=\"text\"><strong data-start=\"1223\" data-end=\"1254\">Atmosphere You Can Feel<\/strong><\/span><\/h3>\n<p data-start=\"1255\" data-end=\"1444\">Minimalistisch und zugleich ausdrucksstark \u2013 passt zu modernen, industriellen und Retro-Einrichtungen <\/p>\n<h3 data-section-id=\"3e1zzu\" data-start=\"1451\" data-end=\"1479\"><span role=\"text\"><strong data-start=\"1455\" data-end=\"1479\"> Technische Details<\/strong><\/span><\/h3>\n<ul data-start=\"1480\" data-end=\"1721\">\n<li data-section-id=\"1gf36w8\" data-start=\"1480\" data-end=\"1521\">Dimensionen 10 \u00d7 17.5 \u00d7 10 cm <\/li>\n<li data-section-id=\"cv0av2\" data-start=\"1522\" data-end=\"1548\">Gewicht. 1.5 kg <\/li>\n<li data-section-id=\"kvflpg\" data-start=\"1549\" data-end=\"1569\">Power: max. 40 W <\/li>\n<li data-section-id=\"6c4rts\" data-start=\"1570\" data-end=\"1606\">Lichtleistung: ca. 140 Lumen <\/li>\n<li data-section-id=\"1eloe3v\" data-start=\"1607\" data-end=\"1656\">Material: Keramik, Metallfassung, Textilkabel<\/li>\n<li data-section-id=\"uukvxt\" data-start=\"1657\" data-end=\"1689\">Kabell\u00e4nge: approx. 200 cm <\/li>\n<li data-section-id=\"18fq47r\" data-start=\"1690\" data-end=\"1721\">Fassung: E27<\/li>\n<\/ul>\n<h3 data-section-id=\"11ozdn6\" data-start=\"1728\" data-end=\"1750\"><span role=\"text\"><strong data-start=\"1732\" data-end=\"1750\"> Perfekt f\u00fcr<\/strong><\/span><\/h3>\n<ul data-start=\"1751\" data-end=\"1853\">\n<li data-section-id=\"1rq4zou\" data-start=\"1751\" data-end=\"1771\">Nachttisch Lampe<\/li>\n<li data-section-id=\"ktax6f\" data-start=\"1772\" data-end=\"1793\">Living room d\u00e9cor<\/li>\n<li data-section-id=\"x8bgm6\" data-start=\"1794\" data-end=\"1831\">Design lovers &amp; retro enthusiasten<\/li>\n<li data-section-id=\"lozq9p\" data-start=\"1832\" data-end=\"1853\">Unique gift ideas<\/li>\n<\/ul>\n","protected":false},"excerpt":{"rendered":"<p data-start=\"0\" data-end=\"57\"><strong data-start=\"0\" data-end=\"57\">Vintage Radio Tisch Lamp, Dimmbare Retro Nacht Light<\/strong><\/p>\n<p data-start=\"59\" data-end=\"468\" data-is-last-node=\"\" data-is-only-node=\"\">Eine stilvolle Tischlampe, inspiriert von klassischen Vintage-Radios, die nostalgisches Design mit moderner Funktionalit\u00e4t vereint. Ausgestattet mit einem leichtg\u00e4ngigen Drehdimmer erm\u00f6glicht sie eine einfache Anpassung der Helligkeit, um die perfekte Atmosph\u00e4re zu schaffen \u2013 von sanftem, gem\u00fctlichem Licht bis hin zu hellerer Ausleuchtung. Ideal f\u00fcr Nachttische, Wohnzimmer oder als einzigartiges Dekorationselement verleiht diese Lampe jedem Raum W\u00e4rme, Charakter und zeitlosen Stil.<\/p>\n<p>  <\/p>\n","protected":false},"featured_media":24959,"template":"","meta":[],"product_brand":[],"product_cat":[1475,1249,1449],"product_tag":[1757,1756,1759,1758,1755,1602,1754,1500],"class_list":{"0":"post-24979","1":"product","2":"type-product","3":"status-publish","4":"has-post-thumbnail","6":"product_cat-lampe-de-2","7":"product_cat-lampe-de","8":"product_cat-lampen-de","9":"product_tag-designer-lampe","10":"product_tag-lichtambiente","11":"product_tag-lighting","12":"product_tag-nachttisch-lamp","13":"product_tag-retro-lampe-dimmbar","14":"product_tag-tischlampe-de","15":"product_tag-vintage-tisch-lampe","16":"product_tag-wohnkultur","17":"product_shipping_class-schwerwegen-2-kg","19":"first","20":"instock","21":"taxable","22":"shipping-taxable","23":"purchasable","24":"product-type-simple"},"jetpack_sharing_enabled":true,"_links":{"self":[{"href":"https:\/\/kulaberlin.com\/de\/wp-json\/wp\/v2\/product\/24979","targetHints":{"allow":["GET"]}}],"collection":[{"href":"https:\/\/kulaberlin.com\/de\/wp-json\/wp\/v2\/product"}],"about":[{"href":"https:\/\/kulaberlin.com\/de\/wp-json\/wp\/v2\/types\/product"}],"wp:featuredmedia":[{"embeddable":true,"href":"https:\/\/kulaberlin.com\/de\/wp-json\/wp\/v2\/media\/24959"}],"wp:attachment":[{"href":"https:\/\/kulaberlin.com\/de\/wp-json\/wp\/v2\/media?parent=24979"}],"wp:term":[{"taxonomy":"product_brand","embeddable":true,"href":"https:\/\/kulaberlin.com\/de\/wp-json\/wp\/v2\/product_brand?post=24979"},{"taxonomy":"product_cat","embeddable":true,"href":"https:\/\/kulaberlin.com\/de\/wp-json\/wp\/v2\/product_cat?post=24979"},{"taxonomy":"product_tag","embeddable":true,"href":"https:\/\/kulaberlin.com\/de\/wp-json\/wp\/v2\/product_tag?post=24979"}],"curies":[{"name":"wp","href":"https:\/\/api.w.org\/{rel}","templated":true}]}}