{"id":22312,"date":"2018-08-30T08:35:53","date_gmt":"2018-08-30T08:35:53","guid":{"rendered":"https:\/\/kulaberlin.com\/contatti\/"},"modified":"2025-09-20T17:54:00","modified_gmt":"2025-09-20T17:54:00","slug":"contatti","status":"publish","type":"page","link":"https:\/\/kulaberlin.com\/it\/contatti\/","title":{"rendered":"CONTATTI"},"content":{"rendered":"<div class=\"wpb-content-wrapper\"><p>[vc_row][vc_column offset=&#8221;vc_col-lg-offset-2 vc_col-lg-8 vc_col-md-offset-2 vc_col-md-8&#8243;][vc_empty_space height=&#8221;15px&#8221;][vc_custom_heading text=&#8221;La felicit\u00e0 \u00e8 reale solo quando \u00e8 condivisa.&#8221; use_theme_fonts=&#8221;yes&#8221; css=&#8221;.vc_custom_1560428255336{margin-bottom: 60px !important;}&#8221;]<div class=\"konte-info-list \"><ul><li class=\"\">\n\t\t\t\t\t<span class=\"info-name\">Indirizzo<\/span>\n\t\t\t\t\t<span class=\"info-value\">T\u00fcrrschmidtstr. 35, 10317 Berlino <\/span>\n\t\t\t\t<\/li><li class=\"\">\n\t\t\t\t\t<span class=\"info-name\">Telefono<\/span>\n\t\t\t\t\t<span class=\"info-value\">+49 171 788 068 2<\/span>\n\t\t\t\t<\/li><li class=\"\">\n\t\t\t\t\t<span class=\"info-name\">Email<\/span>\n\t\t\t\t\t<span class=\"info-value\"><a href=\"mailto:info@kulaberlin.com\" class=\"konte-info-list__email-link\">info@kulaberlin.com<\/a><\/span>\n\t\t\t\t<\/li><li class=\"\">\n\t\t\t\t\t<span class=\"info-name\">Vendita intera e alla rinfusa:  <\/span>\n\t\t\t\t\t<span class=\"info-value\"><a href=\"mailto:info@kulaberlin.com\" class=\"konte-info-list__email-link\">info@kulaberlin.com<\/a><\/span>\n\t\t\t\t<\/li><li class=\"\">\n\t\t\t\t\t<span class=\"info-name\">Sociale<\/span>\n\t\t\t\t\t<span class=\"info-value\"><a href=\"https:\/\/facebook.com\/kulaberlin\/\" target=\"_blanc\" title=\"Kula Berlin su Facebook\" rel=\"noopener\"><i class=\"fa fa-facebook\"><\/i><\/a> <a href=\"https:\/\/instagram.com\/kulaberlin\/\" target=\"_blanc\" title=\"Kula Berlin su Instagram\" rel=\"noopener\"><i class=\"fa fa-instagram\"><\/i><\/a> <\/span>\n\t\t\t\t<\/li><\/ul><\/div>[\/vc_column][\/vc_row][vc_row][vc_column width=&#8221;2\/3&#8243; css=&#8221;.vc_custom_1592389342856{margin-top: 60px !important;padding-left: 33% !important;}&#8221; offset=&#8221;vc_col-lg-8&#8243;][vc_gmaps link=&#8221;#E-8_JTNDaWZyYW1lJTIwc3JjJTNEJTIyaHR0cHMlM0ElMkYlMkZ3d3cuZ29vZ2xlLmNvbSUyRm1hcHMlMkZlbWJlZCUzRnBiJTNEJTIxMW0xOCUyMTFtMTIlMjExbTMlMjExZDI0MjguNjg4MDc4MTg2OTkzJTIxMmQxMy40NzY5MTY5MTU3ODg2NjQlMjEzZDUyLjUwMjg4NTY3OTgxMDk1JTIxMm0zJTIxMWYwJTIxMmYwJTIxM2YwJTIxM20yJTIxMWkxMDI0JTIxMmk3NjglMjE0ZjEzLjElMjEzbTMlMjExbTIlMjExczB4NDdhODRlZWY5ZTU3ZGRmNSUyNTNBMHhjOWYyOGZlNzljZmI3ZWZlJTIxMnNUJTI1QzMlMjVCQ3Jyc2NobWlkdHN0cmElMjVDMyUyNTlGZSUyNTJDJTI1MjAxMDMxNyUyNTIwQmVybGluJTI1MkMlMjUyMEdlcm1hbnklMjE1ZTAlMjEzbTIlMjExc2VuJTIxMnNsYiUyMTR2MTU5MjM4ODMwOTAwNyUyMTVtMiUyMTFzZW4lMjEyc2xiJTIyJTIwd2lkdGglM0QlMjI0MDAlMjIlMjBoZWlnaHQlM0QlMjIzMDAlMjIlMjBmcmFtZWJvcmRlciUzRCUyMjAlMjIlMjBzdHlsZSUzRCUyMmJvcmRlciUzQTAlM0IlMjIlMjBhbGxvd2Z1bGxzY3JlZW4lM0QlMjIlMjIlMjBhcmlhLWhpZGRlbiUzRCUyMmZhbHNlJTIyJTIwdGFiaW5kZXglM0QlMjIwJTIyJTNFJTNDJTJGaWZyYW1lJTNF&#8221; size=&#8221;small&#8221;][vc_empty_space height=&#8221;55px&#8221;][\/vc_column][\/vc_row][vc_row][vc_column][vc_empty_space height=&#8221;100px&#8221; css=&#8221;.vc_custom_1541660858588{margin-top: -100px !important;margin-right: 8.33333333% !important;margin-left: 8.33333333% !important;background-color: #ffffff !important;}&#8221; el_class=&#8221;map-white-brick&#8221;][\/vc_column][\/vc_row][vc_row][vc_column offset=&#8221;vc_col-lg-offset-2 vc_col-lg-8 vc_col-md-offset-2 vc_col-md-8&#8243; css=&#8221;.vc_custom_1541660889857{margin-top: -40px !important;}&#8221;][vc_custom_heading text=&#8221;Non essere un estraneo, saluta e basta.&#8221; use_theme_fonts=&#8221;yes&#8221; css=&#8221;.vc_custom_1560426873433{margin-bottom: 10px !important;}&#8221;]\n<div class=\"wpcf7 no-js\" id=\"wpcf7-f14-o1\" lang=\"en-US\" dir=\"ltr\" data-wpcf7-id=\"14\">\n<div class=\"screen-reader-response\"><p role=\"status\" aria-live=\"polite\" aria-atomic=\"true\"><\/p> <ul><\/ul><\/div>\n<form action=\"\/it\/wp-json\/wp\/v2\/pages\/22312#wpcf7-f14-o1\" method=\"post\" class=\"wpcf7-form init\" aria-label=\"Contact form\" novalidate=\"novalidate\" data-status=\"init\">\n<fieldset class=\"hidden-fields-container\"><input type=\"hidden\" name=\"_wpcf7\" value=\"14\" \/><input type=\"hidden\" name=\"_wpcf7_version\" value=\"6.1.5\" \/><input type=\"hidden\" name=\"_wpcf7_locale\" value=\"en_US\" \/><input type=\"hidden\" name=\"_wpcf7_unit_tag\" value=\"wpcf7-f14-o1\" \/><input type=\"hidden\" name=\"_wpcf7_container_post\" value=\"0\" \/><input type=\"hidden\" name=\"_wpcf7_posted_data_hash\" value=\"\" \/>\n<\/fieldset>\n<p><label> Your Name (required)<br \/>\n<span class=\"wpcf7-form-control-wrap\" data-name=\"your-name\"><input size=\"40\" maxlength=\"400\" class=\"wpcf7-form-control wpcf7-text wpcf7-validates-as-required\" aria-required=\"true\" aria-invalid=\"false\" value=\"\" type=\"text\" name=\"your-name\" \/><\/span> <\/label>\n<\/p>\n<p><label> Your Email (required)<br \/>\n<span class=\"wpcf7-form-control-wrap\" data-name=\"your-email\"><input size=\"40\" maxlength=\"400\" class=\"wpcf7-form-control wpcf7-email wpcf7-validates-as-required wpcf7-text wpcf7-validates-as-email\" aria-required=\"true\" aria-invalid=\"false\" value=\"\" type=\"email\" name=\"your-email\" \/><\/span> <\/label>\n<\/p>\n<p><label> Subject<br \/>\n<span class=\"wpcf7-form-control-wrap\" data-name=\"your-subject\"><input size=\"40\" maxlength=\"400\" class=\"wpcf7-form-control wpcf7-text\" aria-invalid=\"false\" value=\"\" type=\"text\" name=\"your-subject\" \/><\/span> <\/label>\n<\/p>\n<p><label> Your Message<br \/>\n<span class=\"wpcf7-form-control-wrap\" data-name=\"your-message\"><textarea cols=\"40\" rows=\"10\" maxlength=\"2000\" class=\"wpcf7-form-control wpcf7-textarea\" aria-invalid=\"false\" name=\"your-message\"><\/textarea><\/span> <\/label>\n<\/p>\n<p><input class=\"wpcf7-form-control wpcf7-submit has-spinner\" type=\"submit\" value=\"Send\" \/>\n<\/p><p style=\"display: none !important;\" class=\"akismet-fields-container\" data-prefix=\"_wpcf7_ak_\"><label>&#916;<textarea name=\"_wpcf7_ak_hp_textarea\" cols=\"45\" rows=\"8\" maxlength=\"100\"><\/textarea><\/label><input type=\"hidden\" id=\"ak_js_1\" name=\"_wpcf7_ak_js\" value=\"84\"\/><script>document.getElementById( \"ak_js_1\" ).setAttribute( \"value\", ( new Date() ).getTime() );<\/script><\/p><div class=\"wpcf7-response-output\" aria-hidden=\"true\"><\/div>\n<\/form>\n<\/div>\n[\/vc_column][\/vc_row]<\/p>\n<\/div>","protected":false},"excerpt":{"rendered":"<p>[vc_row][vc_column offset=&#8221;vc_col-lg-offset-2 vc_col-lg-8 vc_col-md-offset-2 vc_col-md-8&#8243;][vc_empty_space height=&#8221;15px&#8221;][vc_custom_heading text=&#8221;La felicit\u00e0 \u00e8 reale solo quando \u00e8 condivisa.&#8221; use_theme_fonts=&#8221;yes&#8221; css=&#8221;.vc_custom_1560428255336{margin-bottom: 60px !important;}&#8221;][\/vc_column][\/vc_row][vc_row][vc_column width=&#8221;2\/3&#8243; css=&#8221;.vc_custom_1592389342856{margin-top: 60px !important;padding-left: 33% !important;}&#8221; offset=&#8221;vc_col-lg-8&#8243;][vc_gmaps link=&#8221;#E-8_JTNDaWZyYW1lJTIwc3JjJTNEJTIyaHR0cHMlM0ElMkYlMkZ3d3cuZ29vZ2xlLmNvbSUyRm1hcHMlMkZlbWJlZCUzRnBiJTNEJTIxMW0xOCUyMTFtMTIlMjExbTMlMjExZDI0MjguNjg4MDc4MTg2OTkzJTIxMmQxMy40NzY5MTY5MTU3ODg2NjQlMjEzZDUyLjUwMjg4NTY3OTgxMDk1JTIxMm0zJTIxMWYwJTIxMmYwJTIxM2YwJTIxM20yJTIxMWkxMDI0JTIxMmk3NjglMjE0ZjEzLjElMjEzbTMlMjExbTIlMjExczB4NDdhODRlZWY5ZTU3ZGRmNSUyNTNBMHhjOWYyOGZlNzljZmI3ZWZlJTIxMnNUJTI1QzMlMjVCQ3Jyc2NobWlkdHN0cmElMjVDMyUyNTlGZSUyNTJDJTI1MjAxMDMxNyUyNTIwQmVybGluJTI1MkMlMjUyMEdlcm1hbnklMjE1ZTAlMjEzbTIlMjExc2VuJTIxMnNsYiUyMTR2MTU5MjM4ODMwOTAwNyUyMTVtMiUyMTFzZW4lMjEyc2xiJTIyJTIwd2lkdGglM0QlMjI0MDAlMjIlMjBoZWlnaHQlM0QlMjIzMDAlMjIlMjBmcmFtZWJvcmRlciUzRCUyMjAlMjIlMjBzdHlsZSUzRCUyMmJvcmRlciUzQTAlM0IlMjIlMjBhbGxvd2Z1bGxzY3JlZW4lM0QlMjIlMjIlMjBhcmlhLWhpZGRlbiUzRCUyMmZhbHNlJTIyJTIwdGFiaW5kZXglM0QlMjIwJTIyJTNFJTNDJTJGaWZyYW1lJTNF&#8221; size=&#8221;small&#8221;][vc_empty_space height=&#8221;55px&#8221;][\/vc_column][\/vc_row][vc_row][vc_column][vc_empty_space height=&#8221;100px&#8221; css=&#8221;.vc_custom_1541660858588{margin-top:&hellip;<\/p>\n","protected":false},"author":1,"featured_media":0,"parent":0,"menu_order":0,"comment_status":"closed","ping_status":"closed","template":"","meta":{"footnotes":""},"class_list":["post-22312","page","type-page","status-publish","hentry"],"jetpack_sharing_enabled":true,"_links":{"self":[{"href":"https:\/\/kulaberlin.com\/it\/wp-json\/wp\/v2\/pages\/22312","targetHints":{"allow":["GET"]}}],"collection":[{"href":"https:\/\/kulaberlin.com\/it\/wp-json\/wp\/v2\/pages"}],"about":[{"href":"https:\/\/kulaberlin.com\/it\/wp-json\/wp\/v2\/types\/page"}],"author":[{"embeddable":true,"href":"https:\/\/kulaberlin.com\/it\/wp-json\/wp\/v2\/users\/1"}],"replies":[{"embeddable":true,"href":"https:\/\/kulaberlin.com\/it\/wp-json\/wp\/v2\/comments?post=22312"}],"version-history":[{"count":3,"href":"https:\/\/kulaberlin.com\/it\/wp-json\/wp\/v2\/pages\/22312\/revisions"}],"predecessor-version":[{"id":24419,"href":"https:\/\/kulaberlin.com\/it\/wp-json\/wp\/v2\/pages\/22312\/revisions\/24419"}],"wp:attachment":[{"href":"https:\/\/kulaberlin.com\/it\/wp-json\/wp\/v2\/media?parent=22312"}],"curies":[{"name":"wp","href":"https:\/\/api.w.org\/{rel}","templated":true}]}}