{"id":22328,"date":"2019-08-23T15:01:43","date_gmt":"2019-08-23T15:01:43","guid":{"rendered":"https:\/\/kulaberlin.com\/impronta\/"},"modified":"2019-08-23T15:01:43","modified_gmt":"2019-08-23T15:01:43","slug":"impronta","status":"publish","type":"page","link":"https:\/\/kulaberlin.com\/it\/impronta\/","title":{"rendered":"Impronta"},"content":{"rendered":"<p><strong>Chi siamo<\/strong><\/p>\n<p>Identificazione dell&#8217;operatore legale del sito web:<\/p>\n<p>Okan G\u00f6kg\u00f6z<\/p>\n<p><strong>KULA BERLINO&nbsp;<\/strong><\/p>\n<p>Querstra\u00dfe 2<\/p>\n<p>25764 S\u00fcderdeich<\/p>\n<p>Germania<\/p>\n<p>Telefono: +491717880682<\/p>\n<p>E-Mail: okan@kulaberlin.de<\/p>\n<p><strong>Risoluzione alternativa delle controversie:<\/strong><\/p>\n<p><strong>La Commissione europea mette a disposizione una piattaforma per la risoluzione extragiudiziale delle controversie (piattaforma ODR), che pu\u00f2 essere consultata alla voce<\/strong><\/p>\n<p><strong>https:\/\/ec.europa.eu\/odr.<\/strong><\/p>\n<p><strong>Siamo membri dell&#8217;iniziativa &#8220;FairCommerce&#8221; dal 25.06.2019.<\/strong><\/p>\n<p><strong>Per maggiori informazioni, vedi: www.fair-commerce.de<\/strong><\/p>\n","protected":false},"excerpt":{"rendered":"<p>Chi siamo Identificazione dell&#8217;operatore legale del sito web: Okan G\u00f6kg\u00f6z KULA BERLINO&nbsp; Querstra\u00dfe 2 25764 S\u00fcderdeich Germania Telefono: +491717880682 E-Mail: okan@kulaberlin.de Risoluzione alternativa delle controversie: La Commissione europea mette a&hellip;<\/p>\n","protected":false},"author":2,"featured_media":0,"parent":0,"menu_order":0,"comment_status":"closed","ping_status":"closed","template":"","meta":{"footnotes":""},"class_list":["post-22328","page","type-page","status-publish","hentry"],"jetpack_sharing_enabled":true,"_links":{"self":[{"href":"https:\/\/kulaberlin.com\/it\/wp-json\/wp\/v2\/pages\/22328","targetHints":{"allow":["GET"]}}],"collection":[{"href":"https:\/\/kulaberlin.com\/it\/wp-json\/wp\/v2\/pages"}],"about":[{"href":"https:\/\/kulaberlin.com\/it\/wp-json\/wp\/v2\/types\/page"}],"author":[{"embeddable":true,"href":"https:\/\/kulaberlin.com\/it\/wp-json\/wp\/v2\/users\/2"}],"replies":[{"embeddable":true,"href":"https:\/\/kulaberlin.com\/it\/wp-json\/wp\/v2\/comments?post=22328"}],"version-history":[{"count":0,"href":"https:\/\/kulaberlin.com\/it\/wp-json\/wp\/v2\/pages\/22328\/revisions"}],"wp:attachment":[{"href":"https:\/\/kulaberlin.com\/it\/wp-json\/wp\/v2\/media?parent=22328"}],"curies":[{"name":"wp","href":"https:\/\/api.w.org\/{rel}","templated":true}]}}