{"id":22334,"date":"2019-08-23T15:21:24","date_gmt":"2019-08-23T15:21:24","guid":{"rendered":"https:\/\/kulaberlin.com\/diritto-di-recesso-per-i-consumatori\/"},"modified":"2025-07-17T06:39:13","modified_gmt":"2025-07-17T06:39:13","slug":"diritto-di-recesso-per-i-consumatori","status":"publish","type":"page","link":"https:\/\/kulaberlin.com\/it\/diritto-di-recesso-per-i-consumatori\/","title":{"rendered":"Diritto di recesso per i consumatori"},"content":{"rendered":"<p><strong>Diritto di recesso per i consumatori<\/strong><\/p>\n<p>(Per &#8220;consumatore&#8221; si intende qualsiasi persona fisica che conclude un negozio giuridico che, in misura preponderante, non pu\u00f2 essere attribuito alle sue attivit\u00e0 commerciali o professionali indipendenti).<\/p>\n<p>Istruzioni per la revoca Diritto di revoca Hai il diritto di revocare il presente contratto entro 14 giorni senza specificarne i motivi.Il periodo di revoca \u00e8 di 14 giorni a partire dal giorno &#8211; in cui tu o un terzo da te nominato, che non \u00e8 il vettore, avete preso possesso dei prodotti, a condizione che abbiate ordinato uno o pi\u00f9 prodotti nell&#8217;ambito di un ordine standard e che questo\/i prodotti siano consegnati in modo uniforme; &#8211; in cui tu o un terzo da te nominato, che non \u00e8 il vettore, avete preso possesso dell&#8217;ultimo prodotto, a condizione che tu abbia ordinato pi\u00f9 prodotti nell&#8217;ambito di un ordine standard e che questi prodotti siano consegnati separatamente; Per esercitare il tuo diritto di revoca, devi informarci (Okan G\u00f6kg\u00f6z, Querstra\u00dfe 2, 25764 S\u00fcderdeich, Numero di telefono: +49 1717880682, indirizzo e-mail: info@kulaberlin.de) della tua decisione di revocare il presente contratto mediante una dichiarazione chiara (ad esempio una lettera inviata per posta, fax o e-mail). A tal fine puoi utilizzare il modulo di revoca allegato, che tuttavia non \u00e8 obbligatorio. <\/p>\n<p>Per salvaguardare il periodo di revoca, \u00e8 sufficiente che tu invii la notifica dell&#8217;esercizio del diritto di revoca prima della scadenza del periodo di revoca. Conseguenze della revoca Se revochi il contratto, ti rimborseremo tutti i pagamenti che abbiamo ricevuto da te, compresi i costi di consegna (ad eccezione dei costi aggiuntivi che derivano dal fatto che hai scelto una forma di consegna diversa da quella standard pi\u00f9 ragionevole da noi offerta), immediatamente e al pi\u00f9 tardi entro 14 giorni dal giorno in cui abbiamo ricevuto la notifica di revoca del contratto da parte tua. Per il rimborso utilizzeremo lo stesso mezzo di pagamento che avevi utilizzato durante la transazione originaria, a meno che non sia stato espressamente concordato diversamente con te; non ti verr\u00e0 addebitata alcuna spesa per il rimborso. Possiamo rifiutare il rimborso per i prodotti che possono essere spediti tramite pacchi, fino a quando tali prodotti non ci saranno restituiti o fino a quando non avrai fornito la prova di averci rispedito tali prodotti, a seconda di quale dei due eventi si verifichi per primo. Ritiriamo i prodotti che non possono essere spediti tramite pacchi.    <\/p>\n<p>Dovrai restituire o trasferire i prodotti che possono essere spediti tramite pacchi a noi o a T\u00fcrrschmidtstr. 35, 10317 Berlino immediatamente e, in ogni caso, entro 14 giorni dal giorno in cui ci informerai della revoca del contratto. Il termine \u00e8 rispettato se invii i prodotti che possono essere spediti tramite pacchi prima della scadenza del termine di 14 giorni.  <\/p>\n<p>I costi di restituzione dei prodotti che possono essere spediti tramite pacco postale sono a tuo carico. I costi di restituzione dei prodotti che non possono essere spediti tramite pacco postale sono a nostro carico. Dovrai pagare l&#8217;eventuale deprezzamento dei prodotti solo se tale deprezzamento pu\u00f2 essere attribuito a una manipolazione da parte tua che non era necessaria per verificare le condizioni, le caratteristiche e la funzionalit\u00e0 dei prodotti. Criteri di esclusione o scadenza Il diritto di recesso non \u00e8 disponibile per i contratti di consegna di prodotti che non sono prefabbricati e per la cui fabbricazione \u00e8 importante una selezione o una stipulazione individuale da parte del consumatore o che sono chiaramente adattati alle esigenze personali del consumatore; per la consegna di prodotti che possono deteriorarsi rapidamente o la cui data di scadenza verrebbe superata rapidamente; per la consegna di bevande alcoliche, il cui prezzo \u00e8 stato concordato al momento della conclusione del contratto, che tuttavia possono essere consegnate non prima di 30 giorni dalla conclusione del contratto e il cui valore attuale dipende dalle fluttuazioni del mercato, sulle quali l&#8217;imprenditore non ha alcuna influenza; per la consegna di giornali, periodici o riviste, ad eccezione dei contratti di abbonamento.   <\/p>\n<p>Il diritto di revoca si estingue anticipatamente in caso di contratti per la consegna di prodotti sigillati, che non sono idonei alla restituzione per motivi di tutela della salute o di igiene, se il loro sigillo \u00e8 stato rimosso dopo la consegna; per la consegna di prodotti che sono stati mescolati inseparabilmente con altri beni dopo la consegna, a causa del loro stato; per la consegna di registrazioni sonore o video o di software per computer in un pacchetto sigillato se il sigillo \u00e8 stato rimosso dopo la consegna.<\/p>\n<p><strong>Modello &#8211; modulo di revoca<\/strong><\/p>\n<p>(Se desideri revocare il contratto, compila questo modulo e rispediscilo a noi).<\/p>\n<p>&#8211; A Okan G\u00f6kg\u00f6z, Querstra\u00dfe 2, 25764 S\u00fcderdeich, indirizzo e-mail: info@kulaberlin.de :<\/p>\n<p>&#8211; Io\/noi (*) con la presente revoca il contratto da me\/noi (*) stipulato per l&#8217;acquisto dei seguenti prodotti (*)\/<\/p>\n<p>la fornitura del seguente servizio (*)<\/p>\n<p>&#8211; Ordinato il (*)\/ ricevuto il (*)<\/p>\n<p>&#8211; Nome del\/i consumatore\/i<\/p>\n<p>&#8211; Indirizzo del\/i consumatore\/i<\/p>\n<p>&#8211; Firma del\/i consumatore\/i (solo in caso di notifica cartacea)<\/p>\n<p>&#8211; Data<\/p>\n<p>(*) Cancella l&#8217;opzione errata.<\/p>\n<p>&nbsp;<\/p>\n<p><strong>Diritto di recesso per i consumatori<\/strong><\/p>\n<p>(Per &#8220;consumatore&#8221; si intende qualsiasi persona fisica che conclude un negozio giuridico che, in misura preponderante, non pu\u00f2 essere attribuito alle sue attivit\u00e0 commerciali o professionali indipendenti).<\/p>\n<p><strong>  Istruzioni per la revoca Diritto di revoca<\/strong><\/p>\n<p>Hai il diritto di revocare il presente contratto entro quattordici giorni senza specificarne i motivi. Il periodo di revoca \u00e8 di quattordici giorni a partire dal giorno della conclusione del contratto. Per esercitare il tuo diritto di revoca, devi informarci (Okan G\u00f6kg\u00f6z, Querstra\u00dfe 2, 25764 S\u00fcderdeich, numero di telefono: +491717880682, indirizzo e-mail: info@kulaberlin.de) della tua decisione di revocare il presente contratto mediante una dichiarazione chiara (ad esempio una lettera inviata per posta, fax o e-mail). A tal fine puoi utilizzare il modulo di revoca allegato, che tuttavia non \u00e8 obbligatorio. Al fine di salvaguardare il periodo di revoca, \u00e8 sufficiente che tu invii la notifica dell&#8217;esercizio del diritto di revoca prima della scadenza del periodo di revoca.    <\/p>\n<p><strong>Conseguenze della revoca<\/strong><\/p>\n<p>Se revochi il presente contratto, ti rimborseremo tutti i pagamenti che abbiamo ricevuto da te, compresi i costi di consegna (ad eccezione dei costi aggiuntivi derivanti dal fatto che hai scelto una forma di consegna diversa da quella standard pi\u00f9 ragionevole da noi offerta), immediatamente e al pi\u00f9 tardi entro quattordici giorni dal giorno in cui abbiamo ricevuto la notifica di revoca del contratto da parte tua. Per il rimborso utilizzeremo lo stesso mezzo di pagamento che avevi utilizzato durante la transazione originaria, a meno che non sia stato espressamente concordato diversamente con te; non ti verr\u00e0 addebitato alcun costo per il rimborso. Se hai richiesto l&#8217;inizio dei servizi durante il periodo di revoca, dovrai pagarci un importo ragionevole che corrisponde alla percentuale dei servizi gi\u00e0 forniti fino al momento in cui ci informi che desideri esercitare il diritto di revoca rispetto al presente contratto rispetto all&#8217;ambito complessivo dei servizi inclusi nel contratto.  <\/p>\n<p><strong>Criteri di scadenza<\/strong><\/p>\n<p>Il diritto di revoca non si applica ai contratti per la fornitura di servizi in relazione ad attivit\u00e0 ricreative, se il contratto prevede una data o un periodo specifico per la fornitura dei servizi. Il diritto di revoca decade al momento della conclusione di un contratto di fornitura di servizi se l&#8217;imprenditore ha fornito completamente il servizio e ha iniziato a fornirlo solo dopo che il consumatore ha dato il suo esplicito consenso e, allo stesso tempo, ha confermato di essere consapevole che perder\u00e0 il suo diritto di revoca al momento del completo adempimento del contratto da parte dell&#8217;imprenditore. <\/p>\n<p><strong>Modello &#8211; modulo di revoca<\/strong><\/p>\n<p>(Se desideri revocare il contratto, compila questo modulo e rispediscilo a noi). &#8211; A Okan G\u00f6kg\u00f6z, Querstra\u00dfe 2, 25764 S\u00fcderdeich, indirizzo e-mail: info@kulaberlin.de: &#8211; Io\/noi (*) con la presente revoca\/revoca il contratto da me\/noi (*) stipulato per l&#8217;acquisto dei seguenti prodotti (*)\/la fornitura del seguente servizio (*)<\/p>\n<p>&#8211; Ordinato il (*)\/ ricevuto il (*) &#8211; Nome del\/i consumatore\/i &#8211; Indirizzo del\/i consumatore\/i &#8211; Firma del\/i consumatore\/i (solo in caso di notifica su carta) &#8211; Data<\/p>\n<p>(*) Cancella l&#8217;opzione errata.<\/p>\n","protected":false},"excerpt":{"rendered":"<p>Diritto di recesso per i consumatori (Per &#8220;consumatore&#8221; si intende qualsiasi persona fisica che conclude un negozio giuridico che, in misura preponderante, non pu\u00f2 essere attribuito alle sue attivit\u00e0 commerciali&hellip;<\/p>\n","protected":false},"author":2,"featured_media":0,"parent":0,"menu_order":0,"comment_status":"closed","ping_status":"closed","template":"","meta":{"footnotes":""},"class_list":["post-22334","page","type-page","status-publish","hentry"],"jetpack_sharing_enabled":true,"_links":{"self":[{"href":"https:\/\/kulaberlin.com\/it\/wp-json\/wp\/v2\/pages\/22334","targetHints":{"allow":["GET"]}}],"collection":[{"href":"https:\/\/kulaberlin.com\/it\/wp-json\/wp\/v2\/pages"}],"about":[{"href":"https:\/\/kulaberlin.com\/it\/wp-json\/wp\/v2\/types\/page"}],"author":[{"embeddable":true,"href":"https:\/\/kulaberlin.com\/it\/wp-json\/wp\/v2\/users\/2"}],"replies":[{"embeddable":true,"href":"https:\/\/kulaberlin.com\/it\/wp-json\/wp\/v2\/comments?post=22334"}],"version-history":[{"count":1,"href":"https:\/\/kulaberlin.com\/it\/wp-json\/wp\/v2\/pages\/22334\/revisions"}],"predecessor-version":[{"id":22336,"href":"https:\/\/kulaberlin.com\/it\/wp-json\/wp\/v2\/pages\/22334\/revisions\/22336"}],"wp:attachment":[{"href":"https:\/\/kulaberlin.com\/it\/wp-json\/wp\/v2\/media?parent=22334"}],"curies":[{"name":"wp","href":"https:\/\/api.w.org\/{rel}","templated":true}]}}