{"id":22369,"date":"2018-09-11T08:26:08","date_gmt":"2018-09-11T08:26:08","guid":{"rendered":"https:\/\/kulaberlin.com\/rivenditori\/"},"modified":"2025-09-20T17:51:53","modified_gmt":"2025-09-20T17:51:53","slug":"rivenditori","status":"publish","type":"page","link":"https:\/\/kulaberlin.com\/it\/kula-wholesale\/rivenditori\/","title":{"rendered":"Rivenditori"},"content":{"rendered":"<div class=\"wpb-content-wrapper\"><p>[vc_row][vc_column][vc_column_text]<\/p>\n<p><strong>GERMANIA<\/strong><\/p>\n<p>[\/vc_column_text][\/vc_column][\/vc_row][vc_row][vc_column]<span class=\"konte-dash text-default   \"><span class=\"konte-dash__line\"><\/span><\/span>[\/vc_column][\/vc_row][vc_row][vc_column offset=&#8221;vc_col-lg-offset-1 vc_col-lg-10&#8243;]<div class=\"konte-testimonial  \">\n\t\t\t\t<div class=\"konte-testimonial__photo\"><img decoding=\"async\" class=\"\" src=\"https:\/\/kulaberlin.com\/wp-content\/uploads\/2021\/09\/threemonkey-200x200.png\" width=\"200\" height=\"200\" alt=\"threemonkey\" title=\"threemonkey\" \/><\/div>\n\t\t\t\t<div class=\"konte-testimonial__entry\">\n\t\t\t\t\t<div class=\"konte-testimonial__content\"><\/p>\n<h2><span style=\"color: #000000;\"><strong>Tre Scimmie 030<\/strong><\/span><\/h2>\n<p class=\"shopify-section-title\">\u00e8 un concept store culturalmente forte e creativo situato in Baviera, a <em>Prien<\/em> am Chiemsee, che offre interni, moda e design.<\/p>\n<p>https:\/\/threemonkeys030.de\/<\/div>\n\t\t\t\t\t<div class=\"konte-testimonial__author\"><span class=\"konte-testimonial__name\">Tre Scimmie 030<\/span><span class=\"konte-testimonial__author-separator\">-<\/span><span class=\"konte-testimonial__company\">Seestra\u00dfe 8, 83209 Prien am Chiemsee<\/span><\/div>\n\t\t\t\t<\/div>\n\t\t\t<\/div><div class=\"konte-testimonial  \">\n\t\t\t\t<div class=\"konte-testimonial__photo\"><img decoding=\"async\" class=\"\" src=\"https:\/\/kulaberlin.com\/wp-content\/uploads\/2021\/07\/matter-hh-200x200.png\" width=\"200\" height=\"200\" alt=\"matter-hh\" title=\"matter-hh\" \/><\/div>\n\t\t\t\t<div class=\"konte-testimonial__entry\">\n\t\t\t\t\t<div class=\"konte-testimonial__content\"><\/p>\n<h2><strong>Matter Urban Market<\/strong><\/h2>\n<p class=\"shopify-section-title\"><strong> Manifesto<\/strong><\/p>\n<p class=\"shopify-section-title\">L&#8217;Handel \u00e8 Wandel e le cose pi\u00f9 belle nascono da un cambiamento. Cos\u00ec \u00e8 anche il nostro augenblickhes Manifest in stetigem Wandel. Es wird st\u00e4ndig aktualisiert. Grazie a un dialogo approfondito con i nostri clienti, partner e nuovi partner, che ci ispirano. Vogliamo che il nostro atteggiamento nei confronti di argomenti e temi sia sempre pi\u00f9 incisivo, che le nostre novit\u00e0 siano sempre pi\u00f9 frequenti e che ci sia sempre un nuovo approccio.<\/p>\n<p>Rivenditore esclusivo dei prodotti KULA Berlin, Amburgo<\/p>\n<p><strong><a href=\"https:\/\/matter-shop.com\/\" target=\"_blank\" rel=\"noopener\">Negozio Matter<\/a><\/strong><\/div>\n\t\t\t\t\t<div class=\"konte-testimonial__author\"><span class=\"konte-testimonial__name\">questione mercato urbano<\/span><span class=\"konte-testimonial__author-separator\">-<\/span><span class=\"konte-testimonial__company\">Schlankreye 71, 20144 Amburgo<\/span><\/div>\n\t\t\t\t<\/div>\n\t\t\t<\/div><div class=\"konte-testimonial  \">\n\t\t\t\t<div class=\"konte-testimonial__photo\"><img decoding=\"async\" class=\"\" src=\"https:\/\/kulaberlin.com\/wp-content\/uploads\/2020\/12\/images-200x200.png\" width=\"200\" height=\"200\" alt=\"images\" title=\"images\" \/><\/div>\n\t\t\t\t<div class=\"konte-testimonial__entry\">\n\t\t\t\t\t<div class=\"konte-testimonial__content\"><\/p>\n<h2><strong>Negozio Id\u00fcll<\/strong><\/h2>\n<p class=\"p1\"><span class=\"s1\">DESIGN | STORIA | SPAZIO<br \/>\n<\/span><span class=\"s1\">&#8220;L&#8217;I<\/span><span class=\"s1\">d\u00fcll \u00e8 un luogo, un pensiero, una convinzione. Sii coraggioso, tocca il cuore e saluta la mente. Abbiamo esperienza. Crediamo nell&#8217;intuizione. Conosciamo il potere del buon design. Apprezziamo le cose belle tanto quanto il cibo e le bevande deliziose. &#8220;<\/span><\/p>\n<p>Rivenditore esclusivo dei prodotti KULA BERLIN, Francoforte<\/p>\n<p><strong><a href=\"https:\/\/iduell-shop.de\/\" target=\"_blank\" rel=\"noopener\">Negozio Id\u00fcll<\/a><\/strong><\/div>\n\t\t\t\t\t<div class=\"konte-testimonial__author\"><span class=\"konte-testimonial__name\">id\u00fcll DESIGN | STORY | SPACE<\/span><span class=\"konte-testimonial__author-separator\">-<\/span><span class=\"konte-testimonial__company\">Gronauer Str. 2, 60385 Francoforte sul Meno <\/span><\/div>\n\t\t\t\t<\/div>\n\t\t\t<\/div><div class=\"konte-testimonial  \">\n\t\t\t\t<div class=\"konte-testimonial__photo\"><img loading=\"lazy\" decoding=\"async\" class=\"\" src=\"https:\/\/kulaberlin.com\/wp-content\/uploads\/2020\/12\/Download.jpeg\" width=\"193\" height=\"126\" alt=\"Download\" title=\"Download\" \/><\/div>\n\t\t\t\t<div class=\"konte-testimonial__entry\">\n\t\t\t\t\t<div class=\"konte-testimonial__content\"><\/p>\n<h2><strong>Negozio Pretty Berlin<\/strong><\/h2>\n<p><em>Prettyberlin<\/em> il <em>negozio<\/em>. Fin dall&#8217;inizio degli anni &#8217;90, con il vecchio nome di Uhranus Design, Chris ha gestito un piccolo negozio di Berlino per chi cercava accessori imperdibili.<\/p>\n<p>Rivenditore esclusivo dei prodotti KULA BERLIN, Berlino<\/p>\n<p><strong><a href=\"https:\/\/www.prettyberlin.com\/\" target=\"_blank\" rel=\"noopener\">Pretty Shop<\/a><\/strong><\/div>\n\t\t\t\t\t<div class=\"konte-testimonial__author\"><span class=\"konte-testimonial__name\">Negozio Pretty Berlin<\/span><span class=\"konte-testimonial__author-separator\">-<\/span><span class=\"konte-testimonial__company\">Kastanienallee 31, 10435 Berlino<\/span><\/div>\n\t\t\t\t<\/div>\n\t\t\t<\/div><div class=\"konte-testimonial  \">\n\t\t\t\t<div class=\"konte-testimonial__photo\"><img loading=\"lazy\" decoding=\"async\" class=\"\" src=\"https:\/\/kulaberlin.com\/wp-content\/uploads\/2020\/12\/fh_logo_-scaled-e1607700385201.jpg\" width=\"200\" height=\"141\" alt=\"fh_logo_\" title=\"fh_logo_\" \/><\/div>\n\t\t\t\t<div class=\"konte-testimonial__entry\">\n\t\t\t\t\t<div class=\"konte-testimonial__content\"><\/p>\n<h2><strong>Fritz &amp; Huxley Berlino<\/strong><\/h2>\n<p class=\"p1\"><span class=\"s1\">Negozio online dal design minimalista e dai materiali naturali. Prodotti alla moda per bambini avventurosi di citt\u00e0 &#8211; da Berlino! <\/span><\/p>\n<p><strong><a href=\"https:\/\/de.fitzandhuxley.com\/\" target=\"_blank\" rel=\"noopener\">Negozio Fritz &amp; Huxley<\/a><\/strong><\/div>\n\t\t\t\t\t<div class=\"konte-testimonial__author\"><span class=\"konte-testimonial__name\">Fritz &amp; Huxley<\/span><span class=\"konte-testimonial__author-separator\">-<\/span><span class=\"konte-testimonial__company\">https:\/\/fitzandhuxley.com\/<\/span><\/div>\n\t\t\t\t<\/div>\n\t\t\t<\/div>[vc_separator css=&#8221;.vc_custom_1536654250501{margin-top: 60px !important;margin-bottom: 60px !important;}&#8221;][\/vc_column][\/vc_row][vc_row][vc_column][vc_column_text]<\/p>\n<p><strong>FRANCIA<\/strong><\/p>\n<p>[\/vc_column_text][\/vc_column][\/vc_row][vc_row][vc_column]<span class=\"konte-dash text-default   \"><span class=\"konte-dash__line\"><\/span><\/span>[\/vc_column][\/vc_row][vc_row][vc_column]<div class=\"konte-testimonial  \">\n\t\t\t\t<div class=\"konte-testimonial__photo\"><img loading=\"lazy\" decoding=\"async\" class=\"\" src=\"https:\/\/kulaberlin.com\/wp-content\/uploads\/2021\/07\/calembour-200x200.jpg\" width=\"200\" height=\"200\" alt=\"calembour\" title=\"calembour\" \/><\/div>\n\t\t\t\t<div class=\"konte-testimonial__entry\">\n\t\t\t\t\t<div class=\"konte-testimonial__content\"><\/p>\n<h2><strong>CALEMBOUR<\/strong><\/h2>\n<p class=\"p1\"><span class=\"s1\">Una raffinata selezione di marchi di design ecologici e appena lanciati.<\/span><span class=\"s1\">Abbigliamento, accessori, gioielli, prodotti di bellezza e decorazioni per la casa in un unico posto.<\/span><span class=\"s1\">Come idea regalo o solo per te (non c&#8217;\u00e8 da vergognarsi di essere epicurei).<\/span><\/p>\n<p><strong><a href=\"https:\/\/calembour.fr\/\" target=\"_blank\" rel=\"noopener\">NEGOZIO<\/a><\/strong><\/p>\n<p><\/div>\n\t\t\t\t\t<div class=\"konte-testimonial__author\"><span class=\"konte-testimonial__name\">CALEMBOUR<\/span><span class=\"konte-testimonial__author-separator\">-<\/span><span class=\"konte-testimonial__company\">https:\/\/calembour.fr\/<\/span><\/div>\n\t\t\t\t<\/div>\n\t\t\t<\/div>[\/vc_column][\/vc_row]<\/p>\n<\/div>","protected":false},"excerpt":{"rendered":"<p>[vc_row][vc_column][vc_column_text] GERMANIA [\/vc_column_text][\/vc_column][\/vc_row][vc_row][vc_column][\/vc_column][\/vc_row][vc_row][vc_column offset=&#8221;vc_col-lg-offset-1 vc_col-lg-10&#8243;][vc_separator css=&#8221;.vc_custom_1536654250501{margin-top: 60px !important;margin-bottom: 60px !important;}&#8221;][\/vc_column][\/vc_row][vc_row][vc_column][vc_column_text] FRANCIA [\/vc_column_text][\/vc_column][\/vc_row][vc_row][vc_column][\/vc_column][\/vc_row][vc_row][vc_column][\/vc_column][\/vc_row]<\/p>\n","protected":false},"author":1,"featured_media":0,"parent":22374,"menu_order":0,"comment_status":"closed","ping_status":"closed","template":"","meta":{"footnotes":""},"class_list":["post-22369","page","type-page","status-publish","hentry"],"jetpack_sharing_enabled":true,"_links":{"self":[{"href":"https:\/\/kulaberlin.com\/it\/wp-json\/wp\/v2\/pages\/22369","targetHints":{"allow":["GET"]}}],"collection":[{"href":"https:\/\/kulaberlin.com\/it\/wp-json\/wp\/v2\/pages"}],"about":[{"href":"https:\/\/kulaberlin.com\/it\/wp-json\/wp\/v2\/types\/page"}],"author":[{"embeddable":true,"href":"https:\/\/kulaberlin.com\/it\/wp-json\/wp\/v2\/users\/1"}],"replies":[{"embeddable":true,"href":"https:\/\/kulaberlin.com\/it\/wp-json\/wp\/v2\/comments?post=22369"}],"version-history":[{"count":4,"href":"https:\/\/kulaberlin.com\/it\/wp-json\/wp\/v2\/pages\/22369\/revisions"}],"predecessor-version":[{"id":24400,"href":"https:\/\/kulaberlin.com\/it\/wp-json\/wp\/v2\/pages\/22369\/revisions\/24400"}],"up":[{"embeddable":true,"href":"https:\/\/kulaberlin.com\/it\/wp-json\/wp\/v2\/pages\/22374"}],"wp:attachment":[{"href":"https:\/\/kulaberlin.com\/it\/wp-json\/wp\/v2\/media?parent=22369"}],"curies":[{"name":"wp","href":"https:\/\/api.w.org\/{rel}","templated":true}]}}