{"id":22374,"date":"2019-09-17T13:51:07","date_gmt":"2019-09-17T13:51:07","guid":{"rendered":"https:\/\/kulaberlin.com\/kula-wholesale\/"},"modified":"2025-09-23T10:57:50","modified_gmt":"2025-09-23T10:57:50","slug":"kula-wholesale","status":"publish","type":"page","link":"https:\/\/kulaberlin.com\/it\/kula-wholesale\/","title":{"rendered":"KULA WHOLESALE"},"content":{"rendered":"\t\t<div data-elementor-type=\"wp-page\" data-elementor-id=\"22374\" class=\"elementor elementor-22374 elementor-2247\">\n\t\t\t\t\t\t<section class=\"elementor-section elementor-top-section elementor-element elementor-element-25e591d4 elementor-section-boxed elementor-section-height-default elementor-section-height-default\" data-id=\"25e591d4\" data-element_type=\"section\" data-e-type=\"section\">\n\t\t\t\t\t\t<div class=\"elementor-container elementor-column-gap-default\">\n\t\t\t\t\t<div class=\"elementor-column elementor-col-100 elementor-top-column elementor-element elementor-element-3e8d0b93\" data-id=\"3e8d0b93\" data-element_type=\"column\" data-e-type=\"column\">\n\t\t\t<div class=\"elementor-widget-wrap elementor-element-populated\">\n\t\t\t\t\t\t<div class=\"elementor-element elementor-element-1d81a50 elementor-widget elementor-widget-text-editor\" data-id=\"1d81a50\" data-element_type=\"widget\" data-e-type=\"widget\" data-widget_type=\"text-editor.default\">\n\t\t\t\t<div class=\"elementor-widget-container\">\n\t\t\t\t\t\t\t\t\t<h3>Asciugamani, coperte, asciugamani per sauna e accappatoi all&#8217;ingrosso: personalizzabili, ecologici e perfetti per la tua attivit\u00e0.<\/h3><p><strong>Ciao, piacere di averti qui!<\/strong><br>Siamo un&#8217;<strong>azienda con sede a Berlino<\/strong> specializzata nella fornitura all&#8217;ingrosso di <strong>asciugamani, coperte, teli da sauna e accappatoi di lusso<\/strong>, personalizzati in base alle esigenze del tuo marchio. Che tu gestisca un negozio al dettaglio, un boutique hotel, una spa o una palestra, i nostri prodotti offrono il mix perfetto di comfort, qualit\u00e0 e sostenibilit\u00e0. <\/p><hr><h4><strong>Perch\u00e9 collaborare con noi per le tue esigenze di vendita all&#8217;ingrosso?<\/strong><\/h4><ul><li><p><strong>Personalizzabile per riflettere il tuo marchio<\/strong><br>Offriamo servizi di personalizzazione completa, tra cui <strong>ricamo del logo, cucitura del nome<\/strong> ed etichette o cartellini personalizzati con il tuo marchio. Crea un look inconfondibile che ti contraddistingua. <\/p><\/li><li><p><strong>Materiali ecologici<\/strong><br>I nostri asciugamani, coperte, teli per la sauna e accappatoi sono realizzati con un occhio di riguardo per <strong>l&#8217;ambiente<\/strong>. Scegli prodotti morbidi, durevoli e sostenibili, per garantire ai tuoi ospiti o ai tuoi clienti un buon acquisto. <\/p><\/li><li><p><strong>Ampia gamma di prodotti<\/strong><\/p><ul><li><strong>Asciugamani:<\/strong> opzioni di alta qualit\u00e0 per spa, palestre e hotel.<\/li><li><strong>Coperte:<\/strong> Perfette per interni accoglienti, per il comfort degli ospiti o per la vendita al dettaglio.<\/li><li><strong>Asciugamani per sauna:<\/strong> Progettati per resistere al calore e all&#8217;umidit\u00e0, ideali per le saune e i centri benessere.<\/li><li><strong>Accappatoi:<\/strong> Accappatoi lussuosi, morbidi e assorbenti per hotel, spa o per uso personale.<\/li><\/ul><\/li><li><p><strong>Quantit\u00e0 d&#8217;ordine flessibili<\/strong><br>Da <strong>piccoli lotti di 20 pezzi<\/strong> a grandi ordini di <strong>5.000 articoli<\/strong>, abbiamo la capacit\u00e0 di soddisfare le tue esigenze. Che si tratti di una startup o di un&#8217;azienda consolidata, ci occupiamo di operazioni di ogni tipo. <\/p><\/li><li><p><strong>Ideale per le aziende di tutta Europa e oltre<\/strong><br>Come <strong>azienda con sede a Berlino<\/strong>, spediamo a livello globale, rendendo i nostri prodotti accessibili alle aziende di tutta <strong>Europa e di tutto il mondo<\/strong>. Le nostre offerte personalizzate sono particolarmente adatte a <strong>boutique hotel, negozi al dettaglio, spa, palestre e altro ancora<\/strong>. <\/p><\/li><li><p><strong>Qualit\u00e0 e convenienza ineguagliabili<\/strong><br>I nostri prodotti sono progettati per offrire lusso a prezzi all&#8217;ingrosso competitivi, rendendo pi\u00f9 facile per la tua azienda distinguersi.<\/p><\/li><\/ul><hr><h3><strong>Come ordinare?<\/strong><\/h3><p>Se sei interessato ai nostri prodotti, sei il benvenuto a contattarci. I prodotti su misura, la goffratura individuale o i disegni possono essere stabiliti direttamente.   <strong>Sono possibili ordini di piccole quantit\u00e0!<\/strong><\/p><p><strong>Contattaci:<\/strong><br>\ud83d\udce7 Inviaci un&#8217;e-mail: <strong><a rel=\"noopener\">info@kulaberlin.com<\/a><\/strong><br>\ud83d\udcde Chiamaci: <strong>+49 1717880682<\/strong><\/p><hr><h4><strong>Perch\u00e9 asciugamani, coperte, teli per la sauna e accappatoi?<\/strong><\/h4><ul><li><strong>Asciugamani:<\/strong> ideali per palestre, spa, hotel e negozi al dettaglio. Una necessit\u00e0 che unisce funzionalit\u00e0 e lusso. <\/li><li><strong>Coperte:<\/strong> Un&#8217;opzione versatile per interni accoglienti, hotel o articoli da regalo che i tuoi clienti adoreranno.<\/li><li><strong>Asciugamani per sauna:<\/strong> Perfetti per le saune e i centri benessere, progettati per resistere al calore e all&#8217;umidit\u00e0.<\/li><li><strong>Accappatoi:<\/strong> Aggiungono un tocco di eleganza e comfort agli ospiti o ai clienti.<\/li><\/ul><hr><h3><strong>Inizia oggi stesso!<\/strong><\/h3><p>Lascia che ti aiutiamo a valorizzare il tuo marchio con asciugamani, coperte, teli per la sauna e accappatoi di qualit\u00e0 superiore e personalizzati. Con sede a Berlino, siamo orgogliosi della rapidit\u00e0 delle consegne, dell&#8217;eccellente assistenza clienti e dell&#8217;approccio sostenibile alla qualit\u00e0. <\/p><p><strong>Rendi memorabile il tuo marchio con i nostri prodotti ecologici e personalizzabili.  <\/strong><\/p>\t\t\t\t\t\t\t\t<\/div>\n\t\t\t\t<\/div>\n\t\t\t\t\t<\/div>\n\t\t<\/div>\n\t\t\t\t\t<\/div>\n\t\t<\/section>\n\t\t\t\t<\/div>\n\t\t","protected":false},"excerpt":{"rendered":"<p>Asciugamani, coperte, asciugamani per sauna e accappatoi all&#8217;ingrosso: personalizzabili, ecologici e perfetti per la tua attivit\u00e0. Ciao, piacere di averti qui!Siamo un&#8217;azienda con sede a Berlino specializzata nella fornitura all&#8217;ingrosso&hellip;<\/p>\n","protected":false},"author":2,"featured_media":0,"parent":0,"menu_order":0,"comment_status":"closed","ping_status":"closed","template":"","meta":{"footnotes":""},"class_list":["post-22374","page","type-page","status-publish","hentry"],"jetpack_sharing_enabled":true,"_links":{"self":[{"href":"https:\/\/kulaberlin.com\/it\/wp-json\/wp\/v2\/pages\/22374","targetHints":{"allow":["GET"]}}],"collection":[{"href":"https:\/\/kulaberlin.com\/it\/wp-json\/wp\/v2\/pages"}],"about":[{"href":"https:\/\/kulaberlin.com\/it\/wp-json\/wp\/v2\/types\/page"}],"author":[{"embeddable":true,"href":"https:\/\/kulaberlin.com\/it\/wp-json\/wp\/v2\/users\/2"}],"replies":[{"embeddable":true,"href":"https:\/\/kulaberlin.com\/it\/wp-json\/wp\/v2\/comments?post=22374"}],"version-history":[{"count":2,"href":"https:\/\/kulaberlin.com\/it\/wp-json\/wp\/v2\/pages\/22374\/revisions"}],"predecessor-version":[{"id":24460,"href":"https:\/\/kulaberlin.com\/it\/wp-json\/wp\/v2\/pages\/22374\/revisions\/24460"}],"wp:attachment":[{"href":"https:\/\/kulaberlin.com\/it\/wp-json\/wp\/v2\/media?parent=22374"}],"curies":[{"name":"wp","href":"https:\/\/api.w.org\/{rel}","templated":true}]}}