{"id":22388,"date":"2024-12-12T18:37:17","date_gmt":"2024-12-12T18:37:17","guid":{"rendered":"https:\/\/kulaberlin.com\/product\/asciugamano-per-sauna-premium-100-cotone-blu-elettrico\/"},"modified":"2025-07-17T07:34:27","modified_gmt":"2025-07-17T07:34:27","slug":"asciugamano-per-sauna-premium-100-cotone-blu-elettrico","status":"publish","type":"product","link":"https:\/\/kulaberlin.com\/it\/product\/asciugamano-per-sauna-premium-100-cotone-blu-elettrico\/","title":{"rendered":"Asciugamano per sauna Premium 100% cotone blu elettrico"},"content":{"rendered":"<p>Stai cercando il regalo perfetto per una persona cara? Il nostro lussuoso <strong>asciugamano da sauna in cotone 100%<\/strong> \u00e8 il regalo ideale per chi ama il benessere, il relax e un tocco di lusso ecologico. Realizzato con cura e proveniente da fonti sostenibili, questo asciugamano combina stile, comfort e valori etici: una scelta ponderata per ogni occasione.  <\/p>\n<h3>Perch\u00e9 scegliere il nostro asciugamano per sauna?<\/h3>\n<ul>\n<li><strong>100% Puro Cotone<\/strong>: Ultra morbido, altamente assorbente e delicato sulla pelle sensibile, perfetto per gli amanti della sauna e delle terme.<\/li>\n<li><strong>Commercio equo e solidale<\/strong>: prodotto eticamente con pratiche sostenibili, a sostegno di salari equi e comunit\u00e0 in tutto il mondo.<\/li>\n<li><strong>Dimensioni perfette per un regalo<\/strong>: Di dimensioni generose per una copertura completa, questo asciugamano \u00e8 pratico e lussuoso: un regalo che \u00e8 allo stesso tempo premuroso e funzionale.<\/li>\n<li><strong>Durevole ed elegante<\/strong>: I bordi con doppia cucitura e il design senza tempo assicurano che sar\u00e0 apprezzato per gli anni a venire.<\/li>\n<li><strong>Uso versatile<\/strong>: ideale per le sessioni di sauna, le giornate in spa, la routine in palestra o il relax in casa.<\/li>\n<\/ul>\n<h3>Un regalo premuroso per ogni occasione<\/h3>\n<p>Che sia <strong>Natale<\/strong>, un <strong>compleanno<\/strong> o semplicemente un modo per dimostrare che ci tieni, questo asciugamano \u00e8 il regalo perfetto per amici, familiari o colleghi. La sua qualit\u00e0 superiore e la produzione etica lo rendono un regalo in linea con i valori moderni e il comfort duraturo. <\/p>\n<h3>Perch\u00e9 \u00e8 il regalo pi\u00f9 bello<\/h3>\n<ul>\n<li><strong>Lusso eco-compatibile<\/strong>: perfetto per gli individui attenti all&#8217;ambiente e alla sostenibilit\u00e0.<\/li>\n<li><strong>Relax e benessere<\/strong>: Un regalo che promuove la cura di s\u00e9 e il benessere.<\/li>\n<li><strong>Perfetto per qualsiasi stile di vita<\/strong>: Adatto a uomini, donne e a tutti coloro che apprezzano gli oggetti essenziali di alta qualit\u00e0.<\/li>\n<\/ul>\n<h4>Ordina ora per un regalo perfetto!<\/h4>\n<p>Sorprendi i tuoi cari con un <strong>asciugamano da sauna in cotone 100% equo e solidale<\/strong> per Natale o per il loro compleanno.<br \/>\n<strong>Splendidamente confezionato<\/strong> per essere regalato<br \/>\nSpedizione veloce in tutta Europa<br \/>\nUn regalo che fa la differenza<\/p>\n<p>Migliora la tua esperienza di sauna!<\/p>\n","protected":false},"excerpt":{"rendered":"<p>Morbido, assorbente ed ecologico, questo asciugamano di prima qualit\u00e0 \u00e8 perfetto per le sessioni di sauna, le giornate in spa o come regalo di Natale o di compleanno. Realizzato in modo etico per garantire comfort e sostenibilit\u00e0. \ud83c\udf3f <strong>Ordina ora per una spedizione veloce!<\/strong>  <\/p>\n","protected":false},"featured_media":22166,"template":"","meta":[],"product_brand":[],"product_cat":[1244],"product_tag":[],"class_list":{"0":"post-22388","1":"product","2":"type-product","3":"status-publish","4":"has-post-thumbnail","6":"product_cat-asciugamano","7":"product_shipping_class-beni-pesanti-1-kg","9":"first","10":"instock","11":"taxable","12":"shipping-taxable","13":"purchasable","14":"product-type-simple"},"jetpack_sharing_enabled":true,"_links":{"self":[{"href":"https:\/\/kulaberlin.com\/it\/wp-json\/wp\/v2\/product\/22388","targetHints":{"allow":["GET"]}}],"collection":[{"href":"https:\/\/kulaberlin.com\/it\/wp-json\/wp\/v2\/product"}],"about":[{"href":"https:\/\/kulaberlin.com\/it\/wp-json\/wp\/v2\/types\/product"}],"wp:featuredmedia":[{"embeddable":true,"href":"https:\/\/kulaberlin.com\/it\/wp-json\/wp\/v2\/media\/22166"}],"wp:attachment":[{"href":"https:\/\/kulaberlin.com\/it\/wp-json\/wp\/v2\/media?parent=22388"}],"wp:term":[{"taxonomy":"product_brand","embeddable":true,"href":"https:\/\/kulaberlin.com\/it\/wp-json\/wp\/v2\/product_brand?post=22388"},{"taxonomy":"product_cat","embeddable":true,"href":"https:\/\/kulaberlin.com\/it\/wp-json\/wp\/v2\/product_cat?post=22388"},{"taxonomy":"product_tag","embeddable":true,"href":"https:\/\/kulaberlin.com\/it\/wp-json\/wp\/v2\/product_tag?post=22388"}],"curies":[{"name":"wp","href":"https:\/\/api.w.org\/{rel}","templated":true}]}}