{"id":22414,"date":"2023-04-12T20:39:49","date_gmt":"2023-04-12T20:39:49","guid":{"rendered":"https:\/\/kulaberlin.com\/product\/lampada-radio-edison-monkeytree\/"},"modified":"2023-04-12T20:39:49","modified_gmt":"2023-04-12T20:39:49","slug":"lampada-radio-edison-monkeytree","status":"publish","type":"product","link":"https:\/\/kulaberlin.com\/it\/product\/lampada-radio-edison-monkeytree\/","title":{"rendered":"Lampada radio Edison Monkeytree"},"content":{"rendered":"<p>Ti presentiamo la lampada da tavolo Ornate di Kulaberlin, una lampada unica progettata per fornire una luce accogliente e aggiungere un tocco di eleganza a qualsiasi stanza.<\/p>\n<ul>\n<li>Il designer Okan G\u00f6kg\u00f6z ha creato questa lampada ispirandosi agli amplificatori a valvole degli anni &#8217;50 e &#8217;70, dando vita a un design unico nel suo genere.<\/li>\n<li>La lampada \u00e8 caratterizzata da uno speciale mix di materiali in argilla porcellanata, che la rende un&#8217;aggiunta elegante e unica a qualsiasi arredamento.<\/li>\n<li>Il corpo antracite e il cavo in tessuto nero danno un tocco di modernit\u00e0, mentre la presa E27 argentata e l&#8217;interruttore rotante a regolazione continua aggiungono un tocco classico.<\/li>\n<li>Con un consumo massimo di 40W e una lampadina Edison vintage inclusa, questa lampada \u00e8 perfetta per leggere, lavorare o creare un&#8217;atmosfera accogliente in qualsiasi spazio abitativo.<\/li>\n<li>Il paralume e la base sono realizzati in argilla porcellanata con pigmenti naturali, mentre la presa in metallo e il cavo tessile creano un contrasto emozionante.<\/li>\n<li>L&#8217;interruttore retr\u00f2 aggiunge un tocco unico ed emozionante al design complessivo.<\/li>\n<\/ul>\n<p>La lampada da tavolo ornata fornisce una luce accogliente e offre uno speciale mix di materiali in argilla porcellanata. L&#8217;interruttore rotante per l&#8217;oscuramento continuo della luce e l&#8217;interruttore retr\u00f2 creano un contrasto teso. Ispirata agli amplificatori a valvole. Corpo: cammello Cavo: nero Lunghezza: 200 cm, Presa: Argento, E27. Lampadina inclusa. Consumo di energia: max. 40 W. Dimensioni: 10 cm x 17,5 cm x 10 cm Peso: 1,5 kg Materiale: Paralume, base: argilla porcellanata, pigmento naturale Presa: Metallo Cavo: Tessuto      <\/p>\n<p>Le lampade Edison Vintage Radio sono una creazione originale disegnata e prodotta da Okan G\u00f6kg\u00f6z nel nostro atelier Kulaberlin di Berlino. Il nostro designer si \u00e8 ispirato ai tubi amplificatori degli anni &#8217;50 e &#8217;70. Con questo design di Radio Lamps, il nostro designer ha puntato alla perfezione. Queste lampade includono due lampadine per un meraviglioso effetto di luce vintage per i tuoi interni. L&#8217;interruttore rotante vintage per regolare la luce e l&#8217;interruttore retr\u00f2 creano un contrasto emozionante. Controlla l&#8217;intensit\u00e0 della luce e adattala a ogni momento e luogo. Questa lampada radio pu\u00f2 essere utilizzata in una stanza da letto per creare un&#8217;atmosfera accogliente e donare un&#8217;eleganza speciale alla tua stanza da letto. La luce \u00e8 da 40 W e ha 140 Lumen. \u00c8 perfetta per la lettura o per la meditazione serale. Questa lampada crea una luce tranquilla. Puoi utilizzare questa lampada retr\u00f2 minimal per il tuo salotto o sul tavolo da pranzo, per accompagnare te e i tuoi amici nelle vostre lunghe cene.<br \/>\nQuesta vibrante atmosfera, l&#8217;allegria e il design originale si percepiscono nel modello originale in argilla porcellanata. Per un arredamento pi\u00f9 classico, ti piaceranno le lampade radio originali in cemento, disponibili nei colori concrete brut. Per uno stile industriale e originale puoi scegliere il modello patina, la cui ossidazione modificher\u00e0 l&#8217;aspetto della lampada a seconda dell&#8217;umidit\u00e0 della stanza, per un effetto visivo gi\u00e0 esistente. Completa i tuoi interni con questa meravigliosa lampada!            <\/p>\n<p>Tempo di produzione: 1 settimana<\/p>\n","protected":false},"excerpt":{"rendered":"<p>Questa lampada da tavolo ornata fornisce una luce accogliente e offre uno speciale mix di materiali in argilla porcellanata. L&#8217;interruttore rotante per l&#8217;oscuramento continuo della luce e l&#8217;interruttore retr\u00f2 creano un contrasto teso. Ispirata agli amplificatori a valvole. Corpo: cammello Cavo: nero Lunghezza: 200 cm, Presa: Argento, E27. Lampadina inclusa. Consumo di energia: max. 40 W. Dimensioni: 10 cm x 17,5 cm x 10 cm Peso: 1,5 kg Materiale: Paralume, base: argilla porcellanata, pigmento naturale Presa: Metallo Cavo: Tessuto      <\/p>\n<p>Le lampade Edison Vintage Radio sono una creazione originale disegnata e prodotta da Okan G\u00f6kg\u00f6z nel nostro atelier Kulaberlin di Berlino. Il nostro designer si \u00e8 ispirato ai tubi amplificatori degli anni &#8217;50 e &#8217;70. Con questo design di Radio Lamps, il nostro designer ha puntato alla perfezione. Queste lampade includono due lampadine per un meraviglioso effetto di luce vintage per i tuoi interni. L&#8217;interruttore rotante vintage per regolare la luce e l&#8217;interruttore retr\u00f2 creano un contrasto emozionante. Controlla l&#8217;intensit\u00e0 della luce e adattala a ogni momento e luogo. Questa lampada radio pu\u00f2 essere utilizzata in una stanza da letto per creare un&#8217;atmosfera accogliente e donare un&#8217;eleganza speciale alla tua stanza da letto. La luce \u00e8 da 40 W e ha 140 Lumen. \u00c8 perfetta per la lettura o per la meditazione serale. Questa lampada crea una luce tranquilla. Puoi utilizzare questa lampada retr\u00f2 minimal per il tuo salotto o sul tavolo da pranzo, per accompagnare te e i tuoi amici nelle vostre lunghe cene.<br \/>\nQuesta vibrante atmosfera, l&#8217;allegria e il design originale si possono percepire all&#8217;interno del modello originale in argilla porcellanata. Per un arredamento pi\u00f9 classico, ti piaceranno le lampade radio originali in cemento, disponibili nei colori concrete brut. Per uno stile industriale e originale puoi scegliere il modello patina, la cui ossidazione modificher\u00e0 l&#8217;aspetto della lampada a seconda dell&#8217;umidit\u00e0 della stanza, per un&#8217;immagine sempre attuale. Completa i tuoi interni con questa meravigliosa lampada!            <\/p>\n<p>Ti presentiamo la lampada da tavolo Ornate di Kulaberlin, una lampada unica progettata per fornire una luce accogliente e aggiungere un tocco di eleganza a qualsiasi stanza.<\/p>\n<ul>\n<li>Il designer Okan G\u00f6kg\u00f6z ha creato questa lampada ispirandosi agli amplificatori a valvole degli anni &#8217;50 e &#8217;70, dando vita a un design unico nel suo genere.<\/li>\n<li>La lampada \u00e8 caratterizzata da uno speciale mix di materiali in argilla porcellanata, che la rende un&#8217;aggiunta elegante e unica a qualsiasi arredamento.<\/li>\n<li>Il corpo antracite e il cavo in tessuto nero danno un tocco di modernit\u00e0, mentre la presa E27 argentata e l&#8217;interruttore rotante a regolazione continua aggiungono un tocco classico.<\/li>\n<li>Con un consumo massimo di 40W e una lampadina Edison vintage inclusa, questa lampada \u00e8 perfetta per leggere, lavorare o creare un&#8217;atmosfera accogliente in qualsiasi spazio abitativo.<\/li>\n<li>Il paralume e la base sono realizzati in argilla porcellanata con pigmenti naturali, mentre la presa in metallo e il cavo tessile creano un contrasto emozionante.<\/li>\n<li>L&#8217;interruttore retr\u00f2 aggiunge un tocco unico ed emozionante al design complessivo.<\/li>\n<\/ul>\n<p>Tempo di produzione: 1 settimana<\/p>\n","protected":false},"featured_media":20536,"template":"","meta":[],"product_brand":[],"product_cat":[1275,1276],"product_tag":[1285,1273,1284,1292,1279,1291,1295,1287,1277,1288,1289,1283,1293,1290,1281,1282,1286,1294,1280,1296,1297,1278],"class_list":{"0":"post-22414","1":"product","2":"type-product","3":"status-publish","4":"has-post-thumbnail","6":"product_cat-lampada","7":"product_cat-wholesale-it","8":"product_tag-anthrazit-it","9":"product_tag-argilla-porcellanata","10":"product_tag-casa-colorata","11":"product_tag-design-dinterni","12":"product_tag-dimmerabile","13":"product_tag-eleganza","14":"product_tag-interruttore-rotante","15":"product_tag-kulaberlin-it","16":"product_tag-lampada","17":"product_tag-lampada-da-tavolo-ornata","18":"product_tag-lampada-unica","19":"product_tag-lampadina-edision-vintage","20":"product_tag-lampadina-edison","21":"product_tag-luce-accogliente","22":"product_tag-made-in-berlin-it","23":"product_tag-minimalista","24":"product_tag-nero","25":"product_tag-oscuramento-continuo","26":"product_tag-prodotto-in-germania","27":"product_tag-retro-it","28":"product_tag-un-contrasto-entusiasmante","29":"product_tag-vintage-it","30":"product_shipping_class-beni-pesanti-2-kg","32":"first","33":"instock","34":"taxable","35":"shipping-taxable","36":"purchasable","37":"product-type-simple"},"jetpack_sharing_enabled":true,"_links":{"self":[{"href":"https:\/\/kulaberlin.com\/it\/wp-json\/wp\/v2\/product\/22414","targetHints":{"allow":["GET"]}}],"collection":[{"href":"https:\/\/kulaberlin.com\/it\/wp-json\/wp\/v2\/product"}],"about":[{"href":"https:\/\/kulaberlin.com\/it\/wp-json\/wp\/v2\/types\/product"}],"wp:featuredmedia":[{"embeddable":true,"href":"https:\/\/kulaberlin.com\/it\/wp-json\/wp\/v2\/media\/20536"}],"wp:attachment":[{"href":"https:\/\/kulaberlin.com\/it\/wp-json\/wp\/v2\/media?parent=22414"}],"wp:term":[{"taxonomy":"product_brand","embeddable":true,"href":"https:\/\/kulaberlin.com\/it\/wp-json\/wp\/v2\/product_brand?post=22414"},{"taxonomy":"product_cat","embeddable":true,"href":"https:\/\/kulaberlin.com\/it\/wp-json\/wp\/v2\/product_cat?post=22414"},{"taxonomy":"product_tag","embeddable":true,"href":"https:\/\/kulaberlin.com\/it\/wp-json\/wp\/v2\/product_tag?post=22414"}],"curies":[{"name":"wp","href":"https:\/\/api.w.org\/{rel}","templated":true}]}}