{"id":22459,"date":"2022-09-23T17:54:22","date_gmt":"2022-09-23T17:54:22","guid":{"rendered":"https:\/\/kulaberlin.com\/product\/cuscino-kleo-in-seta-ikat\/"},"modified":"2022-09-23T17:54:22","modified_gmt":"2022-09-23T17:54:22","slug":"cuscino-kleo-in-seta-ikat","status":"publish","type":"product","link":"https:\/\/kulaberlin.com\/it\/product\/cuscino-kleo-in-seta-ikat\/","title":{"rendered":"Cuscino KLEO in seta Ikat"},"content":{"rendered":"<div class=\"product-description-wrapper\">\n<p>Concediti un lusso ineguagliabile con la nostra sontuosa federa realizzata con il miglior velluto di seta proveniente dall&#8217;Uzbekistan. Questa federa squisita promette un&#8217;esperienza di sonno opulenta, combinando morbidezza suprema, freschezza e comfort incomparabile. <\/p>\n<p>Immergiti nell&#8217;abbondanza dell&#8217;eleganza artigianale: ogni copricuscino \u00e8 tessuto con cura meticolosa e attenzione ai dettagli, assicurando una finitura impeccabile che trasuda raffinatezza. I nostri artigiani dell&#8217;Uzbekistan utilizzano tecniche tradizionali per creare un capolavoro che trascende la semplice biancheria da letto: un simbolo di gusto raffinato e di lusso esigente. <\/p>\n<p>Regala ai tuoi cari il massimo dell&#8217;indulgenza con questo cuscino in seta realizzato a mano e decorato con un motivo Ikat, un design senza tempo che aggiunge un tocco di fascino esotico a qualsiasi ambiente. Realizzato con la seta pi\u00f9 pura, ogni filo \u00e8 selezionato per la sua qualit\u00e0 impareggiabile, dando vita a un copricuscino che incarna pura eleganza e glamour. <\/p>\n<p>Eleva l&#8217;arredamento della tua casa con questo squisito capolavoro, testimonianza della maestria e dell&#8217;artigianalit\u00e0 del patrimonio tessile dell&#8217;Uzbekistan. Che si tratti di un regalo premuroso o di un&#8217;aggiunta decadente al tuo rifugio, il nostro lussuoso copricuscino in seta promette di avvolgerti in un comfort e in uno stile senza pari. Prova l&#8217;epitome del lusso a ogni abbraccio e trasforma la tua routine di letto in un rifugio sontuoso con il nostro copricuscino di seta fatto a mano.  <\/p>\n<ul>\n<li>Misure: 60x60cm<\/li>\n<li>Colore: misto<\/li>\n<li>Parte anteriore: Ikat Retro: Colore singolo<\/li>\n<li>Tessuto: Seta sul davanti e Modal sul retro<\/li>\n<li>Modello: Tessuto intrecciato a mano<\/li>\n<li>Edizione limitata<\/li>\n<li>Cura: Solo lavaggio a secco<\/li>\n<li>Cerniera nella cucitura<\/li>\n<\/ul>\n<\/div>\n<div id=\"sharing\" class=\"social-sharing\" data-permalink=\"https:\/\/yastikbyrifatozbek.com\/products\/ikat-7\"><\/div>\n","protected":false},"excerpt":{"rendered":"<div class=\"product-description-wrapper\">\n<p>Lussuoso copricuscino realizzato con il miglior velluto sik. Ikat originale. <\/p>\n<p>Misure: 60x60cm<\/p>\n<ul>\n<li>Colore: misto<\/li>\n<li>Parte anteriore: Ikat Retro: Colore singolo<\/li>\n<li>Tessuto: Seta sul davanti e Modal sul retro<\/li>\n<li>Modello: Tessuto intrecciato a mano<\/li>\n<li>Edizione limitata<\/li>\n<li>Cura: Solo lavaggio a secco<\/li>\n<li>Cerniera nella cucitura<\/li>\n<\/ul>\n<\/div>\n<div id=\"sharing\" class=\"social-sharing\" data-permalink=\"https:\/\/yastikbyrifatozbek.com\/products\/ikat-7\"><\/div>\n<p>&nbsp;<\/p>\n","protected":false},"featured_media":21972,"template":"","meta":[],"product_brand":[],"product_cat":[1307],"product_tag":[1309,1306,1311,1310,1313,1308,1312],"class_list":{"0":"post-22459","1":"product","2":"type-product","3":"status-publish","4":"has-post-thumbnail","6":"product_cat-cuscino","7":"product_tag-cuscino-in-seta","8":"product_tag-fatto-a-mano","9":"product_tag-ikat-it","10":"product_tag-iktat-it","11":"product_tag-materiali-di-lusso","12":"product_tag-seta","13":"product_tag-unico","14":"product_shipping_class-beni-pesanti-1-kg","16":"first","17":"instock","18":"sold-individually","19":"taxable","20":"shipping-taxable","21":"purchasable","22":"product-type-simple"},"jetpack_sharing_enabled":true,"_links":{"self":[{"href":"https:\/\/kulaberlin.com\/it\/wp-json\/wp\/v2\/product\/22459","targetHints":{"allow":["GET"]}}],"collection":[{"href":"https:\/\/kulaberlin.com\/it\/wp-json\/wp\/v2\/product"}],"about":[{"href":"https:\/\/kulaberlin.com\/it\/wp-json\/wp\/v2\/types\/product"}],"wp:featuredmedia":[{"embeddable":true,"href":"https:\/\/kulaberlin.com\/it\/wp-json\/wp\/v2\/media\/21972"}],"wp:attachment":[{"href":"https:\/\/kulaberlin.com\/it\/wp-json\/wp\/v2\/media?parent=22459"}],"wp:term":[{"taxonomy":"product_brand","embeddable":true,"href":"https:\/\/kulaberlin.com\/it\/wp-json\/wp\/v2\/product_brand?post=22459"},{"taxonomy":"product_cat","embeddable":true,"href":"https:\/\/kulaberlin.com\/it\/wp-json\/wp\/v2\/product_cat?post=22459"},{"taxonomy":"product_tag","embeddable":true,"href":"https:\/\/kulaberlin.com\/it\/wp-json\/wp\/v2\/product_tag?post=22459"}],"curies":[{"name":"wp","href":"https:\/\/api.w.org\/{rel}","templated":true}]}}