{"id":22486,"date":"2022-08-11T11:02:59","date_gmt":"2022-08-11T11:02:59","guid":{"rendered":"https:\/\/kulaberlin.com\/product\/serie-1-n-1-trasformazione\/"},"modified":"2022-08-11T11:02:59","modified_gmt":"2022-08-11T11:02:59","slug":"serie-1-n-1-trasformazione","status":"publish","type":"product","link":"https:\/\/kulaberlin.com\/it\/product\/serie-1-n-1-trasformazione\/","title":{"rendered":"Serie 1, n. 1 Trasformazione"},"content":{"rendered":"<p>Okan G\u00f6kg\u00f6z: &#8220;Transformation&#8221; 2022<br \/>\nPezzo singolo, certificato, firmato a mano, intitolato, data<br \/>\nCalcestruzzo su argilla<br \/>\nFormato: 36cmx28cm<br \/>\nArtista: Okan G\u00f6kg\u00f6z<\/p>\n<div class=\"flex-1 overflow-hidden\">\n<div class=\"react-scroll-to-bottom--css-xgurs-79elbk h-full dark:bg-gray-800\">\n<div class=\"react-scroll-to-bottom--css-xgurs-1n7m0yu\">\n<div class=\"flex flex-col items-center text-sm dark:bg-gray-800\">\n<div class=\"group w-full text-gray-800 dark:text-gray-100 border-b border-black\/10 dark:border-gray-900\/50 bg-gray-50 dark:bg-[#444654]\">\n<div class=\"text-base gap-4 md:gap-6 md:max-w-2xl lg:max-w-xl xl:max-w-3xl p-4 md:py-6 flex lg:px-0 m-auto\">\n<div class=\"relative flex w-[calc(100%-50px)] flex-col gap-1 md:gap-3 lg:w-[calc(100%-115px)]\">\n<div class=\"flex flex-grow flex-col gap-3\">\n<div class=\"min-h-[20px] flex flex-col items-start gap-4 whitespace-pre-wrap\">\n<div class=\"markdown prose w-full break-words dark:prose-invert light\">\n<ul>\n<li>Eleva il tuo spazio con le sculture da parete di Okan G\u00f6kg\u00f6z<\/li>\n<li>Disegni intricati che mettono in mostra la maestria di Okan con i materiali<\/li>\n<li>Materiali di alta qualit\u00e0: Metallo, cemento e altro ancora<\/li>\n<li>Firmato a mano per l&#8217;autenticit\u00e0<\/li>\n<li>Pezzi unici, perfetti per i collezionisti<\/li>\n<li>Disponibile per l&#8217;acquisto e la spedizione<\/li>\n<li>Ispirano e fanno riflettere, aggiungendo un tocco unico a qualsiasi spazio<\/li>\n<\/ul>\n<p>Se stai cercando un&#8217;opera d&#8217;arte straordinaria e stimolante per elevare il tuo spazio, le sculture da parete di Okan G\u00f6kg\u00f6z sono la scelta perfetta. Caratterizzate da disegni intricati che mettono in mostra la maestria di Okan con i materiali, queste sculture di alta qualit\u00e0 sono realizzate in metallo, legno, cemento e altro ancora. Ogni pezzo \u00e8 firmato a mano, per aggiungere un ulteriore livello di autenticit\u00e0, ed \u00e8 unico nel suo genere, il che lo rende perfetto per i collezionisti. Dopo la mostra, le sculture da parete di Okan saranno disponibili per l&#8217;acquisto e la spedizione a casa tua. Non perdere l&#8217;occasione di aggiungere un tocco unico e stimolante al tuo spazio con le sculture da parete di Okan G\u00f6kg\u00f6z.    <\/p>\n<\/div>\n<p>&nbsp;<\/p>\n<\/div>\n<\/div>\n<div class=\"flex justify-between lg:block\">\n<div class=\"text-gray-400 flex self-end lg:self-center justify-center mt-2 gap-2 md:gap-3 lg:gap-1 lg:absolute lg:top-0 lg:translate-x-full lg:right-0 lg:mt-0 lg:pl-2 visible\"><\/div>\n<\/div>\n<\/div>\n<\/div>\n<\/div>\n<div class=\"w-full h-32 md:h-48 flex-shrink-0\"><\/div>\n<\/div>\n<p><button class=\"cursor-pointer absolute right-6 bottom-[124px] md:bottom-[120px] z-10 rounded-full border border-gray-200 bg-gray-50 text-gray-600 dark:border-white\/10 dark:bg-white\/10 dark:text-gray-200\"><\/button><\/div>\n<\/div>\n<\/div>\n<div class=\"absolute bottom-0 left-0 w-full border-t md:border-t-0 dark:border-white\/20 md:border-transparent md:dark:border-transparent md:bg-vert-light-gradient bg-white dark:bg-gray-800 md:!bg-transparent dark:md:bg-vert-dark-gradient pt-2\">\n<form class=\"stretch mx-2 flex flex-row gap-3 last:mb-2 md:mx-4 md:last:mb-6 lg:mx-auto lg:max-w-2xl xl:max-w-3xl\">\n<div class=\"relative flex h-full flex-1 md:flex-col\">\n<div class=\"flex ml-1 md:w-full md:m-auto md:mb-2 gap-0 md:gap-2 justify-center\"><\/div>\n<\/div>\n<\/form>\n<\/div>\n<div>\n<div class=\"mb-4\">\n<div class=\"product-detail-price-container links-unstyled\">\n<p class=\"product-detail-price\">\n<\/div>\n<div class=\"product-detail-tax-container\"><\/div>\n<\/div>\n<\/div>\n<p>&nbsp;<\/p>\n","protected":false},"excerpt":{"rendered":"<p>Okan G\u00f6kg\u00f6z: &#8220;Transformation&#8221; 2022<br \/>\nPezzo singolo, certificato, firmato a mano, titolato, data<br \/>\nDocumentazione e dichiarazione d&#8217;arte<br \/>\nCalcestruzzo su argilla<br \/>\nFormato: 36cmx28cm<br \/>\nArtista: Okan G\u00f6kg\u00f6z<\/p>\n<div>\n<div class=\"mb-4\">\n<div class=\"product-detail-price-container links-unstyled\">\n<p class=\"product-detail-price\">\n<\/div>\n<div class=\"product-detail-tax-container\"><\/div>\n<\/div>\n<\/div>\n<p>&nbsp;<\/p>\n","protected":false},"featured_media":18363,"template":"","meta":[],"product_brand":[],"product_cat":[1335,1340],"product_tag":[1332,1365,1366,1337,1333,1338,1368,1336,1367,1364,1339],"class_list":{"0":"post-22486","1":"product","2":"type-product","3":"status-publish","4":"has-post-thumbnail","6":"product_cat-art-it","7":"product_cat-arte","8":"product_tag-arte","9":"product_tag-arte-contemporanea","10":"product_tag-arte-firmata-a-mano","11":"product_tag-artista","12":"product_tag-berlino","13":"product_tag-istanbul-it","14":"product_tag-manipolazione-dei-materiali","15":"product_tag-okan-gokgoz-it","16":"product_tag-pezzi-darte-unici","17":"product_tag-sculture-da-parete","18":"product_tag-trasformazione","19":"product_shipping_class-merce-pesante-10kg","21":"first","22":"instock","23":"sold-individually","24":"taxable","25":"shipping-taxable","26":"purchasable","27":"product-type-simple"},"jetpack_sharing_enabled":true,"_links":{"self":[{"href":"https:\/\/kulaberlin.com\/it\/wp-json\/wp\/v2\/product\/22486","targetHints":{"allow":["GET"]}}],"collection":[{"href":"https:\/\/kulaberlin.com\/it\/wp-json\/wp\/v2\/product"}],"about":[{"href":"https:\/\/kulaberlin.com\/it\/wp-json\/wp\/v2\/types\/product"}],"wp:featuredmedia":[{"embeddable":true,"href":"https:\/\/kulaberlin.com\/it\/wp-json\/wp\/v2\/media\/18363"}],"wp:attachment":[{"href":"https:\/\/kulaberlin.com\/it\/wp-json\/wp\/v2\/media?parent=22486"}],"wp:term":[{"taxonomy":"product_brand","embeddable":true,"href":"https:\/\/kulaberlin.com\/it\/wp-json\/wp\/v2\/product_brand?post=22486"},{"taxonomy":"product_cat","embeddable":true,"href":"https:\/\/kulaberlin.com\/it\/wp-json\/wp\/v2\/product_cat?post=22486"},{"taxonomy":"product_tag","embeddable":true,"href":"https:\/\/kulaberlin.com\/it\/wp-json\/wp\/v2\/product_tag?post=22486"}],"curies":[{"name":"wp","href":"https:\/\/api.w.org\/{rel}","templated":true}]}}