{"id":22499,"date":"2021-09-27T14:51:21","date_gmt":"2021-09-27T14:51:21","guid":{"rendered":"https:\/\/kulaberlin.com\/product\/edison-radio-lampe-nero\/"},"modified":"2021-09-27T14:51:21","modified_gmt":"2021-09-27T14:51:21","slug":"edison-radio-lampe-nero","status":"publish","type":"product","link":"https:\/\/kulaberlin.com\/it\/product\/edison-radio-lampe-nero\/","title":{"rendered":"Edison Radio Lampe Nero"},"content":{"rendered":"<p>La Tischleuchte, di tipo artistico, emana una luce brillante e offre un mix straordinario di materiali porcellanati. L&#8217;elemento Drehschalter con le dimensioni della lampada e l&#8217;elemento Retro-Schalter creano un contrasto pi\u00f9 intenso. Lampe Sockel: Porzellan Gips Farbe: Schwarz Kabel: schwarz L\u00e4nge: 200 cm, Fassung: Argento, E27. Gl\u00fchbirne enthalten. Stromverbrauch: max. 40 W. Dimensioni: 10cm x 17,5cm x 10cm Gewicht: 1,5 kg Materiale: Lampada: Porzellan Gips, nat\u00fcrliche Pigmente Fassung: Metallo Kabel: Tessuto     <\/p>\n<p>Die Edison Vintage Radio Lampe \u00e8 stata creata da Okan G\u00f6kg\u00f6z e viene realizzata a mano da lui nell&#8217;Atelier di Berlino. Okan si \u00e8 ispirato ai Verst\u00e4rkerr\u00f6hre degli anni &#8217;60 per ispirarsi. Questa lampada da tavolo \u00e8 stata realizzata in modo dettagliato. Questa lampada \u00e8 dotata di due Gl\u00fchbirnen, di una luce gelida e di un design che si adatta a un&#8217;atmosfera gioiosa. Il Drehschalter per la riduzione della luce e il Retro-Schalter Ein -Aus creano un contrasto affascinante. Controlla l&#8217;intensit\u00e0 delle luci e fai passare il momento e l&#8217;area in cui ti trovi. Diese Radiolampe si inserisce nella tua camera da letto per creare un&#8217;atmosfera suggestiva e conferisce alla tua cena un&#8217;eleganza particolare. Diese Radiolampe si inserisce nella tua sala da pranzo per creare un&#8217;atmosfera suggestiva e conferisce alla tua cena una straordinaria eleganza. Questa lampada emana una luce piacevole. Puoi usare queste lampade minimaliste e retr\u00f2 per il tuo salotto o per una cena con gli amici come lampada da tavolo. Valorizza il tuo arredamento con queste splendide lampade! Tempo di produzione: 1 settimana             <\/p>\n","protected":false},"excerpt":{"rendered":"<p>La Tischleuchte, molto artistica, emana una luce brillante e offre un mix straordinario di materiali porcellanati. Il Drehschalter per le dimensioni ridotte della finestra e il Retro-Schalter creano un contrasto spasmodico. Ispirato da R\u00f6hrenverst\u00e4rkern degli anni &#8217;70. Lampe Sockel: Porzellan Gips Farbe: Schwarz Kabel: schwarz L\u00e4nge: 200 cm, Fassung: Argento, E27. Gl\u00fchbirne enthalten. Stromverbrauch: max. Potenza: max. 40 W. Dimensioni: 10 cm x 17,5 cm x 10 cm Peso: 1,5 kg Materiale: Lampenschirm, Sockel: Porzellan Gips, nat\u00fcrliches Pigment Fassung: Metall Kabel: Textil Edison Vintage Radio Lampe \u00e8 una creazione originale, creata e realizzata da Okan G\u00f6kg\u00f6z nell&#8217;Atelier Kulaberlin di Berlino. Il nostro designer si \u00e8 ispirato alla Verst\u00e4rkerr\u00f6hre degli anni &#8217;50 e &#8217;70. Con questo Radiolampen-Design il nostro designer si \u00e8 ispirato alla perfezione e ai dettagli. Queste lampade sono dotate di due vetri per ottenere un effetto vintage e suggestivo per il tuo arredamento. Il Vintage-Drehschalter per le dimensioni della lampada e il Retro-Schalter creano un contrasto straordinario. Controlla l&#8217;intensit\u00e0 delle luci e passa al momento e all&#8217;ambiente. Questa radiolampada pu\u00f2 essere utilizzata in uno Schlafzimmer per creare un&#8217;atmosfera suggestiva e conferisce alla cena una straordinaria eleganza.             <\/p>\n","protected":false},"featured_media":16252,"template":"","meta":[],"product_brand":[],"product_cat":[1422,1407],"product_tag":[1446,1437,1445,1433,1441,1439,1435,1443,1447],"class_list":{"0":"post-22499","1":"product","2":"type-product","3":"status-publish","4":"has-post-thumbnail","6":"product_cat-grosshandel-it","7":"product_cat-lampada-it","8":"product_tag-buntes-wohnen-it","9":"product_tag-dimmbar-it","10":"product_tag-edision-vintage-gluhbirne-it","11":"product_tag-gips-porzellan","12":"product_tag-handgefertigt-in-berlin-deutschland-it","13":"product_tag-handgefertigt-in-deutschland-it","14":"product_tag-lampe-it","15":"product_tag-minimalisitiche","16":"product_tag-schwarz-it","17":"product_shipping_class-gewichtsklasse","19":"first","20":"instock","21":"taxable","22":"shipping-taxable","23":"purchasable","24":"product-type-simple"},"jetpack_sharing_enabled":true,"_links":{"self":[{"href":"https:\/\/kulaberlin.com\/it\/wp-json\/wp\/v2\/product\/22499","targetHints":{"allow":["GET"]}}],"collection":[{"href":"https:\/\/kulaberlin.com\/it\/wp-json\/wp\/v2\/product"}],"about":[{"href":"https:\/\/kulaberlin.com\/it\/wp-json\/wp\/v2\/types\/product"}],"wp:featuredmedia":[{"embeddable":true,"href":"https:\/\/kulaberlin.com\/it\/wp-json\/wp\/v2\/media\/16252"}],"wp:attachment":[{"href":"https:\/\/kulaberlin.com\/it\/wp-json\/wp\/v2\/media?parent=22499"}],"wp:term":[{"taxonomy":"product_brand","embeddable":true,"href":"https:\/\/kulaberlin.com\/it\/wp-json\/wp\/v2\/product_brand?post=22499"},{"taxonomy":"product_cat","embeddable":true,"href":"https:\/\/kulaberlin.com\/it\/wp-json\/wp\/v2\/product_cat?post=22499"},{"taxonomy":"product_tag","embeddable":true,"href":"https:\/\/kulaberlin.com\/it\/wp-json\/wp\/v2\/product_tag?post=22499"}],"curies":[{"name":"wp","href":"https:\/\/api.w.org\/{rel}","templated":true}]}}