{"id":22500,"date":"2022-06-13T09:03:49","date_gmt":"2022-06-13T09:03:49","guid":{"rendered":"https:\/\/kulaberlin.com\/product\/plaid-saint-tropez-grands-horrizons\/"},"modified":"2022-06-13T09:03:49","modified_gmt":"2022-06-13T09:03:49","slug":"plaid-saint-tropez-grands-horrizons","status":"publish","type":"product","link":"https:\/\/kulaberlin.com\/it\/product\/plaid-saint-tropez-grands-horrizons\/","title":{"rendered":"Plaid Saint Tropez Grands Horrizons"},"content":{"rendered":"<p><b>Coperta di cotone a quadri &#8211; Saint Tropez Grands Horrizons<\/b><\/p>\n<p data-start=\"0\" data-end=\"64\"><strong data-start=\"0\" data-end=\"64\">Scopri il massimo del comfort con la nostra coperta giornaliera in cotone al 100%.<\/strong><\/p>\n<p data-start=\"66\" data-end=\"314\">Migliora la tua casa con la nostra coperta giornaliera in 100% cotone, ora disponibile in tre splendidi colori! Progettata in un generoso formato di 240&#215;220 cm, questa coperta versatile promette una morbidezza, una resistenza e una traspirabilit\u00e0 senza pari, ideale per l&#8217;uso quotidiano. <\/p>\n<p data-start=\"316\" data-end=\"501\"><strong data-start=\"316\" data-end=\"347\">Offerta speciale a tempo limitato:<\/strong><br data-start=\"347\" data-end=\"350\">Originariamente il prezzo era di 75 dollari, ora abbiamo ridotto il prezzo a soli 50 dollari! Questo sconto irresistibile ti permette di godere di un comfort di lusso senza spendere troppo. <\/p>\n<p data-start=\"503\" data-end=\"748\">Realizzata con stile e praticit\u00e0, la nostra coperta per tutti i giorni \u00e8 perfetta per notti accoglienti, per arredare con stile o per fare un regalo gradito. Grazie alla sua qualit\u00e0 artigianale e alle vivaci opzioni di colore, questa coperta diventer\u00e0 il nuovo accessorio preferito della tua casa. <\/p>\n<p data-start=\"750\" data-end=\"789\"><strong data-start=\"750\" data-end=\"789\">Perch\u00e9 scegliere la nostra coperta in cotone al 100%?<\/strong><\/p>\n<ul data-start=\"790\" data-end=\"1064\">\n<li data-start=\"790\" data-end=\"857\"><strong data-start=\"792\" data-end=\"812\">Qualit\u00e0 Premium:<\/strong> Realizzato in puro cotone per una morbidezza estrema.<\/li>\n<li data-start=\"858\" data-end=\"920\"><strong data-start=\"860\" data-end=\"877\">Dimensioni perfette:<\/strong> Uno spazioso 240&#215;220 cm che si adatta alla maggior parte dei letti.<\/li>\n<li data-start=\"921\" data-end=\"986\"><strong data-start=\"923\" data-end=\"946\">Opzioni attraenti:<\/strong> Disponibile in tre colori accattivanti.<\/li>\n<li data-start=\"987\" data-end=\"1064\"><strong data-start=\"989\" data-end=\"1010\">Prezzo imbattibile:<\/strong> Ora ridotto da $75 a $50 per un comfort da vendere in fretta.<\/li>\n<\/ul>\n<p data-start=\"1066\" data-end=\"1231\">Non perdere questa eccezionale offerta! Ordina ora e prova il lusso di una coperta di cotone di alta qualit\u00e0 progettata per portare calore e stile nella tua vita quotidiana. <\/p>\n<p data-start=\"1233\" data-end=\"1294\" data-is-last-node=\"\" data-is-only-node=\"\">Acquista oggi stesso e trasforma il tuo spazio con eleganza a prezzi accessibili!<\/p>\n<p>Saint Tropez \u00e8 una collezione di cotone unica nel suo genere, realizzata con un telaio ad alta tessitura. Le dimensioni del plaid sono 240 x 220 cm. Le frange a ciglia su entrambe le estremit\u00e0 aggiungono un dettaglio elegante al suo design. Il cotone non \u00e8 stato lavato dall&#8217;industria, per evitare l&#8217;uso di acqua e sostanze chimiche. A dimostrazione dell&#8217;incredibile versatilit\u00e0 del cotone, il plaid Saint Tropez \u00e8 una collezione unica che dona consistenza e comfort in egual misura. Stendi questo plaid sul letto per avere una gradita alternativa al piumone in estate, oppure coprilo con uno strato di cotone per essere ancora pi\u00f9 accogliente nei mesi pi\u00f9 freddi.     <\/p>\n<ul>\n<li>Scopri la lussuosa coperta plaid &#8220;Saint Tropez Grands Horizons&#8221;, realizzata al 100% in cotone pregiato.<\/li>\n<li>Il plaid presenta uno splendido disegno in velluto e blu reale, ispirato agli splendidi paesaggi del Sud della Francia.<\/li>\n<li>Realizzato a mano dalla famiglia Kula a Ege, in Turchia,<\/li>\n<li>Questo plaid non \u00e8 lavato a livello industriale per ridurre l&#8217;utilizzo di acqua ed evitare l&#8217;uso di sostanze chimiche, il che lo rende una scelta ecologica per la tua casa.<\/li>\n<li>Il materiale in cotone di alta qualit\u00e0 garantisce durata e comfort, assicurando che questo plaid sia un&#8217;aggiunta duratura all&#8217;arredamento della tua casa.<\/li>\n<li>Usa questo plaid come complemento accogliente ed elegante per il tuo salotto, la tua camera da letto o i tuoi spazi esterni.<\/li>\n<li>Lavabile in lavatrice per una facile cura e manutenzione.<\/li>\n<li>Acquista ora questo plaid &#8220;Saint Tropez Grands Horizons&#8221;, prodotto in modo etico e di alta qualit\u00e0, e goditi la perfetta combinazione di comfort e stile nella tua casa.<\/li>\n<\/ul>\n","protected":false},"excerpt":{"rendered":"<ul>\n<li>Ti presentiamo la collezione di cotone &#8220;Saint Tropez&#8221;, unica e molto strutturata, caratterizzata da un plaid di 240 x 220 cm e da eleganti frange a ciglia su entrambe le estremit\u00e0.<\/li>\n<li>Questo plaid ecologico non \u00e8 stato lavato dall&#8217;industria, il che lo rende una scelta sostenibile per la tua casa, che risparmia acqua ed evita l&#8217;uso di sostanze chimiche nocive.<\/li>\n<li>La collezione &#8220;Provence&#8221; mette in mostra l&#8217;incredibile versatilit\u00e0 del cotone, che offre consistenza e comfort in egual misura.<\/li>\n<li>Utilizza questo plaid come un&#8217;aggiunta elegante e funzionale alla tua biancheria da letto, drappeggiandolo sul letto per un&#8217;alternativa rinfrescante al piumone in estate o sovrapponendolo per un maggiore calore nei mesi pi\u00f9 freddi.<\/li>\n<\/ul>\n","protected":false},"featured_media":22207,"template":"","meta":[],"product_brand":[],"product_cat":[1375,1374,1379,1276],"product_tag":[1408,1412,1420,1388,1418,1377,1409,1376,1417,1384,1415,1414,1411,1380,1378,1387,1423,1410,1419,1421,1389,1416,1413],"class_list":{"0":"post-22500","1":"product","2":"type-product","3":"status-publish","4":"has-post-thumbnail","6":"product_cat-coperta","7":"product_cat-cotone","8":"product_cat-vendita","9":"product_cat-wholesale-it","10":"product_tag-100-cotone","11":"product_tag-blu-reale","12":"product_tag-camera-da-letto","13":"product_tag-campeggio","14":"product_tag-comfort-it","15":"product_tag-coperta","16":"product_tag-coperta-plaid","17":"product_tag-cotone","18":"product_tag-durata","19":"product_tag-ecologico","20":"product_tag-ege-it","21":"product_tag-famiglia-kula","22":"product_tag-grandi-orizzonti","23":"product_tag-lavabile-in-lavatrice","24":"product_tag-morbido","25":"product_tag-plaid-it","26":"product_tag-prodotti-in-modo-etico","27":"product_tag-saint-tropez-it","28":"product_tag-soggiorno","29":"product_tag-spazi-esterni","30":"product_tag-summerplaid-it","31":"product_tag-turchia","32":"product_tag-velluto","33":"product_shipping_class-beni-pesanti-2-kg","35":"first","36":"outofstock","37":"sale","38":"featured","39":"taxable","40":"shipping-taxable","41":"purchasable","42":"product-type-variable"},"jetpack_sharing_enabled":true,"_links":{"self":[{"href":"https:\/\/kulaberlin.com\/it\/wp-json\/wp\/v2\/product\/22500","targetHints":{"allow":["GET"]}}],"collection":[{"href":"https:\/\/kulaberlin.com\/it\/wp-json\/wp\/v2\/product"}],"about":[{"href":"https:\/\/kulaberlin.com\/it\/wp-json\/wp\/v2\/types\/product"}],"wp:featuredmedia":[{"embeddable":true,"href":"https:\/\/kulaberlin.com\/it\/wp-json\/wp\/v2\/media\/22207"}],"wp:attachment":[{"href":"https:\/\/kulaberlin.com\/it\/wp-json\/wp\/v2\/media?parent=22500"}],"wp:term":[{"taxonomy":"product_brand","embeddable":true,"href":"https:\/\/kulaberlin.com\/it\/wp-json\/wp\/v2\/product_brand?post=22500"},{"taxonomy":"product_cat","embeddable":true,"href":"https:\/\/kulaberlin.com\/it\/wp-json\/wp\/v2\/product_cat?post=22500"},{"taxonomy":"product_tag","embeddable":true,"href":"https:\/\/kulaberlin.com\/it\/wp-json\/wp\/v2\/product_tag?post=22500"}],"curies":[{"name":"wp","href":"https:\/\/api.w.org\/{rel}","templated":true}]}}