{"id":22514,"date":"2021-09-27T14:51:21","date_gmt":"2021-09-27T14:51:21","guid":{"rendered":"https:\/\/kulaberlin.com\/product\/lampe-edison-radio-nero\/"},"modified":"2021-09-27T14:51:21","modified_gmt":"2021-09-27T14:51:21","slug":"lampe-edison-radio-nero","status":"publish","type":"product","link":"https:\/\/kulaberlin.com\/it\/product\/lampe-edison-radio-nero\/","title":{"rendered":"Lampe Edison Radio Nero"},"content":{"rendered":"<p>La lampada da tavolo decorata fornisce una luce gradevole ed \u00e8 composta da un mix speciale di materiali in argilla di porcellana. Il pulsante di rotazione consente di controllare la luce in modo progressivo e di creare un contrasto minimo. Ispirato al Tube Amplificateur Corps: Cavo noir: Noir Lunghezza: 200 cm, Prise: Argento, E27. Ampolla inclusa. Consumo elettrico: max. 40 W. Dimensioni : 10 cm x 17,5 cm x 10 cm Poids : 1,5 kg Mati\u00e8re : Abat-jour, socle : argile de porcelaine, pigment naturel Douille : M\u00e9tal C\u00e2ble : Textile Les lampes Edison Vintage Radio sont une cr\u00e9ation originale con\u00e7ue et r\u00e9alis\u00e9e par Okan G\u00f6kg\u00f6z dans notre atelier Kulaberlin \u00e0 Berlin. Il nostro ideatore si ispira agli amplificatori a valvole degli anni &#8217;50 e &#8217;70. Le lampade comprendono due ampolle per un effetto vintage e un&#8217;illuminazione meravigliosa dell&#8217;ambiente. L&#8217;interruttore rotante vintage permette di controllare l&#8217;intensit\u00e0 della luce e di adattarla a qualsiasi momento e luogo della casa. Questa lampada radio pu\u00f2 essere utilizzata in una camera da letto per creare un&#8217;atmosfera accogliente, offrendo un&#8217;eleganza particolare all&#8217;ambiente. La luminosit\u00e0 \u00e8 di 40 W e 140 Lumen. Perfetta per la lettura o per la merenda della sera. Questa lampada crea una luce tranquilla. Puoi utilizzare queste lampade r\u00e9tro minimaliste nel tuo salone o sul tuo tavolo da pranzo. Ti accompagner\u00e0, tu e i tuoi amici, per tutta la durata della cena. Il design di questo modello originale in argilla di porcellana crea un ambiente vibrante e positivo. Per un ambiente pi\u00f9 classico, scegli le lampade radio b\u00e9ton originales declinate nei colori b\u00e9ton brut. Per uno stile industriale e originale puoi scegliere il modello patinato, la cui ossidazione modifica l&#8217;aspetto della lampada in funzione dell&#8217;umidit\u00e0 dell&#8217;ambiente! Completa il tuo arredamento con questa magnifica lampada! Tempo di fabbricazione: 1 semestre                   <\/p>\n","protected":false},"excerpt":{"rendered":"<p>La lampada da tavolo decorata fornisce una luce gradevole ed \u00e8 composta da un mix speciale di materiali in argilla di porcellana. Il pulsante di rotazione consente di controllare la luce in modo progressivo e di creare un contrasto leggermente comune. Ispirato da un amplificatore a valvole. Corpo: Cavo noir: Noir Lungo: 200 cm, Prise: Argento, E27. Ampolla inclusa. Consumo elettrico: max. 40 W. Dimensioni : 10 cm x 17,5 cm x 10 cm Poids : 1,5 kg Mati\u00e8re : Abat-jour, socle : argile de porcelaine, pigment naturel Douille : M\u00e9tal C\u00e2ble : Textile Les lampes Edison Vintage Radio sont une cr\u00e9ation originale con\u00e7ue et r\u00e9alis\u00e9e par Okan G\u00f6kg\u00f6z dans notre atelier Kulaberlin \u00e0 Berlin. Il nostro ideatore si ispira agli amplificatori a valvole degli anni &#8217;50 e &#8217;70. Le lampade comprendono due ampolle per un effetto vintage e un&#8217;illuminazione meravigliosa dell&#8217;ambiente. L&#8217;interruttore rotante vintage permette di controllare l&#8217;intensit\u00e0 della luce e di adattarla a qualsiasi momento e luogo della casa. Questa lampada radio pu\u00f2 essere utilizzata in una camera da letto per creare un&#8217;atmosfera accogliente, offrendo un&#8217;eleganza particolare all&#8217;ambiente. La luminosit\u00e0 \u00e8 di 40 W e 140 Lumen. Perfetta per la lettura o per la merenda della sera. Questa lampada crea una luce tranquilla. Puoi utilizzare queste lampade r\u00e9tro minimaliste nel tuo salone o sul tuo tavolo da pranzo. Ti accompagner\u00e0, tu e i tuoi amici, per tutta la durata della cena. Il design di questo modello originale in argilla di porcellana crea un ambiente vibrante e positivo. Per un ambiente pi\u00f9 classico, scegli le lampade radio b\u00e9ton originales declinate nei colori b\u00e9ton brut. Per uno stile industriale e originale puoi scegliere il modello patinato, la cui ossidazione modifica l&#8217;aspetto della lampada in funzione dell&#8217;umidit\u00e0 dell&#8217;ambiente! Completa il tuo arredamento con questa magnifica lampada! Tempo di fabbricazione: 1 semestre                    <\/p>\n","protected":false},"featured_media":16250,"template":"","meta":[],"product_brand":[],"product_cat":[1463,1464],"product_tag":[1471,1462,1467,1466,1472,1470,1473,1469,1468],"class_list":{"0":"post-22514","1":"product","2":"type-product","3":"status-publish","4":"has-post-thumbnail","6":"product_cat-lampe-it","7":"product_cat-vente-en-gros-it","8":"product_tag-ampolla-edision-vintage","9":"product_tag-argile-di-porcellana","10":"product_tag-gradazione-della-luce","11":"product_tag-lampe-it-2","12":"product_tag-maison-coloree-it","13":"product_tag-minimalista-it","14":"product_tag-noir-it","15":"product_tag-prodotto-a-berlino","16":"product_tag-prodotto-in-germania-it","17":"product_shipping_class-produit-lourd-2-kg-it","19":"first","20":"instock","21":"taxable","22":"shipping-taxable","23":"purchasable","24":"product-type-simple"},"jetpack_sharing_enabled":true,"_links":{"self":[{"href":"https:\/\/kulaberlin.com\/it\/wp-json\/wp\/v2\/product\/22514","targetHints":{"allow":["GET"]}}],"collection":[{"href":"https:\/\/kulaberlin.com\/it\/wp-json\/wp\/v2\/product"}],"about":[{"href":"https:\/\/kulaberlin.com\/it\/wp-json\/wp\/v2\/types\/product"}],"wp:featuredmedia":[{"embeddable":true,"href":"https:\/\/kulaberlin.com\/it\/wp-json\/wp\/v2\/media\/16250"}],"wp:attachment":[{"href":"https:\/\/kulaberlin.com\/it\/wp-json\/wp\/v2\/media?parent=22514"}],"wp:term":[{"taxonomy":"product_brand","embeddable":true,"href":"https:\/\/kulaberlin.com\/it\/wp-json\/wp\/v2\/product_brand?post=22514"},{"taxonomy":"product_cat","embeddable":true,"href":"https:\/\/kulaberlin.com\/it\/wp-json\/wp\/v2\/product_cat?post=22514"},{"taxonomy":"product_tag","embeddable":true,"href":"https:\/\/kulaberlin.com\/it\/wp-json\/wp\/v2\/product_tag?post=22514"}],"curies":[{"name":"wp","href":"https:\/\/api.w.org\/{rel}","templated":true}]}}