{"id":22532,"date":"2021-09-27T14:28:45","date_gmt":"2021-09-27T14:28:45","guid":{"rendered":"https:\/\/kulaberlin.com\/product\/lampada-radio-edison-olive\/"},"modified":"2021-09-27T14:28:45","modified_gmt":"2021-09-27T14:28:45","slug":"lampada-radio-edison-olive","status":"publish","type":"product","link":"https:\/\/kulaberlin.com\/it\/product\/lampada-radio-edison-olive\/","title":{"rendered":"Lampada radio Edison Olive"},"content":{"rendered":"<p>La lampada da tavolo ornata fornisce una luce accogliente e offre uno speciale mix di materiali in argilla porcellanata. L&#8217;interruttore rotante per l&#8217;oscuramento continuo della luce e l&#8217;interruttore retr\u00f2 creano un contrasto teso. Ispirata agli amplificatori a valvole. Corpo: Verde oliva Cavo: nero Lungo: 200 cm, Presa: Argento, E27. Lampadina inclusa. Consumo di energia: max. 40 W. Dimensioni: 10 cm x 17,5 cm x 10 cm Peso: 1,5 kg Materiale: Paralume, base: argilla porcellanata, pigmento naturale Presa: Metallo Cavo: Tessuto      <\/p>\n<p>Le lampade Edison Vintage Radio sono una creazione originale disegnata e prodotta da Okan G\u00f6kg\u00f6z nel nostro atelier Kulaberlin di Berlino. Il nostro designer si \u00e8 ispirato ai tubi amplificatori degli anni &#8217;50 e &#8217;70. Con questo design di Radio Lamps, il nostro designer ha puntato alla perfezione. Queste lampade includono due lampadine per un meraviglioso effetto di luce vintage per i tuoi interni. L&#8217;interruttore rotante vintage per regolare la luce e l&#8217;interruttore retr\u00f2 creano un contrasto emozionante. Controlla l&#8217;intensit\u00e0 della luce e adattala a ogni momento e luogo. Questa lampada radio pu\u00f2 essere utilizzata in una stanza da letto per creare un&#8217;atmosfera accogliente e donare un&#8217;eleganza speciale alla tua stanza da letto. La luce \u00e8 da 40 W e ha 140 Lumen. \u00c8 perfetta per la lettura o per la meditazione serale. Questa lampada crea una luce tranquilla. Puoi utilizzare questa lampada retr\u00f2 minimal per il tuo salotto o sul tavolo da pranzo, per accompagnare te e i tuoi amici nelle vostre lunghe cene.<br \/>\nQuesta vibrante atmosfera, l&#8217;allegria e il design originale si percepiscono nel modello originale in porcellana. Per un arredamento pi\u00f9 classico, ti piaceranno le lampade radio originali in cemento, disponibili nei colori concrete brut. Per uno stile industriale e originale puoi scegliere il modello patina, la cui ossidazione modificher\u00e0 l&#8217;aspetto della lampada a seconda dell&#8217;umidit\u00e0 della stanza, per un&#8217;immagine sempre attuale. Completa i tuoi interni con questa meravigliosa lampada!            <\/p>\n<p>Tempo di produzione: 1 settimana<\/p>\n","protected":false},"excerpt":{"rendered":"<p>La lampada da tavolo ornata fornisce una luce accogliente e offre uno speciale mix di materiali in argilla porcellanata. L&#8217;interruttore rotante per l&#8217;oscuramento continuo della luce e l&#8217;interruttore retr\u00f2 creano un contrasto teso. Ispirata agli amplificatori a valvole. Corpo: Verde oliva Cavo: nero Lungo: 200 cm, Presa: Argento, E27. Lampadina inclusa. Consumo di energia: max. 40 W. Dimensioni: 10 cm x 17,5 cm x 10 cm Peso: 1,5 kg Materiale: Paralume, base: argilla porcellanata, pigmento naturale Presa: Metallo Cavo: Tessuto      <\/p>\n<p>Le lampade Edison Vintage Radio sono una creazione originale disegnata e prodotta da Okan G\u00f6kg\u00f6z nel nostro atelier Kulaberlin di Berlino. Il nostro designer si \u00e8 ispirato ai tubi amplificatori degli anni &#8217;50 e &#8217;70. Con questo design di Radio Lamps, il nostro designer ha puntato alla perfezione. Queste lampade includono due lampadine per un meraviglioso effetto di luce vintage per i tuoi interni. L&#8217;interruttore rotante vintage per regolare la luce e l&#8217;interruttore retr\u00f2 creano un contrasto emozionante. Controlla l&#8217;intensit\u00e0 della luce e adattala a ogni momento e luogo. Questa lampada radio pu\u00f2 essere utilizzata in una stanza da letto per creare un&#8217;atmosfera accogliente e donare un&#8217;eleganza speciale alla tua stanza da letto. La luce \u00e8 da 40 W e ha 140 Lumen. \u00c8 perfetta per la lettura o per la meditazione serale. Questa lampada crea una luce tranquilla. Puoi utilizzare questa lampada retr\u00f2 minimal per il tuo salotto o sul tavolo da pranzo, per accompagnare te e i tuoi amici nelle vostre lunghe cene.<br \/>\nQuesta vibrante atmosfera, l&#8217;allegria e il design originale si percepiscono nel modello originale in porcellana. Per un arredamento pi\u00f9 classico, ti piaceranno le lampade radio originali in cemento, disponibili nei colori concrete brut. Per uno stile industriale e originale puoi scegliere il modello patina, la cui ossidazione modificher\u00e0 l&#8217;aspetto della lampada a seconda dell&#8217;umidit\u00e0 della stanza, per un&#8217;immagine sempre attuale. Completa i tuoi interni con questa meravigliosa lampada!            <\/p>\n<p>Tempo di produzione: 1 settimana<\/p>\n","protected":false},"featured_media":16184,"template":"","meta":[],"product_brand":[],"product_cat":[1275,1276],"product_tag":[1273,1284,1279,1277,1283,1281,1282,1280,1494],"class_list":{"0":"post-22532","1":"product","2":"type-product","3":"status-publish","4":"has-post-thumbnail","6":"product_cat-lampada","7":"product_cat-wholesale-it","8":"product_tag-argilla-porcellanata","9":"product_tag-casa-colorata","10":"product_tag-dimmerabile","11":"product_tag-lampada","12":"product_tag-lampadina-edision-vintage","13":"product_tag-made-in-berlin-it","14":"product_tag-minimalista","15":"product_tag-prodotto-in-germania","16":"product_tag-verde-oliva","17":"product_shipping_class-beni-pesanti-2-kg","19":"first","20":"instock","21":"taxable","22":"shipping-taxable","23":"purchasable","24":"product-type-simple"},"jetpack_sharing_enabled":true,"_links":{"self":[{"href":"https:\/\/kulaberlin.com\/it\/wp-json\/wp\/v2\/product\/22532","targetHints":{"allow":["GET"]}}],"collection":[{"href":"https:\/\/kulaberlin.com\/it\/wp-json\/wp\/v2\/product"}],"about":[{"href":"https:\/\/kulaberlin.com\/it\/wp-json\/wp\/v2\/types\/product"}],"wp:featuredmedia":[{"embeddable":true,"href":"https:\/\/kulaberlin.com\/it\/wp-json\/wp\/v2\/media\/16184"}],"wp:attachment":[{"href":"https:\/\/kulaberlin.com\/it\/wp-json\/wp\/v2\/media?parent=22532"}],"wp:term":[{"taxonomy":"product_brand","embeddable":true,"href":"https:\/\/kulaberlin.com\/it\/wp-json\/wp\/v2\/product_brand?post=22532"},{"taxonomy":"product_cat","embeddable":true,"href":"https:\/\/kulaberlin.com\/it\/wp-json\/wp\/v2\/product_cat?post=22532"},{"taxonomy":"product_tag","embeddable":true,"href":"https:\/\/kulaberlin.com\/it\/wp-json\/wp\/v2\/product_tag?post=22532"}],"curies":[{"name":"wp","href":"https:\/\/api.w.org\/{rel}","templated":true}]}}