{"id":22567,"date":"2021-06-14T20:25:02","date_gmt":"2021-06-14T18:25:02","guid":{"rendered":"https:\/\/kulaberlin.com\/product\/raffreddatore-per-vino-e-vaso-granviller\/"},"modified":"2025-07-24T09:05:52","modified_gmt":"2025-07-24T09:05:52","slug":"raffreddatore-per-vino-e-vaso-granviller","status":"publish","type":"product","link":"https:\/\/kulaberlin.com\/it\/product\/raffreddatore-per-vino-e-vaso-granviller\/","title":{"rendered":"Raffreddatore per vino e vaso Granviller"},"content":{"rendered":"<p>Una sorta di misura di rianimazione con cui vuoi preservare l&#8217;atmosfera spensierata delle serate a base di vino in buona compagnia. Il materiale senza tempo del cemento Questi vasi sono perfetti per raffreddare il vino bianco, il Prosecco o il Raki su un tavolo da pranzo. Alla fine dell&#8217;estate, puoi usare questo vaso in cemento per mettere i fiori che hai raccolto e farli seccare, per far durare la calda serata fino alla prossima primavera.  <\/p>\n<p>Le bellissime linee grafiche creano dei riflessi con la luce e il colore cambier\u00e0 leggermente, seguendo l&#8217;intensit\u00e0 della luce solare. Il design \u00e8 stato modellato con una stampante 3D, realizzato in cemento e ricoperto di resina epossidica. Goditi la semplicit\u00e0 e la modernit\u00e0 di questa nuova creazione.  <\/p>\n<p>&nbsp;<\/p>\n<p>&nbsp;<\/p>\n","protected":false},"excerpt":{"rendered":"<p>Una sorta di misura di rianimazione con cui vuoi preservare l&#8217;atmosfera spensierata delle serate a base di vino in buona compagnia. Il materiale senza tempo del cemento Questi vasi sono&hellip;<\/p>\n","protected":false},"featured_media":15071,"template":"","meta":[],"product_brand":[],"product_cat":[899],"product_tag":[],"class_list":{"0":"post-22567","1":"product","2":"type-product","3":"status-publish","4":"has-post-thumbnail","6":"product_cat-art","8":"first","9":"outofstock","10":"taxable","11":"shipping-taxable","12":"purchasable","13":"product-type-variable"},"jetpack_sharing_enabled":true,"_links":{"self":[{"href":"https:\/\/kulaberlin.com\/it\/wp-json\/wp\/v2\/product\/22567","targetHints":{"allow":["GET"]}}],"collection":[{"href":"https:\/\/kulaberlin.com\/it\/wp-json\/wp\/v2\/product"}],"about":[{"href":"https:\/\/kulaberlin.com\/it\/wp-json\/wp\/v2\/types\/product"}],"wp:featuredmedia":[{"embeddable":true,"href":"https:\/\/kulaberlin.com\/it\/wp-json\/wp\/v2\/media\/15071"}],"wp:attachment":[{"href":"https:\/\/kulaberlin.com\/it\/wp-json\/wp\/v2\/media?parent=22567"}],"wp:term":[{"taxonomy":"product_brand","embeddable":true,"href":"https:\/\/kulaberlin.com\/it\/wp-json\/wp\/v2\/product_brand?post=22567"},{"taxonomy":"product_cat","embeddable":true,"href":"https:\/\/kulaberlin.com\/it\/wp-json\/wp\/v2\/product_cat?post=22567"},{"taxonomy":"product_tag","embeddable":true,"href":"https:\/\/kulaberlin.com\/it\/wp-json\/wp\/v2\/product_tag?post=22567"}],"curies":[{"name":"wp","href":"https:\/\/api.w.org\/{rel}","templated":true}]}}