{"id":23076,"date":"2019-10-28T14:04:36","date_gmt":"2019-10-28T14:04:36","guid":{"rendered":"https:\/\/kulaberlin.com\/product\/coperta-a-spina-di-pesce-blu-navy\/"},"modified":"2025-07-26T18:22:05","modified_gmt":"2025-07-26T18:22:05","slug":"coperta-a-spina-di-pesce-blu-navy","status":"publish","type":"product","link":"https:\/\/kulaberlin.com\/it\/product\/coperta-a-spina-di-pesce-blu-navy\/","title":{"rendered":"COPERTA A SPINA DI PESCE BLU NAVY"},"content":{"rendered":"<p>Eleva il tuo rifugio del sonno con la nostra lussuosa coperta in cotone a spina di pesce, progettata per aggiungere un tocco di calore e raffinatezza al tuo ensemble di biancheria da letto. Realizzata con una meticolosa attenzione ai dettagli, questa coperta \u00e8 stata progettata per soddisfare i pi\u00f9 alti standard di qualit\u00e0 e comfort. <\/p>\n<p>Lasciati avvolgere dal morbido abbraccio della nostra coperta in cotone di prima qualit\u00e0, disponibile in una miriade di splendidi colori che si integrano perfettamente con l&#8217;arredamento della camera da letto. Che tu preferisca il classico bianco o un audace tocco di colore, la nostra versatile coperta si integra perfettamente nella tua visione estetica. <\/p>\n<p>Realizzata con una soffice trama a spina di pesce, la nostra coperta non solo valorizza l&#8217;estetica del tuo letto, ma offre anche un ulteriore strato di calore nelle notti pi\u00f9 fredde. Il suo design leggero ma isolante la rende perfetta per essere utilizzata tutto l&#8217;anno, garantendo un comfort senza pari in ogni stagione. <\/p>\n<p>Sia che venga drappeggiata elegantemente sul letto, sia che venga utilizzata come strato aggiuntivo nei mesi pi\u00f9 freddi, la nostra coperta offre una versatilit\u00e0 senza pari. Inoltre, la sua caratteristica di essere lavabile in lavatrice garantisce una facile manutenzione, rendendola una scelta pratica e conveniente per gli stili di vita moderni. <\/p>\n<p>Misura: 220&#215;180 cm<\/p>\n<p>&nbsp;<\/p>\n","protected":false},"excerpt":{"rendered":"<p>Coperta in morbido cotone. Il motivo a spina di pesce \u00e8 un must per chi ama la tessitura moderna. Disponibile in due misure.  <\/p>\n<p>Scopri la storia di chi si nasconde dietro la coperta. Abbiamo incontrato la famiglia durante il nostro viaggio in auto nel 2018. <\/p>\n<p>&nbsp;<\/p>\n","protected":false},"featured_media":13957,"template":"","meta":[],"product_brand":[],"product_cat":[1375,1379],"product_tag":[1377,1376,1378],"class_list":{"0":"post-23076","1":"product","2":"type-product","3":"status-publish","4":"has-post-thumbnail","6":"product_cat-coperta","7":"product_cat-vendita","8":"product_tag-coperta","9":"product_tag-cotone","10":"product_tag-morbido","11":"product_shipping_class-beni-pesanti-2-kg","13":"first","14":"instock","15":"sale","16":"featured","17":"taxable","18":"shipping-taxable","19":"purchasable","20":"product-type-variable"},"jetpack_sharing_enabled":true,"_links":{"self":[{"href":"https:\/\/kulaberlin.com\/it\/wp-json\/wp\/v2\/product\/23076","targetHints":{"allow":["GET"]}}],"collection":[{"href":"https:\/\/kulaberlin.com\/it\/wp-json\/wp\/v2\/product"}],"about":[{"href":"https:\/\/kulaberlin.com\/it\/wp-json\/wp\/v2\/types\/product"}],"wp:featuredmedia":[{"embeddable":true,"href":"https:\/\/kulaberlin.com\/it\/wp-json\/wp\/v2\/media\/13957"}],"wp:attachment":[{"href":"https:\/\/kulaberlin.com\/it\/wp-json\/wp\/v2\/media?parent=23076"}],"wp:term":[{"taxonomy":"product_brand","embeddable":true,"href":"https:\/\/kulaberlin.com\/it\/wp-json\/wp\/v2\/product_brand?post=23076"},{"taxonomy":"product_cat","embeddable":true,"href":"https:\/\/kulaberlin.com\/it\/wp-json\/wp\/v2\/product_cat?post=23076"},{"taxonomy":"product_tag","embeddable":true,"href":"https:\/\/kulaberlin.com\/it\/wp-json\/wp\/v2\/product_tag?post=23076"}],"curies":[{"name":"wp","href":"https:\/\/api.w.org\/{rel}","templated":true}]}}